{"id":1114,"date":"2024-12-03T09:51:54","date_gmt":"2024-12-03T08:51:54","guid":{"rendered":"https:\/\/hafo.amore.raidberry.com\/?page_id=1114"},"modified":"2025-09-17T09:40:39","modified_gmt":"2025-09-17T07:40:39","slug":"zubehor-hilfswinde","status":"publish","type":"page","link":"https:\/\/www.hafo.co.at\/cs\/hilfswinde\/zubehor-hilfswinde\/","title":{"rendered":"Pomocn\u00e9 p\u0159\u00edslu\u0161enstv\u00ed navij\u00e1ku"},"content":{"rendered":"<h1>\n\t\tZubeh\u00f6r f\u00fcr die HAFO Hilfswinde\n\t<\/h1>\n\t<p>F\u00fcr den perfekten Betrieb wird ben\u00f6tigt:<\/p>\n\t\t\t\t<img loading=\"lazy\" decoding=\"async\" src=\"https:\/\/www.hafo.co.at\/wp-content\/uploads\/2025\/01\/Hilfswinde_links_120124.png\" alt=\"Hilfswinde_links_120124\" itemprop=\"image\" height=\"1255\" width=\"586\" title=\"Hilfswinde_links_120124\" onerror=\"this.style.display='none'\"  \/>\n<h3>\n\t\tPomocn\u00fd navij\u00e1k\n\t<\/h3>\n\t<p>Unsere Hilfswinde gibt es in einer LINKS Version und einer RECHTS Version. Bitte w\u00e4hlen Sie diejenige aus, die Ihren Anforderungen besser entspricht.<\/p>\n\t\t\t\t<img loading=\"lazy\" decoding=\"async\" src=\"https:\/\/www.hafo.co.at\/wp-content\/uploads\/2024\/12\/Konsole-Hilsfwinde-web.webp\" alt=\"Konsole Hilsfwinde-web\" itemprop=\"image\" height=\"1200\" width=\"600\" title=\"Konsole Hilsfwinde-web\" onerror=\"this.style.display='none'\"  \/>\n<h3>\n\t\tKonzole\n\t<\/h3>\n\t<p>Unsere Hilfsseilwinden sind dank speziell entwickelter Konsolen mit nahezu allen Winden g\u00e4ngiger Hersteller kompatibel. Nutzen Sie unseren <a href=\"https:\/\/www.hafo.co.at\/cs\/produkt-2\/hilfswinde-komplett-set-konfigurator\/\">Konfigur\u00e1tor<\/a>.<\/p>\n\t\t\t\t<img loading=\"lazy\" decoding=\"async\" src=\"https:\/\/www.hafo.co.at\/wp-content\/uploads\/2024\/12\/hydraulikblock-Hafo-web.webp\" alt=\"hydraulikblock Hafo-web\" itemprop=\"image\" height=\"706\" width=\"602\" title=\"hydraulikblock Hafo-web\" onerror=\"this.style.display='none'\"  \/>\n<h3>\n\t\tHydraulikblock\n\t<\/h3>\n\t<p>Der Hydraulikblock wird vom Tr\u00e4gerfahrzeug mit \u00d6l versorgt und steuert \u00fcber das Magnetventil die Hilfswinde an.<\/p>\n\t\t\t\t<img loading=\"lazy\" decoding=\"async\" src=\"https:\/\/www.hafo.co.at\/wp-content\/uploads\/2024\/12\/Schlauch-hilfswinde-Betrieb-web-small.webp\" alt=\"Schlauch-hilfswinde-Betrieb-web-small\" itemprop=\"image\" height=\"314\" width=\"275\" title=\"Schlauch-hilfswinde-Betrieb-web-small\" onerror=\"this.style.display='none'\"  \/>\n<h3>\n\t\tHydraulikschl\u00e4uche\n\t<\/h3>\n\t<p>Die Hydraulikschl\u00e4uche werden f\u00fcr den sachgem\u00e4\u00dfen Betrieb ben\u00f6tigt.<\/p>\n<p>&nbsp;<\/p>\n\t\t\t\t<img loading=\"lazy\" decoding=\"async\" src=\"https:\/\/www.hafo.co.at\/wp-content\/uploads\/2024\/12\/43mm-350m-Standard-seil-web.webp\" alt=\"43mm-350m-Standard-seil-web\" itemprop=\"image\" height=\"706\" width=\"600\" title=\"43mm-350m-Standard-seil-web\" onerror=\"this.style.display='none'\"  \/>\n<h3>\n\t\tSeil\n\t<\/h3>\n\t<p>Das Kunststoffseil wurde eigens f\u00fcr HAFO Forsttechnik entwickelt und garantiert h\u00f6chsten Bedienkomfort. Andere Seile sollten NICHT verwendet werden. Das Seil kann selbst repariert und gesplei\u00dft werden.<\/p>\n\t\t\t\t<img loading=\"lazy\" decoding=\"async\" src=\"https:\/\/www.hafo.co.at\/wp-content\/uploads\/2024\/12\/Rollenset-web.webp\" alt=\"Rollenset-web\" itemprop=\"image\" height=\"441\" width=\"275\" title=\"Rollenset-web\" onerror=\"this.style.display='none'\"  \/>\n<h3>\n\t\tUmlenkrollenset\n\t<\/h3>\n\t<p>Das Umlenkrollenset besteht aus Umlenkrolle, Bandschlinge und Karabiner.<\/p>\n\t\t\t\t<img loading=\"lazy\" decoding=\"async\" src=\"https:\/\/www.hafo.co.at\/wp-content\/uploads\/2025\/01\/Switchbox.jpg\" alt=\"Switchbox\" itemprop=\"image\" height=\"1667\" width=\"1667\" title=\"Switchbox\" onerror=\"this.style.display='none'\"  \/>\n<h3>\n\t\tSwitchbox\n\t<\/h3>\n\t<p>Wird optional ben\u00f6tigt, falls alle Funktionen besetzt sind.<\/p>\n<p>Sie wird zum Umschalten am Tr\u00e4gerfahrzeug verwendet. Wenn z.B. Gas +\/- belegt ist, kann nach dem Umschalten die Hilfswinde mit dieser Funktion am eigenen Funk betrieben werden.<\/p>","protected":false},"excerpt":{"rendered":"<p>Zubeh\u00f6r f\u00fcr die HAFO Hilfswinde F\u00fcr den perfekten Betrieb wird ben\u00f6tigt: Hilfswinde Unsere Hilfswinde gibt es in einer LINKS Version und einer RECHTS Version. Bitte w\u00e4hlen Sie diejenige aus, die Ihren Anforderungen besser entspricht. Konsole Unsere Hilfsseilwinden sind dank speziell entwickelter Konsolen mit nahezu allen Winden g\u00e4ngiger Hersteller kompatibel. Nutzen Sie unseren Konfigurator. Hydraulikblock Der&hellip;<\/p>","protected":false},"author":2,"featured_media":0,"parent":72,"menu_order":0,"comment_status":"closed","ping_status":"closed","template":"","meta":{"footnotes":""},"class_list":["post-1114","page","type-page","status-publish","hentry"],"yoast_head":"<!-- This site is optimized with the Yoast SEO plugin v27.1.1 - https:\/\/yoast.com\/product\/yoast-seo-wordpress\/ -->\n<title>Zubeh\u00f6r Hilfswinde - HAFO Forsttechnik<\/title>\n<meta name=\"description\" content=\"Umfangreiches Zubeh\u00f6r f\u00fcr die HAFO Hilfsseilwinde. Optimieren Sie Ihre Forstwinde mit der HAFO Hilfsseilwinde zum Ziehen des schweren Stahlseils\" \/>\n<meta name=\"robots\" content=\"index, follow, max-snippet:-1, max-image-preview:large, max-video-preview:-1\" \/>\n<link rel=\"canonical\" href=\"https:\/\/www.hafo.co.at\/cs\/hilfswinde\/zubehor-hilfswinde\/\" \/>\n<meta property=\"og:locale\" content=\"cs_CZ\" \/>\n<meta property=\"og:type\" content=\"article\" \/>\n<meta property=\"og:title\" content=\"Zubeh\u00f6r Hilfswinde - HAFO Forsttechnik\" \/>\n<meta property=\"og:description\" content=\"Umfangreiches Zubeh\u00f6r f\u00fcr die HAFO Hilfsseilwinde. Optimieren Sie Ihre Forstwinde mit der HAFO Hilfsseilwinde zum Ziehen des schweren Stahlseils\" \/>\n<meta property=\"og:url\" content=\"https:\/\/www.hafo.co.at\/cs\/hilfswinde\/zubehor-hilfswinde\/\" \/>\n<meta property=\"og:site_name\" content=\"HAFO Forsttechnik\" \/>\n<meta property=\"article:publisher\" content=\"https:\/\/www.facebook.com\/p\/HAFO-100064275891778\/?locale=de_DE\" \/>\n<meta property=\"article:modified_time\" content=\"2025-09-17T07:40:39+00:00\" \/>\n<meta property=\"og:image\" content=\"https:\/\/www.hafo.co.at\/wp-content\/uploads\/2025\/01\/Hilfswinde_links_120124.png\" \/>\n<meta name=\"twitter:card\" content=\"summary_large_image\" \/>\n<script type=\"application\/ld+json\" class=\"yoast-schema-graph\">{\"@context\":\"https:\/\/schema.org\",\"@graph\":[{\"@type\":\"WebPage\",\"@id\":\"https:\/\/www.hafo.co.at\/hilfswinde\/zubehor-hilfswinde\/\",\"url\":\"https:\/\/www.hafo.co.at\/hilfswinde\/zubehor-hilfswinde\/\",\"name\":\"Zubeh\u00f6r Hilfswinde - HAFO Forsttechnik\",\"isPartOf\":{\"@id\":\"https:\/\/www.hafo.co.at\/#website\"},\"primaryImageOfPage\":{\"@id\":\"https:\/\/www.hafo.co.at\/hilfswinde\/zubehor-hilfswinde\/#primaryimage\"},\"image\":{\"@id\":\"https:\/\/www.hafo.co.at\/hilfswinde\/zubehor-hilfswinde\/#primaryimage\"},\"thumbnailUrl\":\"https:\/\/www.hafo.co.at\/wp-content\/uploads\/2025\/01\/Hilfswinde_links_120124.png\",\"datePublished\":\"2024-12-03T08:51:54+00:00\",\"dateModified\":\"2025-09-17T07:40:39+00:00\",\"description\":\"Umfangreiches Zubeh\u00f6r f\u00fcr die HAFO Hilfsseilwinde. Optimieren Sie Ihre Forstwinde mit der HAFO Hilfsseilwinde zum Ziehen des schweren Stahlseils\",\"breadcrumb\":{\"@id\":\"https:\/\/www.hafo.co.at\/hilfswinde\/zubehor-hilfswinde\/#breadcrumb\"},\"inLanguage\":\"cs\",\"potentialAction\":[{\"@type\":\"ReadAction\",\"target\":[\"https:\/\/www.hafo.co.at\/hilfswinde\/zubehor-hilfswinde\/\"]}]},{\"@type\":\"ImageObject\",\"inLanguage\":\"cs\",\"@id\":\"https:\/\/www.hafo.co.at\/hilfswinde\/zubehor-hilfswinde\/#primaryimage\",\"url\":\"https:\/\/www.hafo.co.at\/wp-content\/uploads\/2025\/01\/Hilfswinde_links_120124.png\",\"contentUrl\":\"https:\/\/www.hafo.co.at\/wp-content\/uploads\/2025\/01\/Hilfswinde_links_120124.png\"},{\"@type\":\"BreadcrumbList\",\"@id\":\"https:\/\/www.hafo.co.at\/hilfswinde\/zubehor-hilfswinde\/#breadcrumb\",\"itemListElement\":[{\"@type\":\"ListItem\",\"position\":1,\"name\":\"Startseite\",\"item\":\"https:\/\/www.hafo.co.at\/\"},{\"@type\":\"ListItem\",\"position\":2,\"name\":\"Hilfswinde\",\"item\":\"https:\/\/www.hafo.co.at\/hilfswinde\/\"},{\"@type\":\"ListItem\",\"position\":3,\"name\":\"Zubeh\u00f6r Hilfswinde\"}]},{\"@type\":\"WebSite\",\"@id\":\"https:\/\/www.hafo.co.at\/#website\",\"url\":\"https:\/\/www.hafo.co.at\/\",\"name\":\"HAFO Forsttechnik\",\"description\":\"HAFO Hilfswinden HAFO Sapiwinden, aus Tradition in die Zukunft\",\"publisher\":{\"@id\":\"https:\/\/www.hafo.co.at\/#organization\"},\"alternateName\":\"Haselsteiner Forsttechnik\",\"potentialAction\":[{\"@type\":\"SearchAction\",\"target\":{\"@type\":\"EntryPoint\",\"urlTemplate\":\"https:\/\/www.hafo.co.at\/?s={search_term_string}\"},\"query-input\":{\"@type\":\"PropertyValueSpecification\",\"valueRequired\":true,\"valueName\":\"search_term_string\"}}],\"inLanguage\":\"cs\"},{\"@type\":\"Organization\",\"@id\":\"https:\/\/www.hafo.co.at\/#organization\",\"name\":\"HAFO Forsttechnik\",\"url\":\"https:\/\/www.hafo.co.at\/\",\"logo\":{\"@type\":\"ImageObject\",\"inLanguage\":\"cs\",\"@id\":\"https:\/\/www.hafo.co.at\/#\/schema\/logo\/image\/\",\"url\":\"https:\/\/www.hafo.co.at\/wp-content\/uploads\/2025\/01\/Icon.png\",\"contentUrl\":\"https:\/\/www.hafo.co.at\/wp-content\/uploads\/2025\/01\/Icon.png\",\"width\":1080,\"height\":1080,\"caption\":\"HAFO Forsttechnik\"},\"image\":{\"@id\":\"https:\/\/www.hafo.co.at\/#\/schema\/logo\/image\/\"},\"sameAs\":[\"https:\/\/www.facebook.com\/p\/HAFO-100064275891778\/?locale=de_DE\",\"https:\/\/www.instagram.com\/hafo.haselsteiner\/\",\"https:\/\/www.youtube.com\/channel\/UCOJhfhsB-vUuG8v6kAf_HEQ\/videos\",\"https:\/\/www.tiktok.com\/@haselsteiner\"]}]}<\/script>\n<!-- \/ Yoast SEO plugin. -->","yoast_head_json":{"title":"Zubeh\u00f6r Hilfswinde - HAFO Forsttechnik","description":"Umfangreiches Zubeh\u00f6r f\u00fcr die HAFO Hilfsseilwinde. Optimieren Sie Ihre Forstwinde mit der HAFO Hilfsseilwinde zum Ziehen des schweren Stahlseils","robots":{"index":"index","follow":"follow","max-snippet":"max-snippet:-1","max-image-preview":"max-image-preview:large","max-video-preview":"max-video-preview:-1"},"canonical":"https:\/\/www.hafo.co.at\/cs\/hilfswinde\/zubehor-hilfswinde\/","og_locale":"cs_CZ","og_type":"article","og_title":"Zubeh\u00f6r Hilfswinde - HAFO Forsttechnik","og_description":"Umfangreiches Zubeh\u00f6r f\u00fcr die HAFO Hilfsseilwinde. Optimieren Sie Ihre Forstwinde mit der HAFO Hilfsseilwinde zum Ziehen des schweren Stahlseils","og_url":"https:\/\/www.hafo.co.at\/cs\/hilfswinde\/zubehor-hilfswinde\/","og_site_name":"HAFO Forsttechnik","article_publisher":"https:\/\/www.facebook.com\/p\/HAFO-100064275891778\/?locale=de_DE","article_modified_time":"2025-09-17T07:40:39+00:00","og_image":[{"url":"https:\/\/www.hafo.co.at\/wp-content\/uploads\/2025\/01\/Hilfswinde_links_120124.png","type":"","width":"","height":""}],"twitter_card":"summary_large_image","schema":{"@context":"https:\/\/schema.org","@graph":[{"@type":"WebPage","@id":"https:\/\/www.hafo.co.at\/hilfswinde\/zubehor-hilfswinde\/","url":"https:\/\/www.hafo.co.at\/hilfswinde\/zubehor-hilfswinde\/","name":"Zubeh\u00f6r Hilfswinde - HAFO Forsttechnik","isPartOf":{"@id":"https:\/\/www.hafo.co.at\/#website"},"primaryImageOfPage":{"@id":"https:\/\/www.hafo.co.at\/hilfswinde\/zubehor-hilfswinde\/#primaryimage"},"image":{"@id":"https:\/\/www.hafo.co.at\/hilfswinde\/zubehor-hilfswinde\/#primaryimage"},"thumbnailUrl":"https:\/\/www.hafo.co.at\/wp-content\/uploads\/2025\/01\/Hilfswinde_links_120124.png","datePublished":"2024-12-03T08:51:54+00:00","dateModified":"2025-09-17T07:40:39+00:00","description":"Umfangreiches Zubeh\u00f6r f\u00fcr die HAFO Hilfsseilwinde. Optimieren Sie Ihre Forstwinde mit der HAFO Hilfsseilwinde zum Ziehen des schweren Stahlseils","breadcrumb":{"@id":"https:\/\/www.hafo.co.at\/hilfswinde\/zubehor-hilfswinde\/#breadcrumb"},"inLanguage":"cs","potentialAction":[{"@type":"ReadAction","target":["https:\/\/www.hafo.co.at\/hilfswinde\/zubehor-hilfswinde\/"]}]},{"@type":"ImageObject","inLanguage":"cs","@id":"https:\/\/www.hafo.co.at\/hilfswinde\/zubehor-hilfswinde\/#primaryimage","url":"https:\/\/www.hafo.co.at\/wp-content\/uploads\/2025\/01\/Hilfswinde_links_120124.png","contentUrl":"https:\/\/www.hafo.co.at\/wp-content\/uploads\/2025\/01\/Hilfswinde_links_120124.png"},{"@type":"BreadcrumbList","@id":"https:\/\/www.hafo.co.at\/hilfswinde\/zubehor-hilfswinde\/#breadcrumb","itemListElement":[{"@type":"ListItem","position":1,"name":"Startseite","item":"https:\/\/www.hafo.co.at\/"},{"@type":"ListItem","position":2,"name":"Hilfswinde","item":"https:\/\/www.hafo.co.at\/hilfswinde\/"},{"@type":"ListItem","position":3,"name":"Zubeh\u00f6r Hilfswinde"}]},{"@type":"WebSite","@id":"https:\/\/www.hafo.co.at\/#website","url":"https:\/\/www.hafo.co.at\/","name":"Lesnick\u00e1 technologie HAFO","description":"HAFO Hilfswinden HAFO Sapiwinden, aus Tradition in die Zukunft","publisher":{"@id":"https:\/\/www.hafo.co.at\/#organization"},"alternateName":"Haselsteiner Forsttechnik","potentialAction":[{"@type":"SearchAction","target":{"@type":"EntryPoint","urlTemplate":"https:\/\/www.hafo.co.at\/?s={search_term_string}"},"query-input":{"@type":"PropertyValueSpecification","valueRequired":true,"valueName":"search_term_string"}}],"inLanguage":"cs"},{"@type":"Organization","@id":"https:\/\/www.hafo.co.at\/#organization","name":"Lesnick\u00e1 technologie HAFO","url":"https:\/\/www.hafo.co.at\/","logo":{"@type":"ImageObject","inLanguage":"cs","@id":"https:\/\/www.hafo.co.at\/#\/schema\/logo\/image\/","url":"https:\/\/www.hafo.co.at\/wp-content\/uploads\/2025\/01\/Icon.png","contentUrl":"https:\/\/www.hafo.co.at\/wp-content\/uploads\/2025\/01\/Icon.png","width":1080,"height":1080,"caption":"HAFO Forsttechnik"},"image":{"@id":"https:\/\/www.hafo.co.at\/#\/schema\/logo\/image\/"},"sameAs":["https:\/\/www.facebook.com\/p\/HAFO-100064275891778\/?locale=de_DE","https:\/\/www.instagram.com\/hafo.haselsteiner\/","https:\/\/www.youtube.com\/channel\/UCOJhfhsB-vUuG8v6kAf_HEQ\/videos","https:\/\/www.tiktok.com\/@haselsteiner"]}]}},"_links":{"self":[{"href":"https:\/\/www.hafo.co.at\/cs\/wp-json\/wp\/v2\/pages\/1114","targetHints":{"allow":["GET"]}}],"collection":[{"href":"https:\/\/www.hafo.co.at\/cs\/wp-json\/wp\/v2\/pages"}],"about":[{"href":"https:\/\/www.hafo.co.at\/cs\/wp-json\/wp\/v2\/types\/page"}],"author":[{"embeddable":true,"href":"https:\/\/www.hafo.co.at\/cs\/wp-json\/wp\/v2\/users\/2"}],"replies":[{"embeddable":true,"href":"https:\/\/www.hafo.co.at\/cs\/wp-json\/wp\/v2\/comments?post=1114"}],"version-history":[{"count":1,"href":"https:\/\/www.hafo.co.at\/cs\/wp-json\/wp\/v2\/pages\/1114\/revisions"}],"predecessor-version":[{"id":4180,"href":"https:\/\/www.hafo.co.at\/cs\/wp-json\/wp\/v2\/pages\/1114\/revisions\/4180"}],"up":[{"embeddable":true,"href":"https:\/\/www.hafo.co.at\/cs\/wp-json\/wp\/v2\/pages\/72"}],"wp:attachment":[{"href":"https:\/\/www.hafo.co.at\/cs\/wp-json\/wp\/v2\/media?parent=1114"}],"curies":[{"name":"wp","href":"https:\/\/api.w.org\/{rel}","templated":true}]}}