{"id":1539,"date":"2025-01-14T12:41:20","date_gmt":"2025-01-14T11:41:20","guid":{"rendered":"https:\/\/hafo.amore.raidberry.com\/?page_id=1539"},"modified":"2025-09-17T10:58:04","modified_gmt":"2025-09-17T08:58:04","slug":"uber-uns","status":"publish","type":"page","link":"https:\/\/www.hafo.co.at\/cs\/home\/uber-uns\/","title":{"rendered":"O n\u00e1s"},"content":{"rendered":"<h1>\n\t\tO n\u00e1s\n\t<\/h1>\n\t<p>Z tradice do budoucnosti<\/p>\n\t<h3>P\u016fvod a my\u0161lenka<\/h3>\n<p>Brat\u0159i Wolfgang, Ulrich, Richard a Josef Haselsteinerovi jsou lesn\u00ed d\u011bln\u00edci ji\u017e ve t\u0159et\u00ed generaci a vyr\u016fstali p\u0159i pr\u00e1ci sv\u00e9ho otce v lese. Na z\u00e1klad\u011b vlastn\u00edch zku\u0161enost\u00ed s n\u00e1ro\u010dnost\u00ed t\u011b\u017eby d\u0159eva p\u0159i\u0161li tito \u010dty\u0159i vyn\u00e1lezci s n\u00e1padem, jak lesn\u00ed pr\u00e1ci zefektivnit a u\u010dinit ji ergonomi\u010dt\u011bj\u0161\u00ed.<\/p>\n\t<h3>Zji\u0161t\u011bna mezera na trhu<\/h3>\n<p>Brat\u0159i si uv\u011bdomuj\u00ed potenci\u00e1l hydraulick\u00fdch pomocn\u00fdch navij\u00e1k\u016f a za\u010d\u00ednaj\u00ed s v\u00fdvojem prototyp\u016f, kter\u00e9 spl\u0148uj\u00ed po\u017eadavky lesn\u00edho hospod\u00e1\u0159stv\u00ed.<\/p>\n\t<p>2016<\/p>\n\t<h3>Zalo\u017een\u00ed spole\u010dnosti HAFO GmbH<\/h3>\n<p>Brat\u0159i spojili sv\u00e9 podniky a zalo\u017eili spole\u010dnost HAFO GmbH. T\u00edmto krokem spojili sv\u00e9 znalosti a zdroje, aby mohli vyv\u00edjet inovativn\u00ed lesn\u00ed techniku.<\/p>\n<h4>Pr\u016fkopnick\u00e1 pr\u00e1ce v Ybbsitzu<\/h4>\n<p>Spole\u010dnost HAFO dodnes v p\u0159\u00edstavb\u011b sv\u00e9ho rodn\u00e9ho domu v Ybbsitzu \u00fasp\u011b\u0161n\u011b vyv\u00edj\u00ed a prod\u00e1v\u00e1 sv\u00e9 prvn\u00ed hydraulicky poh\u00e1n\u011bn\u00e9 pomocn\u00e9 navij\u00e1ky. Ty se vyzna\u010duj\u00ed univerz\u00e1lnost\u00ed a snadnou mont\u00e1\u017e\u00ed. Lze je pou\u017e\u00edvat na vozidlech, jako jsou traktory, vyv\u00e1\u017eec\u00ed stroje a harvestory, a p\u0159in\u00e1\u0161ej\u00ed revoluci do lesn\u00edch prac\u00ed.<\/p>\n\t<p>2021<\/p>\n\t<h3>Pl\u00e1ny expanze<\/h3>\n<p>Spole\u010dnost HAFO kupuje pozemek o rozloze 7 409 metr\u016f \u010dtvere\u010dn\u00edch v pr\u016fmyslov\u00e9m parku Kreilhof ve Waidhofenu an der Ybbs v Doln\u00edm Rakousku. Nov\u00e1 lokalita nab\u00edz\u00ed prostor pro expanzi, servis a modern\u00ed mont\u00e1\u017e.<\/p>\n\t\t\t\t<img loading=\"lazy\" decoding=\"async\" src=\"https:\/\/www.hafo.co.at\/wp-content\/uploads\/2024\/12\/Unterzeichnung-HAFO-Firmengebaude-Kreilhof.jpg\" alt=\"Unterzeichnung-HAFO-Firmengeb\u00e4ude-Kreilhof\" itemprop=\"image\" height=\"366\" width=\"650\" title=\"Unterzeichnung-HAFO-Firmengeb\u00e4ude-Kreilhof\" onerror=\"this.style.display='none'\"  \/>\n\t<p>2023<\/p>\n\t<h3>Nov\u00e9 s\u00eddlo spole\u010dnosti<\/h3>\n<p>Vznik\u00e1 modern\u00ed v\u00fdrobn\u00ed a skladov\u00e1 hala o rozloze 1 500 metr\u016f \u010dtvere\u010dn\u00edch. Spole\u010dnost HAFO p\u0159esouv\u00e1 sv\u00e9 s\u00eddlo na nov\u00e9 m\u00edsto, aby mohla uspokojit rostouc\u00ed popt\u00e1vku.<\/p>\n\t<p>2024<\/p>\n\t<h3>R\u016fst a internacionalizace<\/h3>\n<p>Spole\u010dnost HAFO zaji\u0161\u0165uje v Rakousku prodej a servis p\u0159\u00eddavn\u00fdch lanov\u00fdch navij\u00e1k\u016f firmy Ritter z \u010cern\u00e9ho lesa.<\/p>\n<p>Spole\u010dnost zam\u011bstn\u00e1v\u00e1 dvan\u00e1ct zam\u011bstnanc\u016f a sv\u00e9 v\u00fdrobky vyv\u00e1\u017e\u00ed do cel\u00e9ho sv\u011bta, mimo jin\u00e9 do Ji\u017en\u00ed Koreje, na Tchaj-wan a do Japonska.<\/p>\n<p>Tyto produkty, jako nap\u0159\u00edklad p\u0159enosn\u00fd navij\u00e1k SAPI, ud\u00e1vaj\u00ed v oboru nov\u00fd standard. Navij\u00e1k je univerz\u00e1ln\u00ed, snadno ovladateln\u00fd a je k dispozici s r\u016fzn\u00fdmi syst\u00e9my ovl\u00e1d\u00e1n\u00ed (ru\u010dn\u00ed, elektrick\u00e9 nebo bezdr\u00e1tov\u00e9).<\/p>\n\t\t\t\t<img loading=\"lazy\" decoding=\"async\" src=\"https:\/\/www.hafo.co.at\/wp-content\/uploads\/2024\/12\/Ritter-Seilwinden_HAFO.jpg\" alt=\"Ritter-Seilwinden_HAFO\" itemprop=\"image\" height=\"922\" width=\"1386\" title=\"Ritter-Seilwinden_HAFO\" onerror=\"this.style.display='none'\"  \/>","protected":false},"excerpt":{"rendered":"<p>\u00dcber uns Aus Tradition in die Zukunft. Herkunft und Idee Die Br\u00fcder Wolfgang, Ulrich, Richard und Josef Haselsteiner sind Forstarbeiter in der dritten Generation und wuchsen mit der Forstarbeit ihres Vaters auf. Aus eigener Erfahrung mit den Herausforderungen der schweren Holzernte entwickeln die vier T\u00fcftler eine Idee, die Forstarbeit effizienter und ergonomischer zu gestalten. Marktl\u00fccke&hellip;<\/p>","protected":false},"author":2,"featured_media":0,"parent":14,"menu_order":0,"comment_status":"closed","ping_status":"closed","template":"","meta":{"footnotes":""},"class_list":["post-1539","page","type-page","status-publish","hentry"],"yoast_head":"<!-- This site is optimized with the Yoast SEO plugin v27.1.1 - https:\/\/yoast.com\/product\/yoast-seo-wordpress\/ -->\n<title>\u00dcber uns - HAFO Forsttechnik<\/title>\n<meta name=\"description\" content=\"Lernen Sie mehr \u00fcber die Gebr\u00fcder Haselsteiner, die Gr\u00fcnder der HAFO und Erfinder der Hilfsseilwinde. Optimieren Sie Ihre Forstwinde mit der HAFO Hilfsseilwinde zum Ziehen des schweren Stahlseil\" \/>\n<meta name=\"robots\" content=\"index, follow, max-snippet:-1, max-image-preview:large, max-video-preview:-1\" \/>\n<link rel=\"canonical\" href=\"https:\/\/www.hafo.co.at\/cs\/home\/uber-uns\/\" \/>\n<meta property=\"og:locale\" content=\"cs_CZ\" \/>\n<meta property=\"og:type\" content=\"article\" \/>\n<meta property=\"og:title\" content=\"\u00dcber uns - HAFO Forsttechnik\" \/>\n<meta property=\"og:description\" content=\"Lernen Sie mehr \u00fcber die Gebr\u00fcder Haselsteiner, die Gr\u00fcnder der HAFO und Erfinder der Hilfsseilwinde. Optimieren Sie Ihre Forstwinde mit der HAFO Hilfsseilwinde zum Ziehen des schweren Stahlseil\" \/>\n<meta property=\"og:url\" content=\"https:\/\/www.hafo.co.at\/cs\/home\/uber-uns\/\" \/>\n<meta property=\"og:site_name\" content=\"HAFO Forsttechnik\" \/>\n<meta property=\"article:publisher\" content=\"https:\/\/www.facebook.com\/p\/HAFO-100064275891778\/?locale=de_DE\" \/>\n<meta property=\"article:modified_time\" content=\"2025-09-17T08:58:04+00:00\" \/>\n<meta property=\"og:image\" content=\"https:\/\/www.hafo.co.at\/wp-content\/uploads\/2024\/12\/Unterzeichnung-HAFO-Firmengebaude-Kreilhof.jpg\" \/>\n<meta name=\"twitter:card\" content=\"summary_large_image\" \/>\n<script type=\"application\/ld+json\" class=\"yoast-schema-graph\">{\"@context\":\"https:\/\/schema.org\",\"@graph\":[{\"@type\":\"WebPage\",\"@id\":\"https:\/\/www.hafo.co.at\/home\/uber-uns\/\",\"url\":\"https:\/\/www.hafo.co.at\/home\/uber-uns\/\",\"name\":\"\u00dcber uns - HAFO Forsttechnik\",\"isPartOf\":{\"@id\":\"https:\/\/www.hafo.co.at\/#website\"},\"primaryImageOfPage\":{\"@id\":\"https:\/\/www.hafo.co.at\/home\/uber-uns\/#primaryimage\"},\"image\":{\"@id\":\"https:\/\/www.hafo.co.at\/home\/uber-uns\/#primaryimage\"},\"thumbnailUrl\":\"https:\/\/www.hafo.co.at\/wp-content\/uploads\/2024\/12\/Unterzeichnung-HAFO-Firmengebaude-Kreilhof.jpg\",\"datePublished\":\"2025-01-14T11:41:20+00:00\",\"dateModified\":\"2025-09-17T08:58:04+00:00\",\"description\":\"Lernen Sie mehr \u00fcber die Gebr\u00fcder Haselsteiner, die Gr\u00fcnder der HAFO und Erfinder der Hilfsseilwinde. Optimieren Sie Ihre Forstwinde mit der HAFO Hilfsseilwinde zum Ziehen des schweren Stahlseil\",\"breadcrumb\":{\"@id\":\"https:\/\/www.hafo.co.at\/home\/uber-uns\/#breadcrumb\"},\"inLanguage\":\"cs\",\"potentialAction\":[{\"@type\":\"ReadAction\",\"target\":[\"https:\/\/www.hafo.co.at\/home\/uber-uns\/\"]}]},{\"@type\":\"ImageObject\",\"inLanguage\":\"cs\",\"@id\":\"https:\/\/www.hafo.co.at\/home\/uber-uns\/#primaryimage\",\"url\":\"https:\/\/www.hafo.co.at\/wp-content\/uploads\/2024\/12\/Unterzeichnung-HAFO-Firmengebaude-Kreilhof.jpg\",\"contentUrl\":\"https:\/\/www.hafo.co.at\/wp-content\/uploads\/2024\/12\/Unterzeichnung-HAFO-Firmengebaude-Kreilhof.jpg\"},{\"@type\":\"BreadcrumbList\",\"@id\":\"https:\/\/www.hafo.co.at\/home\/uber-uns\/#breadcrumb\",\"itemListElement\":[{\"@type\":\"ListItem\",\"position\":1,\"name\":\"Startseite\",\"item\":\"https:\/\/www.hafo.co.at\/\"},{\"@type\":\"ListItem\",\"position\":2,\"name\":\"Home\",\"item\":\"https:\/\/www.hafo.co.at\/\"},{\"@type\":\"ListItem\",\"position\":3,\"name\":\"\u00dcber uns\"}]},{\"@type\":\"WebSite\",\"@id\":\"https:\/\/www.hafo.co.at\/#website\",\"url\":\"https:\/\/www.hafo.co.at\/\",\"name\":\"HAFO Forsttechnik\",\"description\":\"HAFO Hilfswinden HAFO Sapiwinden, aus Tradition in die Zukunft\",\"publisher\":{\"@id\":\"https:\/\/www.hafo.co.at\/#organization\"},\"alternateName\":\"Haselsteiner Forsttechnik\",\"potentialAction\":[{\"@type\":\"SearchAction\",\"target\":{\"@type\":\"EntryPoint\",\"urlTemplate\":\"https:\/\/www.hafo.co.at\/?s={search_term_string}\"},\"query-input\":{\"@type\":\"PropertyValueSpecification\",\"valueRequired\":true,\"valueName\":\"search_term_string\"}}],\"inLanguage\":\"cs\"},{\"@type\":\"Organization\",\"@id\":\"https:\/\/www.hafo.co.at\/#organization\",\"name\":\"HAFO Forsttechnik\",\"url\":\"https:\/\/www.hafo.co.at\/\",\"logo\":{\"@type\":\"ImageObject\",\"inLanguage\":\"cs\",\"@id\":\"https:\/\/www.hafo.co.at\/#\/schema\/logo\/image\/\",\"url\":\"https:\/\/www.hafo.co.at\/wp-content\/uploads\/2025\/01\/Icon.png\",\"contentUrl\":\"https:\/\/www.hafo.co.at\/wp-content\/uploads\/2025\/01\/Icon.png\",\"width\":1080,\"height\":1080,\"caption\":\"HAFO Forsttechnik\"},\"image\":{\"@id\":\"https:\/\/www.hafo.co.at\/#\/schema\/logo\/image\/\"},\"sameAs\":[\"https:\/\/www.facebook.com\/p\/HAFO-100064275891778\/?locale=de_DE\",\"https:\/\/www.instagram.com\/hafo.haselsteiner\/\",\"https:\/\/www.youtube.com\/channel\/UCOJhfhsB-vUuG8v6kAf_HEQ\/videos\",\"https:\/\/www.tiktok.com\/@haselsteiner\"]}]}<\/script>\n<!-- \/ Yoast SEO plugin. -->","yoast_head_json":{"title":"\u00dcber uns - HAFO Forsttechnik","description":"Lernen Sie mehr \u00fcber die Gebr\u00fcder Haselsteiner, die Gr\u00fcnder der HAFO und Erfinder der Hilfsseilwinde. Optimieren Sie Ihre Forstwinde mit der HAFO Hilfsseilwinde zum Ziehen des schweren Stahlseil","robots":{"index":"index","follow":"follow","max-snippet":"max-snippet:-1","max-image-preview":"max-image-preview:large","max-video-preview":"max-video-preview:-1"},"canonical":"https:\/\/www.hafo.co.at\/cs\/home\/uber-uns\/","og_locale":"cs_CZ","og_type":"article","og_title":"\u00dcber uns - HAFO Forsttechnik","og_description":"Lernen Sie mehr \u00fcber die Gebr\u00fcder Haselsteiner, die Gr\u00fcnder der HAFO und Erfinder der Hilfsseilwinde. Optimieren Sie Ihre Forstwinde mit der HAFO Hilfsseilwinde zum Ziehen des schweren Stahlseil","og_url":"https:\/\/www.hafo.co.at\/cs\/home\/uber-uns\/","og_site_name":"HAFO Forsttechnik","article_publisher":"https:\/\/www.facebook.com\/p\/HAFO-100064275891778\/?locale=de_DE","article_modified_time":"2025-09-17T08:58:04+00:00","og_image":[{"url":"https:\/\/www.hafo.co.at\/wp-content\/uploads\/2024\/12\/Unterzeichnung-HAFO-Firmengebaude-Kreilhof.jpg","type":"","width":"","height":""}],"twitter_card":"summary_large_image","schema":{"@context":"https:\/\/schema.org","@graph":[{"@type":"WebPage","@id":"https:\/\/www.hafo.co.at\/home\/uber-uns\/","url":"https:\/\/www.hafo.co.at\/home\/uber-uns\/","name":"\u00dcber uns - HAFO Forsttechnik","isPartOf":{"@id":"https:\/\/www.hafo.co.at\/#website"},"primaryImageOfPage":{"@id":"https:\/\/www.hafo.co.at\/home\/uber-uns\/#primaryimage"},"image":{"@id":"https:\/\/www.hafo.co.at\/home\/uber-uns\/#primaryimage"},"thumbnailUrl":"https:\/\/www.hafo.co.at\/wp-content\/uploads\/2024\/12\/Unterzeichnung-HAFO-Firmengebaude-Kreilhof.jpg","datePublished":"2025-01-14T11:41:20+00:00","dateModified":"2025-09-17T08:58:04+00:00","description":"Lernen Sie mehr \u00fcber die Gebr\u00fcder Haselsteiner, die Gr\u00fcnder der HAFO und Erfinder der Hilfsseilwinde. Optimieren Sie Ihre Forstwinde mit der HAFO Hilfsseilwinde zum Ziehen des schweren Stahlseil","breadcrumb":{"@id":"https:\/\/www.hafo.co.at\/home\/uber-uns\/#breadcrumb"},"inLanguage":"cs","potentialAction":[{"@type":"ReadAction","target":["https:\/\/www.hafo.co.at\/home\/uber-uns\/"]}]},{"@type":"ImageObject","inLanguage":"cs","@id":"https:\/\/www.hafo.co.at\/home\/uber-uns\/#primaryimage","url":"https:\/\/www.hafo.co.at\/wp-content\/uploads\/2024\/12\/Unterzeichnung-HAFO-Firmengebaude-Kreilhof.jpg","contentUrl":"https:\/\/www.hafo.co.at\/wp-content\/uploads\/2024\/12\/Unterzeichnung-HAFO-Firmengebaude-Kreilhof.jpg"},{"@type":"BreadcrumbList","@id":"https:\/\/www.hafo.co.at\/home\/uber-uns\/#breadcrumb","itemListElement":[{"@type":"ListItem","position":1,"name":"Startseite","item":"https:\/\/www.hafo.co.at\/"},{"@type":"ListItem","position":2,"name":"Home","item":"https:\/\/www.hafo.co.at\/"},{"@type":"ListItem","position":3,"name":"\u00dcber uns"}]},{"@type":"WebSite","@id":"https:\/\/www.hafo.co.at\/#website","url":"https:\/\/www.hafo.co.at\/","name":"Lesnick\u00e1 technologie HAFO","description":"HAFO Hilfswinden HAFO Sapiwinden, aus Tradition in die Zukunft","publisher":{"@id":"https:\/\/www.hafo.co.at\/#organization"},"alternateName":"Haselsteiner Forsttechnik","potentialAction":[{"@type":"SearchAction","target":{"@type":"EntryPoint","urlTemplate":"https:\/\/www.hafo.co.at\/?s={search_term_string}"},"query-input":{"@type":"PropertyValueSpecification","valueRequired":true,"valueName":"search_term_string"}}],"inLanguage":"cs"},{"@type":"Organization","@id":"https:\/\/www.hafo.co.at\/#organization","name":"Lesnick\u00e1 technologie HAFO","url":"https:\/\/www.hafo.co.at\/","logo":{"@type":"ImageObject","inLanguage":"cs","@id":"https:\/\/www.hafo.co.at\/#\/schema\/logo\/image\/","url":"https:\/\/www.hafo.co.at\/wp-content\/uploads\/2025\/01\/Icon.png","contentUrl":"https:\/\/www.hafo.co.at\/wp-content\/uploads\/2025\/01\/Icon.png","width":1080,"height":1080,"caption":"HAFO Forsttechnik"},"image":{"@id":"https:\/\/www.hafo.co.at\/#\/schema\/logo\/image\/"},"sameAs":["https:\/\/www.facebook.com\/p\/HAFO-100064275891778\/?locale=de_DE","https:\/\/www.instagram.com\/hafo.haselsteiner\/","https:\/\/www.youtube.com\/channel\/UCOJhfhsB-vUuG8v6kAf_HEQ\/videos","https:\/\/www.tiktok.com\/@haselsteiner"]}]}},"_links":{"self":[{"href":"https:\/\/www.hafo.co.at\/cs\/wp-json\/wp\/v2\/pages\/1539","targetHints":{"allow":["GET"]}}],"collection":[{"href":"https:\/\/www.hafo.co.at\/cs\/wp-json\/wp\/v2\/pages"}],"about":[{"href":"https:\/\/www.hafo.co.at\/cs\/wp-json\/wp\/v2\/types\/page"}],"author":[{"embeddable":true,"href":"https:\/\/www.hafo.co.at\/cs\/wp-json\/wp\/v2\/users\/2"}],"replies":[{"embeddable":true,"href":"https:\/\/www.hafo.co.at\/cs\/wp-json\/wp\/v2\/comments?post=1539"}],"version-history":[{"count":1,"href":"https:\/\/www.hafo.co.at\/cs\/wp-json\/wp\/v2\/pages\/1539\/revisions"}],"predecessor-version":[{"id":4182,"href":"https:\/\/www.hafo.co.at\/cs\/wp-json\/wp\/v2\/pages\/1539\/revisions\/4182"}],"up":[{"embeddable":true,"href":"https:\/\/www.hafo.co.at\/cs\/wp-json\/wp\/v2\/pages\/14"}],"wp:attachment":[{"href":"https:\/\/www.hafo.co.at\/cs\/wp-json\/wp\/v2\/media?parent=1539"}],"curies":[{"name":"wp","href":"https:\/\/api.w.org\/{rel}","templated":true}]}}