{"id":2443,"date":"2025-03-17T15:20:12","date_gmt":"2025-03-17T14:20:12","guid":{"rendered":"https:\/\/www.hafo.co.at\/?page_id=2443"},"modified":"2026-04-13T14:22:03","modified_gmt":"2026-04-13T12:22:03","slug":"lesnicky-stroj","status":"publish","type":"page","link":"https:\/\/www.hafo.co.at\/cs\/forstmaschinen_malwa\/","title":{"rendered":"MALWA Forstmaschinen"},"content":{"rendered":"<h2>Malwa Forestry &#8211; starker Partner f\u00fcr bodenschonende Forstarbeit<\/h2>\t\n\t<p>Update M\u00e4rz 2026: Der japanische Konzern Komatsu hat den Forstmaschinenspezialisten Malwa Forest AB \u00fcbernommen &#8211; ein starkes Signal f\u00fcr die Zukunft bodenschonender Forsttechnik.<\/p>\n<strong>Warum das wichtig ist:<\/strong><br \/>\nEmpfindlichere Waldb\u00f6den erh\u00f6hen die Nachfrage nach leichten, wendigen Maschinen &#8211; genau die St\u00e4rke von Malwa.\n<strong>F\u00fcr unsere Kunden bedeutet das:<\/strong><br \/>\nMehr Stabilit\u00e4t, Innovation und langfristige Perspektiven.\n<p><strong>Wir bleiben euer Partner f\u00fcr nachhaltige Forstl\u00f6sungen.<\/strong><\/p>\n\t\t\t<a href=\"https:\/\/share.google\/pgwY5drw2Tbb4YgYK\"  target=\"_self\">\n\t\t\t\t\t\t\tV\u00edce informac\u00ed\n\t\t\t\t\t<\/a>\n\t<p><strong>Efektivn\u00ed lesnick\u00e9 stroje s maxim\u00e1ln\u00ed ochranou p\u016fdy<\/strong><\/p>\n\t\t<p>Spole\u010dnost Malwa Forestry se proslavila v\u00fdvojem a v\u00fdrobou kompaktn\u00edch lesnick\u00fdch stroj\u016f, kter\u00e9 jsou speci\u00e1ln\u011b navr\u017eeny pro \u0161etrn\u00e9 lesnick\u00e9 pr\u00e1ce. Jejich stroje se vyzna\u010duj\u00ed vysok\u00fdm v\u00fdkonem a man\u00e9vrovatelnost\u00ed, d\u00edky \u010demu\u017e jsou obzvl\u00e1\u0161t\u011b vhodn\u00e9 pro pou\u017eit\u00ed v citliv\u00fdch lesn\u00edch oblastech. D\u00edky sv\u00e9 n\u00edzk\u00e9 hmotnosti a kompaktn\u00ed konstrukci minimalizuj\u00ed po\u0161kozen\u00ed p\u016fdy a p\u0159isp\u00edvaj\u00ed tak k zachov\u00e1n\u00ed lesn\u00edho ekosyst\u00e9mu.<\/p>\n\t\t<p><strong>Siln\u00e9 partnerstv\u00ed pro budoucnost lesnictv\u00ed<\/strong><\/p>\n<p>D\u00edky spolupr\u00e1ci se spole\u010dnost\u00ed Malwa Forestry roz\u0161i\u0159uje spole\u010dnost HAFO sv\u016fj sortiment o nejmodern\u011bj\u0161\u00ed lesnick\u00e9 stroje, kter\u00e9 spl\u0148uj\u00ed po\u017eadavky na udr\u017eiteln\u00e9 a efektivn\u00ed lesn\u00ed hospod\u00e1\u0159stv\u00ed. Z\u00e1kazn\u00edci v Rakousku nyn\u00ed mohou vyu\u017e\u00edvat komplexn\u00ed nab\u00eddku, kter\u00e1 zahrnuje jak osv\u011bd\u010den\u00e9 v\u00fdrobky HAFO, tak modern\u00ed stroje od spole\u010dnosti Malwa.<\/p>\n<p>Toto partnerstv\u00ed zd\u016fraz\u0148uje spole\u010dn\u00fd z\u00e1vazek obou spole\u010dnost\u00ed k lesn\u00edmu hospod\u00e1\u0159stv\u00ed orientovan\u00e9mu na budoucnost a \u0161etrn\u00e9mu k \u017eivotn\u00edmu prost\u0159ed\u00ed. Spojen\u00edm sv\u00fdch odborn\u00fdch znalost\u00ed stanovuj\u00ed spole\u010dnosti HAFO a Malwa nov\u00e9 standardy v oboru a nab\u00edzej\u00ed \u0159e\u0161en\u00ed, kter\u00e1 jsou ekologicky i ekonomicky p\u0159esv\u011bd\u010div\u00e1.<\/p>\n\t\t<meta itemprop=\"url\" content=\"https:\/\/www.hafo.co.at\/wp-content\/uploads\/2025\/03\/Malwa_560C_forwarder3.mp4\" \/><div style=\"width: 640px;\" class=\"wp-video\"><video class=\"wp-video-shortcode\" id=\"video-2443-1\" width=\"640\" height=\"360\" preload=\"metadata\" controls=\"controls\"><source type=\"video\/mp4\" src=\"https:\/\/www.hafo.co.at\/wp-content\/uploads\/2025\/03\/Malwa_560C_forwarder3.mp4?_=1\" \/><source type=\"video\/mp4\" src=\"https:\/\/www.hafo.co.at\/wp-content\/uploads\/2025\/03\/Malwa_560C_forwarder3.mp4?_=1\" \/><a href=\"https:\/\/www.hafo.co.at\/wp-content\/uploads\/2025\/03\/Malwa_560C_forwarder3.mp4\">https:\/\/www.hafo.co.at\/wp-content\/uploads\/2025\/03\/Malwa_560C_forwarder3.mp4<\/a><\/video><\/div>\t\n\t\t<p><strong>Vyu\u017eijte nyn\u00ed servisn\u00ed slu\u017eby HAFO pro lesnick\u00e9 stroje Malwa v cel\u00e9m Rakousku!<\/strong><\/p>\n\t\t\t<a href=\"https:\/\/www.hafo.co.at\/wp-content\/uploads\/2025\/03\/Malwa_560H4_harvester_DE-1.pdf\"  target=\"_self\">\n\t\t\t\t\t\t\tProduktdatenblatt Harvester 560H\n\t\t\t\t\t<\/a>\n\t\t\t<a href=\"https:\/\/www.hafo.co.at\/wp-content\/uploads\/2025\/07\/malwa-560-gen5-GER.pdf\"  target=\"_self\">\n\t\t\t\t\t\t\tProduktdatenblatt Forwarder 560F\n\t\t\t\t\t<\/a>\n\t\t\t<a href=\"https:\/\/www.hafo.co.at\/wp-content\/uploads\/2025\/03\/Malwa_560C4_kombi_DE-1.pdf\"  target=\"_self\">\n\t\t\t\t\t\t\tProduktdatenblatt Kombi 560C\n\t\t\t\t\t<\/a>\n\t\t\t<a href=\"https:\/\/www.hafo.co.at\/wp-content\/uploads\/2025\/04\/malwa_980_produktblad_GER-1.pdf\"  target=\"_self\">\n\t\t\t\t\t\t\tProduktdatenblatt Harvester 980\n\t\t\t\t\t<\/a>\n\t\t\t<a href=\"mailto:%20anfrage@hafo.co.at\"  target=\"_self\">\n\t\t\t\t\t\t\tpoptejte nyn\u00ed\n\t\t\t\t\t<\/a>\n\t\t\t<a href=\"https:\/\/malwaforest.com\/en\/media-centre\/documents\/\"  target=\"_self\">\n\t\t\t\t\t\tZum Katalog-Download\n\t\t\t\t\t<\/a>\n\t\t\t<h3> Na webov\u00e9 str\u00e1nky<\/h3> <p><a href=\"https:\/\/malwaforest.com\/\">https:\/\/malwaforest.com\/<\/a><\/p>","protected":false},"excerpt":{"rendered":"<p>Malwa Forestry &#8211; starker Partner f\u00fcr bodenschonende Forstarbeit Update M\u00e4rz 2026: Der japanische Konzern Komatsu hat den Forstmaschinenspezialisten Malwa Forest AB \u00fcbernommen &#8211; ein starkes Signal f\u00fcr die Zukunft bodenschonender Forsttechnik. Warum das wichtig ist: Empfindlichere Waldb\u00f6den erh\u00f6hen die Nachfrage nach leichten, wendigen Maschinen &#8211; genau die St\u00e4rke von Malwa. F\u00fcr unsere Kunden bedeutet das:&hellip;<\/p>","protected":false},"author":3,"featured_media":0,"parent":0,"menu_order":0,"comment_status":"closed","ping_status":"closed","template":"","meta":{"footnotes":""},"class_list":["post-2443","page","type-page","status-publish","hentry"],"yoast_head":"<!-- This site is optimized with the Yoast SEO plugin v27.1.1 - https:\/\/yoast.com\/product\/yoast-seo-wordpress\/ -->\n<title>MALWA Forstmaschinen - HAFO Forsttechnik<\/title>\n<meta name=\"description\" content=\"Holzernte mit der MALWA Forstmaschinen - f\u00fcr eine bodenschonende Waldarbeit\" \/>\n<meta name=\"robots\" content=\"index, follow, max-snippet:-1, max-image-preview:large, max-video-preview:-1\" \/>\n<link rel=\"canonical\" href=\"https:\/\/www.hafo.co.at\/cs\/lesnicky-stroj\/\" \/>\n<meta property=\"og:locale\" content=\"cs_CZ\" \/>\n<meta property=\"og:type\" content=\"article\" \/>\n<meta property=\"og:title\" content=\"MALWA Forstmaschinen - HAFO Forsttechnik\" \/>\n<meta property=\"og:description\" content=\"Holzernte mit der MALWA Forstmaschinen - f\u00fcr eine bodenschonende Waldarbeit\" \/>\n<meta property=\"og:url\" content=\"https:\/\/www.hafo.co.at\/cs\/lesnicky-stroj\/\" \/>\n<meta property=\"og:site_name\" content=\"HAFO Forsttechnik\" \/>\n<meta property=\"article:publisher\" content=\"https:\/\/www.facebook.com\/p\/HAFO-100064275891778\/?locale=de_DE\" \/>\n<meta property=\"article:modified_time\" content=\"2026-04-13T12:22:03+00:00\" \/>\n<meta property=\"og:image\" content=\"https:\/\/www.hafo.co.at\/wp-content\/uploads\/2025\/07\/Seil-ziehen.jpg\" \/>\n\t<meta property=\"og:image:width\" content=\"1500\" \/>\n\t<meta property=\"og:image:height\" content=\"1500\" \/>\n\t<meta property=\"og:image:type\" content=\"image\/jpeg\" \/>\n<meta name=\"twitter:card\" content=\"summary_large_image\" \/>\n<script type=\"application\/ld+json\" class=\"yoast-schema-graph\">{\"@context\":\"https:\/\/schema.org\",\"@graph\":[{\"@type\":\"WebPage\",\"@id\":\"https:\/\/www.hafo.co.at\/forstmaschinen_malwa\/\",\"url\":\"https:\/\/www.hafo.co.at\/forstmaschinen_malwa\/\",\"name\":\"MALWA Forstmaschinen - HAFO Forsttechnik\",\"isPartOf\":{\"@id\":\"https:\/\/www.hafo.co.at\/#website\"},\"datePublished\":\"2025-03-17T14:20:12+00:00\",\"dateModified\":\"2026-04-13T12:22:03+00:00\",\"description\":\"Holzernte mit der MALWA Forstmaschinen - f\u00fcr eine bodenschonende Waldarbeit\",\"breadcrumb\":{\"@id\":\"https:\/\/www.hafo.co.at\/forstmaschinen_malwa\/#breadcrumb\"},\"inLanguage\":\"cs\",\"potentialAction\":[{\"@type\":\"ReadAction\",\"target\":[\"https:\/\/www.hafo.co.at\/forstmaschinen_malwa\/\"]}]},{\"@type\":\"BreadcrumbList\",\"@id\":\"https:\/\/www.hafo.co.at\/forstmaschinen_malwa\/#breadcrumb\",\"itemListElement\":[{\"@type\":\"ListItem\",\"position\":1,\"name\":\"Startseite\",\"item\":\"https:\/\/www.hafo.co.at\/\"},{\"@type\":\"ListItem\",\"position\":2,\"name\":\"MALWA Forstmaschinen\"}]},{\"@type\":\"WebSite\",\"@id\":\"https:\/\/www.hafo.co.at\/#website\",\"url\":\"https:\/\/www.hafo.co.at\/\",\"name\":\"HAFO Forsttechnik\",\"description\":\"HAFO Hilfswinden HAFO Sapiwinden, aus Tradition in die Zukunft\",\"publisher\":{\"@id\":\"https:\/\/www.hafo.co.at\/#organization\"},\"alternateName\":\"Haselsteiner Forsttechnik\",\"potentialAction\":[{\"@type\":\"SearchAction\",\"target\":{\"@type\":\"EntryPoint\",\"urlTemplate\":\"https:\/\/www.hafo.co.at\/?s={search_term_string}\"},\"query-input\":{\"@type\":\"PropertyValueSpecification\",\"valueRequired\":true,\"valueName\":\"search_term_string\"}}],\"inLanguage\":\"cs\"},{\"@type\":\"Organization\",\"@id\":\"https:\/\/www.hafo.co.at\/#organization\",\"name\":\"HAFO Forsttechnik\",\"url\":\"https:\/\/www.hafo.co.at\/\",\"logo\":{\"@type\":\"ImageObject\",\"inLanguage\":\"cs\",\"@id\":\"https:\/\/www.hafo.co.at\/#\/schema\/logo\/image\/\",\"url\":\"https:\/\/www.hafo.co.at\/wp-content\/uploads\/2025\/01\/Icon.png\",\"contentUrl\":\"https:\/\/www.hafo.co.at\/wp-content\/uploads\/2025\/01\/Icon.png\",\"width\":1080,\"height\":1080,\"caption\":\"HAFO Forsttechnik\"},\"image\":{\"@id\":\"https:\/\/www.hafo.co.at\/#\/schema\/logo\/image\/\"},\"sameAs\":[\"https:\/\/www.facebook.com\/p\/HAFO-100064275891778\/?locale=de_DE\",\"https:\/\/www.instagram.com\/hafo.haselsteiner\/\",\"https:\/\/www.youtube.com\/channel\/UCOJhfhsB-vUuG8v6kAf_HEQ\/videos\",\"https:\/\/www.tiktok.com\/@haselsteiner\"]}]}<\/script>\n<!-- \/ Yoast SEO plugin. -->","yoast_head_json":{"title":"MALWA Forstmaschinen - HAFO Forsttechnik","description":"Holzernte mit der MALWA Forstmaschinen - f\u00fcr eine bodenschonende Waldarbeit","robots":{"index":"index","follow":"follow","max-snippet":"max-snippet:-1","max-image-preview":"max-image-preview:large","max-video-preview":"max-video-preview:-1"},"canonical":"https:\/\/www.hafo.co.at\/cs\/lesnicky-stroj\/","og_locale":"cs_CZ","og_type":"article","og_title":"MALWA Forstmaschinen - HAFO Forsttechnik","og_description":"Holzernte mit der MALWA Forstmaschinen - f\u00fcr eine bodenschonende Waldarbeit","og_url":"https:\/\/www.hafo.co.at\/cs\/lesnicky-stroj\/","og_site_name":"HAFO Forsttechnik","article_publisher":"https:\/\/www.facebook.com\/p\/HAFO-100064275891778\/?locale=de_DE","article_modified_time":"2026-04-13T12:22:03+00:00","og_image":[{"width":1500,"height":1500,"url":"https:\/\/www.hafo.co.at\/wp-content\/uploads\/2025\/07\/Seil-ziehen.jpg","type":"image\/jpeg"}],"twitter_card":"summary_large_image","schema":{"@context":"https:\/\/schema.org","@graph":[{"@type":"WebPage","@id":"https:\/\/www.hafo.co.at\/forstmaschinen_malwa\/","url":"https:\/\/www.hafo.co.at\/forstmaschinen_malwa\/","name":"MALWA Forstmaschinen - HAFO Forsttechnik","isPartOf":{"@id":"https:\/\/www.hafo.co.at\/#website"},"datePublished":"2025-03-17T14:20:12+00:00","dateModified":"2026-04-13T12:22:03+00:00","description":"Holzernte mit der MALWA Forstmaschinen - f\u00fcr eine bodenschonende Waldarbeit","breadcrumb":{"@id":"https:\/\/www.hafo.co.at\/forstmaschinen_malwa\/#breadcrumb"},"inLanguage":"cs","potentialAction":[{"@type":"ReadAction","target":["https:\/\/www.hafo.co.at\/forstmaschinen_malwa\/"]}]},{"@type":"BreadcrumbList","@id":"https:\/\/www.hafo.co.at\/forstmaschinen_malwa\/#breadcrumb","itemListElement":[{"@type":"ListItem","position":1,"name":"Startseite","item":"https:\/\/www.hafo.co.at\/"},{"@type":"ListItem","position":2,"name":"MALWA Forstmaschinen"}]},{"@type":"WebSite","@id":"https:\/\/www.hafo.co.at\/#website","url":"https:\/\/www.hafo.co.at\/","name":"Lesnick\u00e1 technologie HAFO","description":"HAFO Hilfswinden HAFO Sapiwinden, aus Tradition in die Zukunft","publisher":{"@id":"https:\/\/www.hafo.co.at\/#organization"},"alternateName":"Haselsteiner Forsttechnik","potentialAction":[{"@type":"SearchAction","target":{"@type":"EntryPoint","urlTemplate":"https:\/\/www.hafo.co.at\/?s={search_term_string}"},"query-input":{"@type":"PropertyValueSpecification","valueRequired":true,"valueName":"search_term_string"}}],"inLanguage":"cs"},{"@type":"Organization","@id":"https:\/\/www.hafo.co.at\/#organization","name":"Lesnick\u00e1 technologie HAFO","url":"https:\/\/www.hafo.co.at\/","logo":{"@type":"ImageObject","inLanguage":"cs","@id":"https:\/\/www.hafo.co.at\/#\/schema\/logo\/image\/","url":"https:\/\/www.hafo.co.at\/wp-content\/uploads\/2025\/01\/Icon.png","contentUrl":"https:\/\/www.hafo.co.at\/wp-content\/uploads\/2025\/01\/Icon.png","width":1080,"height":1080,"caption":"HAFO Forsttechnik"},"image":{"@id":"https:\/\/www.hafo.co.at\/#\/schema\/logo\/image\/"},"sameAs":["https:\/\/www.facebook.com\/p\/HAFO-100064275891778\/?locale=de_DE","https:\/\/www.instagram.com\/hafo.haselsteiner\/","https:\/\/www.youtube.com\/channel\/UCOJhfhsB-vUuG8v6kAf_HEQ\/videos","https:\/\/www.tiktok.com\/@haselsteiner"]}]}},"_links":{"self":[{"href":"https:\/\/www.hafo.co.at\/cs\/wp-json\/wp\/v2\/pages\/2443","targetHints":{"allow":["GET"]}}],"collection":[{"href":"https:\/\/www.hafo.co.at\/cs\/wp-json\/wp\/v2\/pages"}],"about":[{"href":"https:\/\/www.hafo.co.at\/cs\/wp-json\/wp\/v2\/types\/page"}],"author":[{"embeddable":true,"href":"https:\/\/www.hafo.co.at\/cs\/wp-json\/wp\/v2\/users\/3"}],"replies":[{"embeddable":true,"href":"https:\/\/www.hafo.co.at\/cs\/wp-json\/wp\/v2\/comments?post=2443"}],"version-history":[{"count":17,"href":"https:\/\/www.hafo.co.at\/cs\/wp-json\/wp\/v2\/pages\/2443\/revisions"}],"predecessor-version":[{"id":5176,"href":"https:\/\/www.hafo.co.at\/cs\/wp-json\/wp\/v2\/pages\/2443\/revisions\/5176"}],"wp:attachment":[{"href":"https:\/\/www.hafo.co.at\/cs\/wp-json\/wp\/v2\/media?parent=2443"}],"curies":[{"name":"wp","href":"https:\/\/api.w.org\/{rel}","templated":true}]}}