{"id":4339,"date":"2025-10-14T13:17:01","date_gmt":"2025-10-14T11:17:01","guid":{"rendered":"https:\/\/www.hafo.co.at\/?post_type=product&#038;p=4339"},"modified":"2025-10-14T14:24:33","modified_gmt":"2025-10-14T12:24:33","slug":"hafo-hilfswinde-pro-rechts-mit-abnehmbarer-seiltrommel","status":"publish","type":"product","link":"https:\/\/www.hafo.co.at\/cs\/product\/hafo-hilfswinde-pro-rechts-mit-abnehmbarer-seiltrommel\/","title":{"rendered":"HAFO pomocn\u00fd navij\u00e1k PRO vpravo s odn\u00edmateln\u00fdm bubnem na lano"},"content":{"rendered":"<p>Hydraulick\u00fd pomocn\u00fd navij\u00e1k HAFO byl vyvinut pro mont\u00e1\u017e na lesn\u00ed navij\u00e1ky. Jeho \u00fakolem je p\u0159it\u00e1hnout t\u011b\u017ek\u00e9 navij\u00e1kov\u00e9 lano k kmen\u016fm strom\u016f pomoc\u00ed pomocn\u00e9ho lana. Lano je mo\u017en\u00e9 t\u00e1hnout i po strm\u00fdch svaz\u00edch a\u017e do v\u00fd\u0161ky 150 metr\u016f, sta\u010d\u00ed pouze p\u0159edt\u00e1hnout lehk\u00e9 pomocn\u00e9 lano.<\/p>\n<p>Trval\u00fd provozn\u00ed tlak: 180 bar<br \/>\nmax. pracovn\u00ed tlak: 200 bar<br \/>\nPo\u017eadovan\u00e9 mno\u017estv\u00ed oleje: 20\u201360 l\/min<br \/>\nMaxim\u00e1ln\u00ed ta\u017en\u00e1 s\u00edla: 600 kg<br \/>\nRychlost lana: 3 m\/s p\u0159i 60 l\/min<br \/>\nHmotnost: 39 kg<br \/>\nKapacita lana: 350 m plastov\u00e9ho lana o pr\u016fm\u011bru 4,3 mm<\/p>\n<p><a href=\"https:\/\/www.hafo.co.at\/cs\/hilfswinde\/aufbauvarianten\/\">Pro kompletn\u00ed sadu vhodnou pro v\u00e1\u0161 st\u00e1vaj\u00edc\u00ed lesnick\u00fd navij\u00e1k pou\u017eijte n\u00e1\u0161 praktick\u00fd konfigur\u00e1tor s mnoha p\u0159\u00edklady a variantami karoserie!<\/a><\/p>","protected":false},"excerpt":{"rendered":"<p>Hydraulick\u00fd pomocn\u00fd navij\u00e1k HAFO byl vyvinut pro mont\u00e1\u017e na lesn\u00ed navij\u00e1ky. Jeho \u00fakolem je p\u0159it\u00e1hnout t\u011b\u017ek\u00e9 navij\u00e1kov\u00e9 lano k kmen\u016fm strom\u016f pomoc\u00ed pomocn\u00e9ho lana. Lano je mo\u017en\u00e9 t\u00e1hnout i po strm\u00fdch svaz\u00edch a\u017e do v\u00fd\u0161ky 150 metr\u016f, sta\u010d\u00ed pouze p\u0159edt\u00e1hnout lehk\u00e9 pomocn\u00e9 lano.<br \/>\nNEU: Mit abnehmbarer Seiltrommel f\u00fcr noch mehr Flexibilit\u00e4t<\/p>","protected":false},"featured_media":4347,"comment_status":"closed","ping_status":"closed","template":"","meta":[],"product_brand":[],"product_cat":[206],"product_tag":[],"class_list":{"0":"post-4339","1":"product","2":"type-product","3":"status-publish","4":"has-post-thumbnail","6":"product_cat-hilfswinde","7":"product_shipping_class-spedition","9":"first","10":"instock","11":"taxable","12":"shipping-taxable","13":"purchasable","14":"product-type-simple"},"yoast_head":"<!-- This site is optimized with the Yoast SEO plugin v27.1.1 - https:\/\/yoast.com\/product\/yoast-seo-wordpress\/ -->\n<title>HAFO Hilfswinde PRO rechts mit abnehmbarer Seiltrommel - HAFO Forsttechnik<\/title>\n<meta name=\"description\" content=\"Die hydraulische HAFO Hilfsseilwinde wurde entwickelt zum Aufbau auf Forstseilwinden. Die Funktion besteht darin, das schwere Windenseil mittels Hilfsseil zu den Baumst\u00e4mmen zu ziehen. Es ist m\u00f6glich das Seil auch \u00fcber steile H\u00e4nge bis zu 150 Meter bergauf zu ziehen, es muss lediglich das leichte Hilfsseil vorgezogen werden. F\u00fcr das Komplettset, passend f\u00fcr Ihre bestehende Forstwinde, nutzen Sie unseren praktischen Konfigurator mit vielen Beispielen und Aufbauvarianten!\" \/>\n<meta name=\"robots\" content=\"index, follow, max-snippet:-1, max-image-preview:large, max-video-preview:-1\" \/>\n<link rel=\"canonical\" href=\"https:\/\/www.hafo.co.at\/cs\/produkt-2\/hafo-hilfswinde-pro-rechts-mit-abnehmbarer-seiltrommel\/\" \/>\n<meta property=\"og:locale\" content=\"cs_CZ\" \/>\n<meta property=\"og:type\" content=\"article\" \/>\n<meta property=\"og:title\" content=\"HAFO Hilfswinde PRO rechts mit abnehmbarer Seiltrommel - HAFO Forsttechnik\" \/>\n<meta property=\"og:description\" content=\"Die hydraulische HAFO Hilfsseilwinde wurde entwickelt zum Aufbau auf Forstseilwinden. Die Funktion besteht darin, das schwere Windenseil mittels Hilfsseil zu den Baumst\u00e4mmen zu ziehen. Es ist m\u00f6glich das Seil auch \u00fcber steile H\u00e4nge bis zu 150 Meter bergauf zu ziehen, es muss lediglich das leichte Hilfsseil vorgezogen werden. F\u00fcr das Komplettset, passend f\u00fcr Ihre bestehende Forstwinde, nutzen Sie unseren praktischen Konfigurator mit vielen Beispielen und Aufbauvarianten!\" \/>\n<meta property=\"og:url\" content=\"https:\/\/www.hafo.co.at\/cs\/produkt-2\/hafo-hilfswinde-pro-rechts-mit-abnehmbarer-seiltrommel\/\" \/>\n<meta property=\"og:site_name\" content=\"HAFO Forsttechnik\" \/>\n<meta property=\"article:publisher\" content=\"https:\/\/www.facebook.com\/p\/HAFO-100064275891778\/?locale=de_DE\" \/>\n<meta property=\"article:modified_time\" content=\"2025-10-14T12:24:33+00:00\" \/>\n<meta property=\"og:image\" content=\"https:\/\/www.hafo.co.at\/wp-content\/uploads\/2025\/10\/Set-abnehmbare-Seiltrommel-pro-rechts_web-1024x1024.png\" \/>\n\t<meta property=\"og:image:width\" content=\"1024\" \/>\n\t<meta property=\"og:image:height\" content=\"1024\" \/>\n\t<meta property=\"og:image:type\" content=\"image\/png\" \/>\n<meta name=\"twitter:card\" content=\"summary_large_image\" \/>\n<script type=\"application\/ld+json\" class=\"yoast-schema-graph\">{\"@context\":\"https:\/\/schema.org\",\"@graph\":[{\"@type\":\"WebPage\",\"@id\":\"https:\/\/www.hafo.co.at\/product\/hafo-hilfswinde-pro-rechts-mit-abnehmbarer-seiltrommel\/\",\"url\":\"https:\/\/www.hafo.co.at\/product\/hafo-hilfswinde-pro-rechts-mit-abnehmbarer-seiltrommel\/\",\"name\":\"HAFO Hilfswinde PRO rechts mit abnehmbarer Seiltrommel - HAFO Forsttechnik\",\"isPartOf\":{\"@id\":\"https:\/\/www.hafo.co.at\/#website\"},\"primaryImageOfPage\":{\"@id\":\"https:\/\/www.hafo.co.at\/product\/hafo-hilfswinde-pro-rechts-mit-abnehmbarer-seiltrommel\/#primaryimage\"},\"image\":{\"@id\":\"https:\/\/www.hafo.co.at\/product\/hafo-hilfswinde-pro-rechts-mit-abnehmbarer-seiltrommel\/#primaryimage\"},\"thumbnailUrl\":\"https:\/\/www.hafo.co.at\/wp-content\/uploads\/2025\/10\/Set-abnehmbare-Seiltrommel-pro-rechts_web.png\",\"datePublished\":\"2025-10-14T11:17:01+00:00\",\"dateModified\":\"2025-10-14T12:24:33+00:00\",\"description\":\"Die hydraulische HAFO Hilfsseilwinde wurde entwickelt zum Aufbau auf Forstseilwinden. Die Funktion besteht darin, das schwere Windenseil mittels Hilfsseil zu den Baumst\u00e4mmen zu ziehen. Es ist m\u00f6glich das Seil auch \u00fcber steile H\u00e4nge bis zu 150 Meter bergauf zu ziehen, es muss lediglich das leichte Hilfsseil vorgezogen werden. F\u00fcr das Komplettset, passend f\u00fcr Ihre bestehende Forstwinde, nutzen Sie unseren praktischen Konfigurator mit vielen Beispielen und Aufbauvarianten!\",\"breadcrumb\":{\"@id\":\"https:\/\/www.hafo.co.at\/product\/hafo-hilfswinde-pro-rechts-mit-abnehmbarer-seiltrommel\/#breadcrumb\"},\"inLanguage\":\"cs\",\"potentialAction\":[{\"@type\":\"ReadAction\",\"target\":[\"https:\/\/www.hafo.co.at\/product\/hafo-hilfswinde-pro-rechts-mit-abnehmbarer-seiltrommel\/\"]}]},{\"@type\":\"ImageObject\",\"inLanguage\":\"cs\",\"@id\":\"https:\/\/www.hafo.co.at\/product\/hafo-hilfswinde-pro-rechts-mit-abnehmbarer-seiltrommel\/#primaryimage\",\"url\":\"https:\/\/www.hafo.co.at\/wp-content\/uploads\/2025\/10\/Set-abnehmbare-Seiltrommel-pro-rechts_web.png\",\"contentUrl\":\"https:\/\/www.hafo.co.at\/wp-content\/uploads\/2025\/10\/Set-abnehmbare-Seiltrommel-pro-rechts_web.png\",\"width\":2223,\"height\":2223,\"caption\":\"Hilfswinde pro rechts mit abnehmbarer Seiltrommel\"},{\"@type\":\"BreadcrumbList\",\"@id\":\"https:\/\/www.hafo.co.at\/product\/hafo-hilfswinde-pro-rechts-mit-abnehmbarer-seiltrommel\/#breadcrumb\",\"itemListElement\":[{\"@type\":\"ListItem\",\"position\":1,\"name\":\"Startseite\",\"item\":\"https:\/\/www.hafo.co.at\/\"},{\"@type\":\"ListItem\",\"position\":2,\"name\":\"Shop\",\"item\":\"https:\/\/www.hafo.co.at\/shop\/\"},{\"@type\":\"ListItem\",\"position\":3,\"name\":\"HAFO Hilfswinde PRO rechts mit abnehmbarer Seiltrommel\"}]},{\"@type\":\"WebSite\",\"@id\":\"https:\/\/www.hafo.co.at\/#website\",\"url\":\"https:\/\/www.hafo.co.at\/\",\"name\":\"HAFO Forsttechnik\",\"description\":\"HAFO Hilfswinden HAFO Sapiwinden, aus Tradition in die Zukunft\",\"publisher\":{\"@id\":\"https:\/\/www.hafo.co.at\/#organization\"},\"alternateName\":\"Haselsteiner Forsttechnik\",\"potentialAction\":[{\"@type\":\"SearchAction\",\"target\":{\"@type\":\"EntryPoint\",\"urlTemplate\":\"https:\/\/www.hafo.co.at\/?s={search_term_string}\"},\"query-input\":{\"@type\":\"PropertyValueSpecification\",\"valueRequired\":true,\"valueName\":\"search_term_string\"}}],\"inLanguage\":\"cs\"},{\"@type\":\"Organization\",\"@id\":\"https:\/\/www.hafo.co.at\/#organization\",\"name\":\"HAFO Forsttechnik\",\"url\":\"https:\/\/www.hafo.co.at\/\",\"logo\":{\"@type\":\"ImageObject\",\"inLanguage\":\"cs\",\"@id\":\"https:\/\/www.hafo.co.at\/#\/schema\/logo\/image\/\",\"url\":\"https:\/\/www.hafo.co.at\/wp-content\/uploads\/2025\/01\/Icon.png\",\"contentUrl\":\"https:\/\/www.hafo.co.at\/wp-content\/uploads\/2025\/01\/Icon.png\",\"width\":1080,\"height\":1080,\"caption\":\"HAFO Forsttechnik\"},\"image\":{\"@id\":\"https:\/\/www.hafo.co.at\/#\/schema\/logo\/image\/\"},\"sameAs\":[\"https:\/\/www.facebook.com\/p\/HAFO-100064275891778\/?locale=de_DE\",\"https:\/\/www.instagram.com\/hafo.haselsteiner\/\",\"https:\/\/www.youtube.com\/channel\/UCOJhfhsB-vUuG8v6kAf_HEQ\/videos\",\"https:\/\/www.tiktok.com\/@haselsteiner\"]}]}<\/script>\n<!-- \/ Yoast SEO plugin. -->","yoast_head_json":{"title":"HAFO Hilfswinde PRO rechts mit abnehmbarer Seiltrommel - HAFO Forsttechnik","description":"Die hydraulische HAFO Hilfsseilwinde wurde entwickelt zum Aufbau auf Forstseilwinden. Die Funktion besteht darin, das schwere Windenseil mittels Hilfsseil zu den Baumst\u00e4mmen zu ziehen. Es ist m\u00f6glich das Seil auch \u00fcber steile H\u00e4nge bis zu 150 Meter bergauf zu ziehen, es muss lediglich das leichte Hilfsseil vorgezogen werden. F\u00fcr das Komplettset, passend f\u00fcr Ihre bestehende Forstwinde, nutzen Sie unseren praktischen Konfigurator mit vielen Beispielen und Aufbauvarianten!","robots":{"index":"index","follow":"follow","max-snippet":"max-snippet:-1","max-image-preview":"max-image-preview:large","max-video-preview":"max-video-preview:-1"},"canonical":"https:\/\/www.hafo.co.at\/cs\/produkt-2\/hafo-hilfswinde-pro-rechts-mit-abnehmbarer-seiltrommel\/","og_locale":"cs_CZ","og_type":"article","og_title":"HAFO Hilfswinde PRO rechts mit abnehmbarer Seiltrommel - HAFO Forsttechnik","og_description":"Die hydraulische HAFO Hilfsseilwinde wurde entwickelt zum Aufbau auf Forstseilwinden. Die Funktion besteht darin, das schwere Windenseil mittels Hilfsseil zu den Baumst\u00e4mmen zu ziehen. Es ist m\u00f6glich das Seil auch \u00fcber steile H\u00e4nge bis zu 150 Meter bergauf zu ziehen, es muss lediglich das leichte Hilfsseil vorgezogen werden. F\u00fcr das Komplettset, passend f\u00fcr Ihre bestehende Forstwinde, nutzen Sie unseren praktischen Konfigurator mit vielen Beispielen und Aufbauvarianten!","og_url":"https:\/\/www.hafo.co.at\/cs\/produkt-2\/hafo-hilfswinde-pro-rechts-mit-abnehmbarer-seiltrommel\/","og_site_name":"HAFO Forsttechnik","article_publisher":"https:\/\/www.facebook.com\/p\/HAFO-100064275891778\/?locale=de_DE","article_modified_time":"2025-10-14T12:24:33+00:00","og_image":[{"width":1024,"height":1024,"url":"https:\/\/www.hafo.co.at\/wp-content\/uploads\/2025\/10\/Set-abnehmbare-Seiltrommel-pro-rechts_web-1024x1024.png","type":"image\/png"}],"twitter_card":"summary_large_image","schema":{"@context":"https:\/\/schema.org","@graph":[{"@type":"WebPage","@id":"https:\/\/www.hafo.co.at\/product\/hafo-hilfswinde-pro-rechts-mit-abnehmbarer-seiltrommel\/","url":"https:\/\/www.hafo.co.at\/product\/hafo-hilfswinde-pro-rechts-mit-abnehmbarer-seiltrommel\/","name":"HAFO Hilfswinde PRO rechts mit abnehmbarer Seiltrommel - HAFO Forsttechnik","isPartOf":{"@id":"https:\/\/www.hafo.co.at\/#website"},"primaryImageOfPage":{"@id":"https:\/\/www.hafo.co.at\/product\/hafo-hilfswinde-pro-rechts-mit-abnehmbarer-seiltrommel\/#primaryimage"},"image":{"@id":"https:\/\/www.hafo.co.at\/product\/hafo-hilfswinde-pro-rechts-mit-abnehmbarer-seiltrommel\/#primaryimage"},"thumbnailUrl":"https:\/\/www.hafo.co.at\/wp-content\/uploads\/2025\/10\/Set-abnehmbare-Seiltrommel-pro-rechts_web.png","datePublished":"2025-10-14T11:17:01+00:00","dateModified":"2025-10-14T12:24:33+00:00","description":"Die hydraulische HAFO Hilfsseilwinde wurde entwickelt zum Aufbau auf Forstseilwinden. Die Funktion besteht darin, das schwere Windenseil mittels Hilfsseil zu den Baumst\u00e4mmen zu ziehen. Es ist m\u00f6glich das Seil auch \u00fcber steile H\u00e4nge bis zu 150 Meter bergauf zu ziehen, es muss lediglich das leichte Hilfsseil vorgezogen werden. F\u00fcr das Komplettset, passend f\u00fcr Ihre bestehende Forstwinde, nutzen Sie unseren praktischen Konfigurator mit vielen Beispielen und Aufbauvarianten!","breadcrumb":{"@id":"https:\/\/www.hafo.co.at\/product\/hafo-hilfswinde-pro-rechts-mit-abnehmbarer-seiltrommel\/#breadcrumb"},"inLanguage":"cs","potentialAction":[{"@type":"ReadAction","target":["https:\/\/www.hafo.co.at\/product\/hafo-hilfswinde-pro-rechts-mit-abnehmbarer-seiltrommel\/"]}]},{"@type":"ImageObject","inLanguage":"cs","@id":"https:\/\/www.hafo.co.at\/product\/hafo-hilfswinde-pro-rechts-mit-abnehmbarer-seiltrommel\/#primaryimage","url":"https:\/\/www.hafo.co.at\/wp-content\/uploads\/2025\/10\/Set-abnehmbare-Seiltrommel-pro-rechts_web.png","contentUrl":"https:\/\/www.hafo.co.at\/wp-content\/uploads\/2025\/10\/Set-abnehmbare-Seiltrommel-pro-rechts_web.png","width":2223,"height":2223,"caption":"Hilfswinde pro rechts mit abnehmbarer Seiltrommel"},{"@type":"BreadcrumbList","@id":"https:\/\/www.hafo.co.at\/product\/hafo-hilfswinde-pro-rechts-mit-abnehmbarer-seiltrommel\/#breadcrumb","itemListElement":[{"@type":"ListItem","position":1,"name":"Startseite","item":"https:\/\/www.hafo.co.at\/"},{"@type":"ListItem","position":2,"name":"Shop","item":"https:\/\/www.hafo.co.at\/shop\/"},{"@type":"ListItem","position":3,"name":"HAFO Hilfswinde PRO rechts mit abnehmbarer Seiltrommel"}]},{"@type":"WebSite","@id":"https:\/\/www.hafo.co.at\/#website","url":"https:\/\/www.hafo.co.at\/","name":"Lesnick\u00e1 technologie HAFO","description":"HAFO Hilfswinden HAFO Sapiwinden, aus Tradition in die Zukunft","publisher":{"@id":"https:\/\/www.hafo.co.at\/#organization"},"alternateName":"Haselsteiner Forsttechnik","potentialAction":[{"@type":"SearchAction","target":{"@type":"EntryPoint","urlTemplate":"https:\/\/www.hafo.co.at\/?s={search_term_string}"},"query-input":{"@type":"PropertyValueSpecification","valueRequired":true,"valueName":"search_term_string"}}],"inLanguage":"cs"},{"@type":"Organization","@id":"https:\/\/www.hafo.co.at\/#organization","name":"Lesnick\u00e1 technologie HAFO","url":"https:\/\/www.hafo.co.at\/","logo":{"@type":"ImageObject","inLanguage":"cs","@id":"https:\/\/www.hafo.co.at\/#\/schema\/logo\/image\/","url":"https:\/\/www.hafo.co.at\/wp-content\/uploads\/2025\/01\/Icon.png","contentUrl":"https:\/\/www.hafo.co.at\/wp-content\/uploads\/2025\/01\/Icon.png","width":1080,"height":1080,"caption":"HAFO Forsttechnik"},"image":{"@id":"https:\/\/www.hafo.co.at\/#\/schema\/logo\/image\/"},"sameAs":["https:\/\/www.facebook.com\/p\/HAFO-100064275891778\/?locale=de_DE","https:\/\/www.instagram.com\/hafo.haselsteiner\/","https:\/\/www.youtube.com\/channel\/UCOJhfhsB-vUuG8v6kAf_HEQ\/videos","https:\/\/www.tiktok.com\/@haselsteiner"]}]}},"_links":{"self":[{"href":"https:\/\/www.hafo.co.at\/cs\/wp-json\/wp\/v2\/product\/4339","targetHints":{"allow":["GET"]}}],"collection":[{"href":"https:\/\/www.hafo.co.at\/cs\/wp-json\/wp\/v2\/product"}],"about":[{"href":"https:\/\/www.hafo.co.at\/cs\/wp-json\/wp\/v2\/types\/product"}],"replies":[{"embeddable":true,"href":"https:\/\/www.hafo.co.at\/cs\/wp-json\/wp\/v2\/comments?post=4339"}],"wp:featuredmedia":[{"embeddable":true,"href":"https:\/\/www.hafo.co.at\/cs\/wp-json\/wp\/v2\/media\/4347"}],"wp:attachment":[{"href":"https:\/\/www.hafo.co.at\/cs\/wp-json\/wp\/v2\/media?parent=4339"}],"wp:term":[{"taxonomy":"product_brand","embeddable":true,"href":"https:\/\/www.hafo.co.at\/cs\/wp-json\/wp\/v2\/product_brand?post=4339"},{"taxonomy":"product_cat","embeddable":true,"href":"https:\/\/www.hafo.co.at\/cs\/wp-json\/wp\/v2\/product_cat?post=4339"},{"taxonomy":"product_tag","embeddable":true,"href":"https:\/\/www.hafo.co.at\/cs\/wp-json\/wp\/v2\/product_tag?post=4339"}],"curies":[{"name":"wp","href":"https:\/\/api.w.org\/{rel}","templated":true}]}}