{"id":2443,"date":"2025-03-17T15:20:12","date_gmt":"2025-03-17T14:20:12","guid":{"rendered":"https:\/\/www.hafo.co.at\/?page_id=2443"},"modified":"2026-04-13T14:22:03","modified_gmt":"2026-04-13T12:22:03","slug":"forestry-machine","status":"publish","type":"page","link":"https:\/\/www.hafo.co.at\/en\/forstmaschinen_malwa\/","title":{"rendered":"MALWA Forstmaschinen"},"content":{"rendered":"<h2>Malwa Forestry &#8211; starker Partner f\u00fcr bodenschonende Forstarbeit<\/h2>\t\n\t<p>Update M\u00e4rz 2026: Der japanische Konzern Komatsu hat den Forstmaschinenspezialisten Malwa Forest AB \u00fcbernommen &#8211; ein starkes Signal f\u00fcr die Zukunft bodenschonender Forsttechnik.<\/p>\n<strong>Warum das wichtig ist:<\/strong><br \/>\nEmpfindlichere Waldb\u00f6den erh\u00f6hen die Nachfrage nach leichten, wendigen Maschinen &#8211; genau die St\u00e4rke von Malwa.\n<strong>F\u00fcr unsere Kunden bedeutet das:<\/strong><br \/>\nMehr Stabilit\u00e4t, Innovation und langfristige Perspektiven.\n<p><strong>Wir bleiben euer Partner f\u00fcr nachhaltige Forstl\u00f6sungen.<\/strong><\/p>\n\t\t\t<a href=\"https:\/\/share.google\/pgwY5drw2Tbb4YgYK\"  target=\"_self\">\n\t\t\t\t\t\t\tMore info\n\t\t\t\t\t<\/a>\n\t<p><strong>Efficient forestry machines with maximum soil protection<\/strong><\/p>\n\t\t<p>Malwa Forestry is well known for the development and production of compact forestry machines that are specially designed for gentle forestry work. Their machines are characterised by high performance and manoeuvrability, which makes them particularly suitable for use in sensitive forest areas. Thanks to their low weight and compact design, they minimise soil damage and thus contribute to the preservation of the forest ecosystem.<\/p>\n\t\t<p><strong>A strong partnership for the future of forestry<\/strong><\/p>\n<p>Through the cooperation with Malwa Forestry, HAFO is expanding its range to include state-of-the-art forestry machines that meet the requirements of sustainable and efficient forestry. Customers in Austria now benefit from a comprehensive range that includes both the proven HAFO products and the advanced machines from Malwa.<\/p>\n<p>This partnership underlines the joint commitment of both companies to future-oriented and environmentally friendly forestry. By pooling their expertise, HAFO and Malwa are setting new standards in the industry and offering solutions that are both ecologically and economically convincing<\/p>\n\t\t<meta itemprop=\"url\" content=\"https:\/\/www.hafo.co.at\/wp-content\/uploads\/2025\/03\/Malwa_560C_forwarder3.mp4\" \/><div style=\"width: 640px;\" class=\"wp-video\"><video class=\"wp-video-shortcode\" id=\"video-2443-1\" width=\"640\" height=\"360\" preload=\"metadata\" controls=\"controls\"><source type=\"video\/mp4\" src=\"https:\/\/www.hafo.co.at\/wp-content\/uploads\/2025\/03\/Malwa_560C_forwarder3.mp4?_=1\" \/><source type=\"video\/mp4\" src=\"https:\/\/www.hafo.co.at\/wp-content\/uploads\/2025\/03\/Malwa_560C_forwarder3.mp4?_=1\" \/><a href=\"https:\/\/www.hafo.co.at\/wp-content\/uploads\/2025\/03\/Malwa_560C_forwarder3.mp4\">https:\/\/www.hafo.co.at\/wp-content\/uploads\/2025\/03\/Malwa_560C_forwarder3.mp4<\/a><\/video><\/div>\t\n\t\t<p><strong>Benefit now from HAFO service for Malwa forestry machines throughout Austria!<\/strong><\/p>\n\t\t\t<a href=\"https:\/\/www.hafo.co.at\/wp-content\/uploads\/2025\/03\/Malwa_560H4_harvester_DE-1.pdf\"  target=\"_self\">\n\t\t\t\t\t\t\tDatasheet Harvester 560H\n\t\t\t\t\t<\/a>\n\t\t\t<a href=\"https:\/\/www.hafo.co.at\/wp-content\/uploads\/2025\/07\/malwa-560-gen5-GER.pdf\"  target=\"_self\">\n\t\t\t\t\t\t\tDatasheet Forwarder 560F\n\t\t\t\t\t<\/a>\n\t\t\t<a href=\"https:\/\/www.hafo.co.at\/wp-content\/uploads\/2025\/03\/Malwa_560C4_kombi_DE-1.pdf\"  target=\"_self\">\n\t\t\t\t\t\t\tDatasheet Kombi 560C\n\t\t\t\t\t<\/a>\n\t\t\t<a href=\"https:\/\/www.hafo.co.at\/wp-content\/uploads\/2025\/04\/malwa_980_produktblad_GER-1.pdf\"  target=\"_self\">\n\t\t\t\t\t\t\tDatasheet Harvester 980\n\t\t\t\t\t<\/a>\n\t\t\t<a href=\"mailto:anfrage@hafo.co.at\"  target=\"_self\">\n\t\t\t\t\t\t\trequest now\n\t\t\t\t\t<\/a>\n\t\t\t<a href=\"https:\/\/malwaforest.com\/en\/media-centre\/documents\/\"  target=\"_self\">\n\t\t\t\t\t\tTo the catalogue download\n\t\t\t\t\t<\/a>\n\t\t\t<h3> To the website<\/h3> <p><a href=\"https:\/\/malwaforest.com\/\">https:\/\/malwaforest.com\/<\/a><\/p>","protected":false},"excerpt":{"rendered":"<p>Malwa Forestry &#8211; starker Partner f\u00fcr bodenschonende Forstarbeit Update M\u00e4rz 2026: Der japanische Konzern Komatsu hat den Forstmaschinenspezialisten Malwa Forest AB \u00fcbernommen &#8211; ein starkes Signal f\u00fcr die Zukunft bodenschonender Forsttechnik. Warum das wichtig ist: Empfindlichere Waldb\u00f6den erh\u00f6hen die Nachfrage nach leichten, wendigen Maschinen &#8211; genau die St\u00e4rke von Malwa. F\u00fcr unsere Kunden bedeutet das:&hellip;<\/p>","protected":false},"author":3,"featured_media":0,"parent":0,"menu_order":0,"comment_status":"closed","ping_status":"closed","template":"","meta":{"footnotes":""},"class_list":["post-2443","page","type-page","status-publish","hentry"],"yoast_head":"<!-- This site is optimized with the Yoast SEO plugin v27.1.1 - https:\/\/yoast.com\/product\/yoast-seo-wordpress\/ -->\n<title>MALWA Forstmaschinen - HAFO Forsttechnik<\/title>\n<meta name=\"description\" content=\"Holzernte mit der MALWA Forstmaschinen - f\u00fcr eine bodenschonende Waldarbeit\" \/>\n<meta name=\"robots\" content=\"index, follow, max-snippet:-1, max-image-preview:large, max-video-preview:-1\" \/>\n<link rel=\"canonical\" href=\"https:\/\/www.hafo.co.at\/en\/forestry-machine\/\" \/>\n<meta property=\"og:locale\" content=\"en_GB\" \/>\n<meta property=\"og:type\" content=\"article\" \/>\n<meta property=\"og:title\" content=\"MALWA Forstmaschinen - HAFO Forsttechnik\" \/>\n<meta property=\"og:description\" content=\"Holzernte mit der MALWA Forstmaschinen - f\u00fcr eine bodenschonende Waldarbeit\" \/>\n<meta property=\"og:url\" content=\"https:\/\/www.hafo.co.at\/en\/forestry-machine\/\" \/>\n<meta property=\"og:site_name\" content=\"HAFO Forsttechnik\" \/>\n<meta property=\"article:publisher\" content=\"https:\/\/www.facebook.com\/p\/HAFO-100064275891778\/?locale=de_DE\" \/>\n<meta property=\"article:modified_time\" content=\"2026-04-13T12:22:03+00:00\" \/>\n<meta property=\"og:image\" content=\"https:\/\/www.hafo.co.at\/wp-content\/uploads\/2025\/07\/Seil-ziehen.jpg\" \/>\n\t<meta property=\"og:image:width\" content=\"1500\" \/>\n\t<meta property=\"og:image:height\" content=\"1500\" \/>\n\t<meta property=\"og:image:type\" content=\"image\/jpeg\" \/>\n<meta name=\"twitter:card\" content=\"summary_large_image\" \/>\n<script type=\"application\/ld+json\" class=\"yoast-schema-graph\">{\"@context\":\"https:\/\/schema.org\",\"@graph\":[{\"@type\":\"WebPage\",\"@id\":\"https:\/\/www.hafo.co.at\/forstmaschinen_malwa\/\",\"url\":\"https:\/\/www.hafo.co.at\/forstmaschinen_malwa\/\",\"name\":\"MALWA Forstmaschinen - HAFO Forsttechnik\",\"isPartOf\":{\"@id\":\"https:\/\/www.hafo.co.at\/#website\"},\"datePublished\":\"2025-03-17T14:20:12+00:00\",\"dateModified\":\"2026-04-13T12:22:03+00:00\",\"description\":\"Holzernte mit der MALWA Forstmaschinen - f\u00fcr eine bodenschonende Waldarbeit\",\"breadcrumb\":{\"@id\":\"https:\/\/www.hafo.co.at\/forstmaschinen_malwa\/#breadcrumb\"},\"inLanguage\":\"en-GB\",\"potentialAction\":[{\"@type\":\"ReadAction\",\"target\":[\"https:\/\/www.hafo.co.at\/forstmaschinen_malwa\/\"]}]},{\"@type\":\"BreadcrumbList\",\"@id\":\"https:\/\/www.hafo.co.at\/forstmaschinen_malwa\/#breadcrumb\",\"itemListElement\":[{\"@type\":\"ListItem\",\"position\":1,\"name\":\"Startseite\",\"item\":\"https:\/\/www.hafo.co.at\/\"},{\"@type\":\"ListItem\",\"position\":2,\"name\":\"MALWA Forstmaschinen\"}]},{\"@type\":\"WebSite\",\"@id\":\"https:\/\/www.hafo.co.at\/#website\",\"url\":\"https:\/\/www.hafo.co.at\/\",\"name\":\"HAFO Forsttechnik\",\"description\":\"HAFO Hilfswinden HAFO Sapiwinden, aus Tradition in die Zukunft\",\"publisher\":{\"@id\":\"https:\/\/www.hafo.co.at\/#organization\"},\"alternateName\":\"Haselsteiner Forsttechnik\",\"potentialAction\":[{\"@type\":\"SearchAction\",\"target\":{\"@type\":\"EntryPoint\",\"urlTemplate\":\"https:\/\/www.hafo.co.at\/?s={search_term_string}\"},\"query-input\":{\"@type\":\"PropertyValueSpecification\",\"valueRequired\":true,\"valueName\":\"search_term_string\"}}],\"inLanguage\":\"en-GB\"},{\"@type\":\"Organization\",\"@id\":\"https:\/\/www.hafo.co.at\/#organization\",\"name\":\"HAFO Forsttechnik\",\"url\":\"https:\/\/www.hafo.co.at\/\",\"logo\":{\"@type\":\"ImageObject\",\"inLanguage\":\"en-GB\",\"@id\":\"https:\/\/www.hafo.co.at\/#\/schema\/logo\/image\/\",\"url\":\"https:\/\/www.hafo.co.at\/wp-content\/uploads\/2025\/01\/Icon.png\",\"contentUrl\":\"https:\/\/www.hafo.co.at\/wp-content\/uploads\/2025\/01\/Icon.png\",\"width\":1080,\"height\":1080,\"caption\":\"HAFO Forsttechnik\"},\"image\":{\"@id\":\"https:\/\/www.hafo.co.at\/#\/schema\/logo\/image\/\"},\"sameAs\":[\"https:\/\/www.facebook.com\/p\/HAFO-100064275891778\/?locale=de_DE\",\"https:\/\/www.instagram.com\/hafo.haselsteiner\/\",\"https:\/\/www.youtube.com\/channel\/UCOJhfhsB-vUuG8v6kAf_HEQ\/videos\",\"https:\/\/www.tiktok.com\/@haselsteiner\"]}]}<\/script>\n<!-- \/ Yoast SEO plugin. -->","yoast_head_json":{"title":"MALWA Forstmaschinen - HAFO Forsttechnik","description":"Holzernte mit der MALWA Forstmaschinen - f\u00fcr eine bodenschonende Waldarbeit","robots":{"index":"index","follow":"follow","max-snippet":"max-snippet:-1","max-image-preview":"max-image-preview:large","max-video-preview":"max-video-preview:-1"},"canonical":"https:\/\/www.hafo.co.at\/en\/forestry-machine\/","og_locale":"en_GB","og_type":"article","og_title":"MALWA Forstmaschinen - HAFO Forsttechnik","og_description":"Holzernte mit der MALWA Forstmaschinen - f\u00fcr eine bodenschonende Waldarbeit","og_url":"https:\/\/www.hafo.co.at\/en\/forestry-machine\/","og_site_name":"HAFO Forsttechnik","article_publisher":"https:\/\/www.facebook.com\/p\/HAFO-100064275891778\/?locale=de_DE","article_modified_time":"2026-04-13T12:22:03+00:00","og_image":[{"width":1500,"height":1500,"url":"https:\/\/www.hafo.co.at\/wp-content\/uploads\/2025\/07\/Seil-ziehen.jpg","type":"image\/jpeg"}],"twitter_card":"summary_large_image","schema":{"@context":"https:\/\/schema.org","@graph":[{"@type":"WebPage","@id":"https:\/\/www.hafo.co.at\/forstmaschinen_malwa\/","url":"https:\/\/www.hafo.co.at\/forstmaschinen_malwa\/","name":"MALWA Forstmaschinen - HAFO Forsttechnik","isPartOf":{"@id":"https:\/\/www.hafo.co.at\/#website"},"datePublished":"2025-03-17T14:20:12+00:00","dateModified":"2026-04-13T12:22:03+00:00","description":"Holzernte mit der MALWA Forstmaschinen - f\u00fcr eine bodenschonende Waldarbeit","breadcrumb":{"@id":"https:\/\/www.hafo.co.at\/forstmaschinen_malwa\/#breadcrumb"},"inLanguage":"en-GB","potentialAction":[{"@type":"ReadAction","target":["https:\/\/www.hafo.co.at\/forstmaschinen_malwa\/"]}]},{"@type":"BreadcrumbList","@id":"https:\/\/www.hafo.co.at\/forstmaschinen_malwa\/#breadcrumb","itemListElement":[{"@type":"ListItem","position":1,"name":"Startseite","item":"https:\/\/www.hafo.co.at\/"},{"@type":"ListItem","position":2,"name":"MALWA Forstmaschinen"}]},{"@type":"WebSite","@id":"https:\/\/www.hafo.co.at\/#website","url":"https:\/\/www.hafo.co.at\/","name":"HAFO forestry technology","description":"HAFO Hilfswinden HAFO Sapiwinden, aus Tradition in die Zukunft","publisher":{"@id":"https:\/\/www.hafo.co.at\/#organization"},"alternateName":"Haselsteiner Forsttechnik","potentialAction":[{"@type":"SearchAction","target":{"@type":"EntryPoint","urlTemplate":"https:\/\/www.hafo.co.at\/?s={search_term_string}"},"query-input":{"@type":"PropertyValueSpecification","valueRequired":true,"valueName":"search_term_string"}}],"inLanguage":"en-GB"},{"@type":"Organization","@id":"https:\/\/www.hafo.co.at\/#organization","name":"HAFO forestry technology","url":"https:\/\/www.hafo.co.at\/","logo":{"@type":"ImageObject","inLanguage":"en-GB","@id":"https:\/\/www.hafo.co.at\/#\/schema\/logo\/image\/","url":"https:\/\/www.hafo.co.at\/wp-content\/uploads\/2025\/01\/Icon.png","contentUrl":"https:\/\/www.hafo.co.at\/wp-content\/uploads\/2025\/01\/Icon.png","width":1080,"height":1080,"caption":"HAFO Forsttechnik"},"image":{"@id":"https:\/\/www.hafo.co.at\/#\/schema\/logo\/image\/"},"sameAs":["https:\/\/www.facebook.com\/p\/HAFO-100064275891778\/?locale=de_DE","https:\/\/www.instagram.com\/hafo.haselsteiner\/","https:\/\/www.youtube.com\/channel\/UCOJhfhsB-vUuG8v6kAf_HEQ\/videos","https:\/\/www.tiktok.com\/@haselsteiner"]}]}},"_links":{"self":[{"href":"https:\/\/www.hafo.co.at\/en\/wp-json\/wp\/v2\/pages\/2443","targetHints":{"allow":["GET"]}}],"collection":[{"href":"https:\/\/www.hafo.co.at\/en\/wp-json\/wp\/v2\/pages"}],"about":[{"href":"https:\/\/www.hafo.co.at\/en\/wp-json\/wp\/v2\/types\/page"}],"author":[{"embeddable":true,"href":"https:\/\/www.hafo.co.at\/en\/wp-json\/wp\/v2\/users\/3"}],"replies":[{"embeddable":true,"href":"https:\/\/www.hafo.co.at\/en\/wp-json\/wp\/v2\/comments?post=2443"}],"version-history":[{"count":17,"href":"https:\/\/www.hafo.co.at\/en\/wp-json\/wp\/v2\/pages\/2443\/revisions"}],"predecessor-version":[{"id":5176,"href":"https:\/\/www.hafo.co.at\/en\/wp-json\/wp\/v2\/pages\/2443\/revisions\/5176"}],"wp:attachment":[{"href":"https:\/\/www.hafo.co.at\/en\/wp-json\/wp\/v2\/media?parent=2443"}],"curies":[{"name":"wp","href":"https:\/\/api.w.org\/{rel}","templated":true}]}}