{"id":1300,"date":"2025-01-09T12:51:57","date_gmt":"2025-01-09T11:51:57","guid":{"rendered":"https:\/\/hafo.amore.raidberry.com\/?page_id=1300"},"modified":"2026-02-02T08:41:13","modified_gmt":"2026-02-02T07:41:13","slug":"fragen-sapi-winde","status":"publish","type":"page","link":"https:\/\/www.hafo.co.at\/fr\/sapi-winde\/fragen-sapi-winde\/","title":{"rendered":"Frage SAPI Winde"},"content":{"rendered":"<h1>\n\t\t\tH\u00e4ufige Fragen &#8211; SAPI Winde\t<\/h1>\n\t\t\t\tLe treuil dispose-t-il d'une roue libre ?\n\t\t\t\t\t<p>Non. Le treuil fonctionne volontairement dans les deux sens, c'est pourquoi nous recommandons d'investir \u00e9galement dans le kit box radio HAFO, qui est \u00e9quip\u00e9 de nombreuses fonctions de s\u00e9curit\u00e9 et am\u00e9liore consid\u00e9rablement l'efficacit\u00e9 du travail. Avec le petit treuil EASY, vous pouvez ajouter un kit bypass, ce qui permet d'utiliser le treuil comme s'il avait une roue libre.<\/p>\n\t\t\t\tO\u00f9 puis-je monter le treuil exactement ?\n\t\t\t\t\t<p>En th\u00e9orie, le petit treuil compact peut \u00eatre mont\u00e9 partout o\u00f9 vous en avez besoin et o\u00f9 un raccordement hydraulique est disponible. Veuillez toutefois imp\u00e9rativement respecter le mode d'emploi !<\/p>\n\t\t\t\tDe quoi ai-je besoin en tout et pour tout si, par exemple, je souhaite monter le treuil tout \u00e0 l'avant sur le bras de ma grue, au-dessus du grappin ?\n\t\t\t\t\t<p>Hierf\u00fcr ist das System ganz einfach. Wir versorgen die Winde von der Rotator Leitung, das hei\u00dft einfach einen 3 Wegehahn einbauen + Winde + beliebige Konsole + Seil + eventuell passend zur EASY Winde ein Bypass &#8211; Set und schon kann es los gehen!<\/p>\n\t\t\t\t\u00c0 quoi sert le petit treuil ?\n\t\t\t\t\t<p>Gedacht ist sie als kleine Winde um einfach den gro\u00dfen Bereich \u201eAlles was mir mit der Hand (Sapi) zu schwer ist und sich die gro\u00dfe Winde nicht auszahlt&#8220; abzudecken. F\u00fcr uns zum Beispiel ist der Krananh\u00e4nger doppelt so effektiv mit der Winde da wir sogar Erstdurchforstungen rein mit dieser Durchf\u00fchren!<\/p>\n\t\t\t\tO\u00f9 puis-je monter le SAPI Pro ?\n\t\t\t\t\t<p>Le SAPI Pro a \u00e9t\u00e9 pens\u00e9 pour \u00e9quiper les tracteurs de grande taille (montage sur le godet \u00e0 terre) ou les petites pelles foresti\u00e8res pesant jusqu'\u00e0 sept tonnes. Il y sert de treuil auxiliaire lorsqu'il faut d\u00e9barder du petit bois aux dimensions importantes.<\/p>\n\t\t\t\tDe quel raccord hydraulique ai-je besoin ?\n\t\t\t\t\t<p>Le fonctionnement s'effectue \u00e0 l'aide d'un mod\u00e8le \u00e0 double effet ou, en option, \u00e0 l'aide de notre box radio avec un mod\u00e8le \u00e0 simple effet  muni d'un syst\u00e8me de retour sans pression.<\/p>\n\t<h2>Dokumente zum Downloaden<\/h2>\n\t<p><a href=\"https:\/\/www.hafo.co.at\/wp-content\/uploads\/2026\/01\/ELCA-FUNK-Aktivieren.pdf\" target=\"_blank\" rel=\"noopener\">Elca Funk aktivieren\u00a0<\/a><\/p>\n\t\t\t<a href=\"https:\/\/www.hafo.co.at\/fr\/sapi-treuil\/\"  target=\"_self\">\n\t\t\t\t\t\t\tretourner \u00e0 la page produit\n\t\t\t\t\t<\/a>\n\t\t\t<a href=\"https:\/\/www.hafo.co.at\/fr\/categorie-de-produits\/sapi-treuil\/\"  target=\"_self\">\n\t\t\t\t\t\t\tacheter d\u00e8s maintenant\n\t\t\t\t\t<\/a>","protected":false},"excerpt":{"rendered":"<p>H\u00e4ufige Fragen &#8211; SAPI Winde Hat die Winde einen Freilauf? Nein hat sie nicht, wir fahren in beide Richtungen Aktiv deswegen empfehlen wir unser originales HAFO Funkboxset das mit zahlreichen Sicherheitsfunktionen ausgestattet ist und die Arbeit sehr effizient macht. Bei der kleinen EASY Winde gibt es die M\u00f6glichkeit f\u00fcr ein Bypassset somit kann man die&hellip;<\/p>","protected":false},"author":2,"featured_media":0,"parent":74,"menu_order":0,"comment_status":"closed","ping_status":"closed","template":"","meta":{"footnotes":""},"class_list":["post-1300","page","type-page","status-publish","hentry"],"yoast_head":"<!-- This site is optimized with the Yoast SEO plugin v27.1.1 - https:\/\/yoast.com\/product\/yoast-seo-wordpress\/ -->\n<title>Frage SAPI Winde - HAFO Forsttechnik<\/title>\n<meta name=\"description\" content=\"Fragen zur HAFO Sapiwinde\" \/>\n<meta name=\"robots\" content=\"index, follow, max-snippet:-1, max-image-preview:large, max-video-preview:-1\" \/>\n<link rel=\"canonical\" href=\"https:\/\/www.hafo.co.at\/fr\/sapi-treuil\/fragen-sapi-winde\/\" \/>\n<meta property=\"og:locale\" content=\"fr_FR\" \/>\n<meta property=\"og:type\" content=\"article\" \/>\n<meta property=\"og:title\" content=\"Frage SAPI Winde - HAFO Forsttechnik\" \/>\n<meta property=\"og:description\" content=\"Fragen zur HAFO Sapiwinde\" \/>\n<meta property=\"og:url\" content=\"https:\/\/www.hafo.co.at\/fr\/sapi-treuil\/fragen-sapi-winde\/\" \/>\n<meta property=\"og:site_name\" content=\"HAFO Forsttechnik\" \/>\n<meta property=\"article:publisher\" content=\"https:\/\/www.facebook.com\/p\/HAFO-100064275891778\/?locale=de_DE\" \/>\n<meta property=\"article:modified_time\" content=\"2026-02-02T07:41:13+00:00\" \/>\n<meta property=\"og:image\" content=\"https:\/\/www.hafo.co.at\/wp-content\/uploads\/2025\/07\/Seil-ziehen.jpg\" \/>\n\t<meta property=\"og:image:width\" content=\"1500\" \/>\n\t<meta property=\"og:image:height\" content=\"1500\" \/>\n\t<meta property=\"og:image:type\" content=\"image\/jpeg\" \/>\n<meta name=\"twitter:card\" content=\"summary_large_image\" \/>\n<script type=\"application\/ld+json\" class=\"yoast-schema-graph\">{\"@context\":\"https:\/\/schema.org\",\"@graph\":[{\"@type\":\"WebPage\",\"@id\":\"https:\/\/www.hafo.co.at\/sapi-winde\/fragen-sapi-winde\/\",\"url\":\"https:\/\/www.hafo.co.at\/sapi-winde\/fragen-sapi-winde\/\",\"name\":\"Frage SAPI Winde - HAFO Forsttechnik\",\"isPartOf\":{\"@id\":\"https:\/\/www.hafo.co.at\/#website\"},\"datePublished\":\"2025-01-09T11:51:57+00:00\",\"dateModified\":\"2026-02-02T07:41:13+00:00\",\"description\":\"Fragen zur HAFO Sapiwinde\",\"breadcrumb\":{\"@id\":\"https:\/\/www.hafo.co.at\/sapi-winde\/fragen-sapi-winde\/#breadcrumb\"},\"inLanguage\":\"fr-FR\",\"potentialAction\":[{\"@type\":\"ReadAction\",\"target\":[\"https:\/\/www.hafo.co.at\/sapi-winde\/fragen-sapi-winde\/\"]}]},{\"@type\":\"BreadcrumbList\",\"@id\":\"https:\/\/www.hafo.co.at\/sapi-winde\/fragen-sapi-winde\/#breadcrumb\",\"itemListElement\":[{\"@type\":\"ListItem\",\"position\":1,\"name\":\"Startseite\",\"item\":\"https:\/\/www.hafo.co.at\/\"},{\"@type\":\"ListItem\",\"position\":2,\"name\":\"SAPI Winde\",\"item\":\"https:\/\/www.hafo.co.at\/sapi-winde\/\"},{\"@type\":\"ListItem\",\"position\":3,\"name\":\"Frage SAPI Winde\"}]},{\"@type\":\"WebSite\",\"@id\":\"https:\/\/www.hafo.co.at\/#website\",\"url\":\"https:\/\/www.hafo.co.at\/\",\"name\":\"HAFO Forsttechnik\",\"description\":\"HAFO Hilfswinden HAFO Sapiwinden, aus Tradition in die Zukunft\",\"publisher\":{\"@id\":\"https:\/\/www.hafo.co.at\/#organization\"},\"alternateName\":\"Haselsteiner Forsttechnik\",\"potentialAction\":[{\"@type\":\"SearchAction\",\"target\":{\"@type\":\"EntryPoint\",\"urlTemplate\":\"https:\/\/www.hafo.co.at\/?s={search_term_string}\"},\"query-input\":{\"@type\":\"PropertyValueSpecification\",\"valueRequired\":true,\"valueName\":\"search_term_string\"}}],\"inLanguage\":\"fr-FR\"},{\"@type\":\"Organization\",\"@id\":\"https:\/\/www.hafo.co.at\/#organization\",\"name\":\"HAFO Forsttechnik\",\"url\":\"https:\/\/www.hafo.co.at\/\",\"logo\":{\"@type\":\"ImageObject\",\"inLanguage\":\"fr-FR\",\"@id\":\"https:\/\/www.hafo.co.at\/#\/schema\/logo\/image\/\",\"url\":\"https:\/\/www.hafo.co.at\/wp-content\/uploads\/2025\/01\/Icon.png\",\"contentUrl\":\"https:\/\/www.hafo.co.at\/wp-content\/uploads\/2025\/01\/Icon.png\",\"width\":1080,\"height\":1080,\"caption\":\"HAFO Forsttechnik\"},\"image\":{\"@id\":\"https:\/\/www.hafo.co.at\/#\/schema\/logo\/image\/\"},\"sameAs\":[\"https:\/\/www.facebook.com\/p\/HAFO-100064275891778\/?locale=de_DE\",\"https:\/\/www.instagram.com\/hafo.haselsteiner\/\",\"https:\/\/www.youtube.com\/channel\/UCOJhfhsB-vUuG8v6kAf_HEQ\/videos\",\"https:\/\/www.tiktok.com\/@haselsteiner\"]}]}<\/script>\n<!-- \/ Yoast SEO plugin. -->","yoast_head_json":{"title":"Frage SAPI Winde - HAFO Forsttechnik","description":"Fragen zur HAFO Sapiwinde","robots":{"index":"index","follow":"follow","max-snippet":"max-snippet:-1","max-image-preview":"max-image-preview:large","max-video-preview":"max-video-preview:-1"},"canonical":"https:\/\/www.hafo.co.at\/fr\/sapi-treuil\/fragen-sapi-winde\/","og_locale":"fr_FR","og_type":"article","og_title":"Frage SAPI Winde - HAFO Forsttechnik","og_description":"Fragen zur HAFO Sapiwinde","og_url":"https:\/\/www.hafo.co.at\/fr\/sapi-treuil\/fragen-sapi-winde\/","og_site_name":"HAFO Forsttechnik","article_publisher":"https:\/\/www.facebook.com\/p\/HAFO-100064275891778\/?locale=de_DE","article_modified_time":"2026-02-02T07:41:13+00:00","og_image":[{"width":1500,"height":1500,"url":"https:\/\/www.hafo.co.at\/wp-content\/uploads\/2025\/07\/Seil-ziehen.jpg","type":"image\/jpeg"}],"twitter_card":"summary_large_image","schema":{"@context":"https:\/\/schema.org","@graph":[{"@type":"WebPage","@id":"https:\/\/www.hafo.co.at\/sapi-winde\/fragen-sapi-winde\/","url":"https:\/\/www.hafo.co.at\/sapi-winde\/fragen-sapi-winde\/","name":"Frage SAPI Winde - HAFO Forsttechnik","isPartOf":{"@id":"https:\/\/www.hafo.co.at\/#website"},"datePublished":"2025-01-09T11:51:57+00:00","dateModified":"2026-02-02T07:41:13+00:00","description":"Fragen zur HAFO Sapiwinde","breadcrumb":{"@id":"https:\/\/www.hafo.co.at\/sapi-winde\/fragen-sapi-winde\/#breadcrumb"},"inLanguage":"fr-FR","potentialAction":[{"@type":"ReadAction","target":["https:\/\/www.hafo.co.at\/sapi-winde\/fragen-sapi-winde\/"]}]},{"@type":"BreadcrumbList","@id":"https:\/\/www.hafo.co.at\/sapi-winde\/fragen-sapi-winde\/#breadcrumb","itemListElement":[{"@type":"ListItem","position":1,"name":"Startseite","item":"https:\/\/www.hafo.co.at\/"},{"@type":"ListItem","position":2,"name":"SAPI Winde","item":"https:\/\/www.hafo.co.at\/sapi-winde\/"},{"@type":"ListItem","position":3,"name":"Frage SAPI Winde"}]},{"@type":"WebSite","@id":"https:\/\/www.hafo.co.at\/#website","url":"https:\/\/www.hafo.co.at\/","name":"HAFO Technique foresti\u00e8re","description":"HAFO Hilfswinden HAFO Sapiwinden, aus Tradition in die Zukunft","publisher":{"@id":"https:\/\/www.hafo.co.at\/#organization"},"alternateName":"Haselsteiner Forsttechnik","potentialAction":[{"@type":"SearchAction","target":{"@type":"EntryPoint","urlTemplate":"https:\/\/www.hafo.co.at\/?s={search_term_string}"},"query-input":{"@type":"PropertyValueSpecification","valueRequired":true,"valueName":"search_term_string"}}],"inLanguage":"fr-FR"},{"@type":"Organization","@id":"https:\/\/www.hafo.co.at\/#organization","name":"HAFO Technique foresti\u00e8re","url":"https:\/\/www.hafo.co.at\/","logo":{"@type":"ImageObject","inLanguage":"fr-FR","@id":"https:\/\/www.hafo.co.at\/#\/schema\/logo\/image\/","url":"https:\/\/www.hafo.co.at\/wp-content\/uploads\/2025\/01\/Icon.png","contentUrl":"https:\/\/www.hafo.co.at\/wp-content\/uploads\/2025\/01\/Icon.png","width":1080,"height":1080,"caption":"HAFO Forsttechnik"},"image":{"@id":"https:\/\/www.hafo.co.at\/#\/schema\/logo\/image\/"},"sameAs":["https:\/\/www.facebook.com\/p\/HAFO-100064275891778\/?locale=de_DE","https:\/\/www.instagram.com\/hafo.haselsteiner\/","https:\/\/www.youtube.com\/channel\/UCOJhfhsB-vUuG8v6kAf_HEQ\/videos","https:\/\/www.tiktok.com\/@haselsteiner"]}]}},"_links":{"self":[{"href":"https:\/\/www.hafo.co.at\/fr\/wp-json\/wp\/v2\/pages\/1300","targetHints":{"allow":["GET"]}}],"collection":[{"href":"https:\/\/www.hafo.co.at\/fr\/wp-json\/wp\/v2\/pages"}],"about":[{"href":"https:\/\/www.hafo.co.at\/fr\/wp-json\/wp\/v2\/types\/page"}],"author":[{"embeddable":true,"href":"https:\/\/www.hafo.co.at\/fr\/wp-json\/wp\/v2\/users\/2"}],"replies":[{"embeddable":true,"href":"https:\/\/www.hafo.co.at\/fr\/wp-json\/wp\/v2\/comments?post=1300"}],"version-history":[{"count":4,"href":"https:\/\/www.hafo.co.at\/fr\/wp-json\/wp\/v2\/pages\/1300\/revisions"}],"predecessor-version":[{"id":4856,"href":"https:\/\/www.hafo.co.at\/fr\/wp-json\/wp\/v2\/pages\/1300\/revisions\/4856"}],"up":[{"embeddable":true,"href":"https:\/\/www.hafo.co.at\/fr\/wp-json\/wp\/v2\/pages\/74"}],"wp:attachment":[{"href":"https:\/\/www.hafo.co.at\/fr\/wp-json\/wp\/v2\/media?parent=1300"}],"curies":[{"name":"wp","href":"https:\/\/api.w.org\/{rel}","templated":true}]}}