{"id":17,"date":"2022-08-18T08:42:18","date_gmt":"2022-08-18T06:42:18","guid":{"rendered":"https:\/\/mptemp02.amore.raidberry.com\/?page_id=17"},"modified":"2025-11-10T08:10:36","modified_gmt":"2025-11-10T07:10:36","slug":"impressum","status":"publish","type":"page","link":"https:\/\/www.hafo.co.at\/fr\/impressum\/","title":{"rendered":"mentions l\u00e9gales"},"content":{"rendered":"<h1>\n\t\t\tmentions l\u00e9gales\t<\/h1>\n\t<p><strong>\u00a0HAFO GmbH<\/strong><\/p>\nOthmar Ruthner-Stra\u00dfe 8<br \/>\n3340 Waidhofen\/Ybbs<br \/>\n\u00d6sterreich\nMobil: 0650 62 96 900<br \/>\nFax: 02742 222 3333 752\nE-Mail <a href=\"mailto:office@hafo.co.at\">office@hafo.co.at<\/a><br \/>\nWeb <a href=\"https:\/\/www.hafo.co.at\/fr\/\">https:\/\/www.hafo.co.at<\/a>\n<p>ATU71131312<\/p>\nNum\u00e9ro d'enregistrement au registre du commerce : (FN 454512a),<br \/>\nFirmenbuchgericht: (HG St. P\u00f6lten, Waidhofen\/Ybbs)\nZugeh\u00f6rig zur Wirtschaftskammer N\u00d6, WK\u00d6<br \/>\nBundes- und Landesgremium des Baustoff-. Eisen- und Holzhandels\nUnternehmensgegenstand:<br \/>\nCommerce de mat\u00e9riel forestier (treuils forestiers et treuils auxiliaires SAPI et accessoires) ; services forestiers ; abattage, d\u00e9bardage et broyage du bois ; sylviculture ; commerce de d\u00e9tail de pi\u00e8ces et d'accessoires pour v\u00e9hicules automobiles ; commerce de gros de minerais, de fer, d'acier et de produits semi-finis ; commerce de d\u00e9tail d'articles m\u00e9talliques, de peintures et de produits de bricolage et de construction\n<p>Notre objectif : vous informer sur nos produits et vous aider \u00e0 optimiser le transport du bois<\/p>\n<p>entreprise certifi\u00e9e<\/p>\nPersonnages<br \/>\nGesch\u00e4ftsf\u00fchrer<br \/>\nmonsieur Haselsteiner Wolfgang<br \/>\ncon potere di rappresentanza esclusiva<br \/>\nHerr Haselsteiner Richard Privatperson (25%)<br \/>\ncon potere di rappresentanza esclusiva<br \/>\nHerr Haselsteiner Josef Privatperson (25%)<br \/>\ncon potere di rappresentanza esclusiva<br \/>\nHerr Haselsteiner Ulrich Privatperson (25%)<br \/>\ncon potere di rappresentanza esclusiva\n<p>&nbsp;<\/p>","protected":false},"excerpt":{"rendered":"<p>Impressum \u00a0HAFO GmbH Othmar Ruthner-Stra\u00dfe 8 3340 Waidhofen\/Ybbs \u00d6sterreich Mobil: 0650 62 96 900 Fax: 02742 222 3333 752 E-Mail office@hafo.co.at Web https:\/\/www.hafo.co.at ATU71131312 Firmenbuchnummer: (FN 454512a), Firmenbuchgericht: (HG St. P\u00f6lten, Waidhofen\/Ybbs) Zugeh\u00f6rig zur Wirtschaftskammer N\u00d6, WK\u00d6 Bundes- und Landesgremium des Baustoff-. Eisen- und Holzhandels Unternehmensgegenstand: Handel mit Forsttechnik (SAPI Forstwinde und Hilfswinde und Zubeh\u00f6r);&hellip;<\/p>","protected":false},"author":2,"featured_media":0,"parent":0,"menu_order":0,"comment_status":"closed","ping_status":"closed","template":"","meta":{"footnotes":""},"class_list":["post-17","page","type-page","status-publish","hentry"],"yoast_head":"<!-- This site is optimized with the Yoast SEO plugin v27.1.1 - https:\/\/yoast.com\/product\/yoast-seo-wordpress\/ -->\n<title>Impressum - HAFO Forsttechnik<\/title>\n<meta name=\"description\" content=\"Impressum HAFO\" \/>\n<meta name=\"robots\" content=\"index, follow, max-snippet:-1, max-image-preview:large, max-video-preview:-1\" \/>\n<link rel=\"canonical\" href=\"https:\/\/www.hafo.co.at\/fr\/impressum\/\" \/>\n<meta property=\"og:locale\" content=\"fr_FR\" \/>\n<meta property=\"og:type\" content=\"article\" \/>\n<meta property=\"og:title\" content=\"Impressum - HAFO Forsttechnik\" \/>\n<meta property=\"og:description\" content=\"Impressum HAFO\" \/>\n<meta property=\"og:url\" content=\"https:\/\/www.hafo.co.at\/fr\/impressum\/\" \/>\n<meta property=\"og:site_name\" content=\"HAFO Forsttechnik\" \/>\n<meta property=\"article:publisher\" content=\"https:\/\/www.facebook.com\/p\/HAFO-100064275891778\/?locale=de_DE\" \/>\n<meta property=\"article:modified_time\" content=\"2025-11-10T07:10:36+00:00\" \/>\n<meta property=\"og:image\" content=\"https:\/\/www.hafo.co.at\/wp-content\/uploads\/2025\/07\/Seil-ziehen.jpg\" \/>\n\t<meta property=\"og:image:width\" content=\"1500\" \/>\n\t<meta property=\"og:image:height\" content=\"1500\" \/>\n\t<meta property=\"og:image:type\" content=\"image\/jpeg\" \/>\n<meta name=\"twitter:card\" content=\"summary_large_image\" \/>\n<script type=\"application\/ld+json\" class=\"yoast-schema-graph\">{\"@context\":\"https:\/\/schema.org\",\"@graph\":[{\"@type\":\"WebPage\",\"@id\":\"https:\/\/www.hafo.co.at\/impressum\/\",\"url\":\"https:\/\/www.hafo.co.at\/impressum\/\",\"name\":\"Impressum - HAFO Forsttechnik\",\"isPartOf\":{\"@id\":\"https:\/\/www.hafo.co.at\/#website\"},\"datePublished\":\"2022-08-18T06:42:18+00:00\",\"dateModified\":\"2025-11-10T07:10:36+00:00\",\"description\":\"Impressum HAFO\",\"breadcrumb\":{\"@id\":\"https:\/\/www.hafo.co.at\/impressum\/#breadcrumb\"},\"inLanguage\":\"fr-FR\",\"potentialAction\":[{\"@type\":\"ReadAction\",\"target\":[\"https:\/\/www.hafo.co.at\/impressum\/\"]}]},{\"@type\":\"BreadcrumbList\",\"@id\":\"https:\/\/www.hafo.co.at\/impressum\/#breadcrumb\",\"itemListElement\":[{\"@type\":\"ListItem\",\"position\":1,\"name\":\"Startseite\",\"item\":\"https:\/\/www.hafo.co.at\/\"},{\"@type\":\"ListItem\",\"position\":2,\"name\":\"Impressum\"}]},{\"@type\":\"WebSite\",\"@id\":\"https:\/\/www.hafo.co.at\/#website\",\"url\":\"https:\/\/www.hafo.co.at\/\",\"name\":\"HAFO Forsttechnik\",\"description\":\"HAFO Hilfswinden HAFO Sapiwinden, aus Tradition in die Zukunft\",\"publisher\":{\"@id\":\"https:\/\/www.hafo.co.at\/#organization\"},\"alternateName\":\"Haselsteiner Forsttechnik\",\"potentialAction\":[{\"@type\":\"SearchAction\",\"target\":{\"@type\":\"EntryPoint\",\"urlTemplate\":\"https:\/\/www.hafo.co.at\/?s={search_term_string}\"},\"query-input\":{\"@type\":\"PropertyValueSpecification\",\"valueRequired\":true,\"valueName\":\"search_term_string\"}}],\"inLanguage\":\"fr-FR\"},{\"@type\":\"Organization\",\"@id\":\"https:\/\/www.hafo.co.at\/#organization\",\"name\":\"HAFO Forsttechnik\",\"url\":\"https:\/\/www.hafo.co.at\/\",\"logo\":{\"@type\":\"ImageObject\",\"inLanguage\":\"fr-FR\",\"@id\":\"https:\/\/www.hafo.co.at\/#\/schema\/logo\/image\/\",\"url\":\"https:\/\/www.hafo.co.at\/wp-content\/uploads\/2025\/01\/Icon.png\",\"contentUrl\":\"https:\/\/www.hafo.co.at\/wp-content\/uploads\/2025\/01\/Icon.png\",\"width\":1080,\"height\":1080,\"caption\":\"HAFO Forsttechnik\"},\"image\":{\"@id\":\"https:\/\/www.hafo.co.at\/#\/schema\/logo\/image\/\"},\"sameAs\":[\"https:\/\/www.facebook.com\/p\/HAFO-100064275891778\/?locale=de_DE\",\"https:\/\/www.instagram.com\/hafo.haselsteiner\/\",\"https:\/\/www.youtube.com\/channel\/UCOJhfhsB-vUuG8v6kAf_HEQ\/videos\",\"https:\/\/www.tiktok.com\/@haselsteiner\"]}]}<\/script>\n<!-- \/ Yoast SEO plugin. -->","yoast_head_json":{"title":"Impressum - HAFO Forsttechnik","description":"Impressum HAFO","robots":{"index":"index","follow":"follow","max-snippet":"max-snippet:-1","max-image-preview":"max-image-preview:large","max-video-preview":"max-video-preview:-1"},"canonical":"https:\/\/www.hafo.co.at\/fr\/impressum\/","og_locale":"fr_FR","og_type":"article","og_title":"Impressum - HAFO Forsttechnik","og_description":"Impressum HAFO","og_url":"https:\/\/www.hafo.co.at\/fr\/impressum\/","og_site_name":"HAFO Forsttechnik","article_publisher":"https:\/\/www.facebook.com\/p\/HAFO-100064275891778\/?locale=de_DE","article_modified_time":"2025-11-10T07:10:36+00:00","og_image":[{"width":1500,"height":1500,"url":"https:\/\/www.hafo.co.at\/wp-content\/uploads\/2025\/07\/Seil-ziehen.jpg","type":"image\/jpeg"}],"twitter_card":"summary_large_image","schema":{"@context":"https:\/\/schema.org","@graph":[{"@type":"WebPage","@id":"https:\/\/www.hafo.co.at\/impressum\/","url":"https:\/\/www.hafo.co.at\/impressum\/","name":"Impressum - HAFO Forsttechnik","isPartOf":{"@id":"https:\/\/www.hafo.co.at\/#website"},"datePublished":"2022-08-18T06:42:18+00:00","dateModified":"2025-11-10T07:10:36+00:00","description":"Impressum HAFO","breadcrumb":{"@id":"https:\/\/www.hafo.co.at\/impressum\/#breadcrumb"},"inLanguage":"fr-FR","potentialAction":[{"@type":"ReadAction","target":["https:\/\/www.hafo.co.at\/impressum\/"]}]},{"@type":"BreadcrumbList","@id":"https:\/\/www.hafo.co.at\/impressum\/#breadcrumb","itemListElement":[{"@type":"ListItem","position":1,"name":"Startseite","item":"https:\/\/www.hafo.co.at\/"},{"@type":"ListItem","position":2,"name":"Impressum"}]},{"@type":"WebSite","@id":"https:\/\/www.hafo.co.at\/#website","url":"https:\/\/www.hafo.co.at\/","name":"HAFO Technique foresti\u00e8re","description":"HAFO Hilfswinden HAFO Sapiwinden, aus Tradition in die Zukunft","publisher":{"@id":"https:\/\/www.hafo.co.at\/#organization"},"alternateName":"Haselsteiner Forsttechnik","potentialAction":[{"@type":"SearchAction","target":{"@type":"EntryPoint","urlTemplate":"https:\/\/www.hafo.co.at\/?s={search_term_string}"},"query-input":{"@type":"PropertyValueSpecification","valueRequired":true,"valueName":"search_term_string"}}],"inLanguage":"fr-FR"},{"@type":"Organization","@id":"https:\/\/www.hafo.co.at\/#organization","name":"HAFO Technique foresti\u00e8re","url":"https:\/\/www.hafo.co.at\/","logo":{"@type":"ImageObject","inLanguage":"fr-FR","@id":"https:\/\/www.hafo.co.at\/#\/schema\/logo\/image\/","url":"https:\/\/www.hafo.co.at\/wp-content\/uploads\/2025\/01\/Icon.png","contentUrl":"https:\/\/www.hafo.co.at\/wp-content\/uploads\/2025\/01\/Icon.png","width":1080,"height":1080,"caption":"HAFO Forsttechnik"},"image":{"@id":"https:\/\/www.hafo.co.at\/#\/schema\/logo\/image\/"},"sameAs":["https:\/\/www.facebook.com\/p\/HAFO-100064275891778\/?locale=de_DE","https:\/\/www.instagram.com\/hafo.haselsteiner\/","https:\/\/www.youtube.com\/channel\/UCOJhfhsB-vUuG8v6kAf_HEQ\/videos","https:\/\/www.tiktok.com\/@haselsteiner"]}]}},"_links":{"self":[{"href":"https:\/\/www.hafo.co.at\/fr\/wp-json\/wp\/v2\/pages\/17","targetHints":{"allow":["GET"]}}],"collection":[{"href":"https:\/\/www.hafo.co.at\/fr\/wp-json\/wp\/v2\/pages"}],"about":[{"href":"https:\/\/www.hafo.co.at\/fr\/wp-json\/wp\/v2\/types\/page"}],"author":[{"embeddable":true,"href":"https:\/\/www.hafo.co.at\/fr\/wp-json\/wp\/v2\/users\/2"}],"replies":[{"embeddable":true,"href":"https:\/\/www.hafo.co.at\/fr\/wp-json\/wp\/v2\/comments?post=17"}],"version-history":[{"count":3,"href":"https:\/\/www.hafo.co.at\/fr\/wp-json\/wp\/v2\/pages\/17\/revisions"}],"predecessor-version":[{"id":4475,"href":"https:\/\/www.hafo.co.at\/fr\/wp-json\/wp\/v2\/pages\/17\/revisions\/4475"}],"wp:attachment":[{"href":"https:\/\/www.hafo.co.at\/fr\/wp-json\/wp\/v2\/media?parent=17"}],"curies":[{"name":"wp","href":"https:\/\/api.w.org\/{rel}","templated":true}]}}