{"id":19,"date":"2022-08-18T08:42:35","date_gmt":"2022-08-18T06:42:35","guid":{"rendered":"https:\/\/mptemp02.amore.raidberry.com\/?page_id=19"},"modified":"2026-04-08T11:30:07","modified_gmt":"2026-04-08T09:30:07","slug":"datenschutz","status":"publish","type":"page","link":"https:\/\/www.hafo.co.at\/fr\/datenschutz\/","title":{"rendered":"protection des donn\u00e9es"},"content":{"rendered":"<h1>\n\t\t\tDatenschutzerkl\u00e4rung\t<\/h1>\n\t<p><strong>Datenschutzerkl\u00e4rung<\/strong><\/p>\n<p>Diese Datenschutzerkl\u00e4rung kl\u00e4rt \u00fcber die Art, den Umfang und Zwecke der Erhebung und Verwendung von Daten der Besucher und Nutzer (nachfolgend zusammenfassend bezeichnet als \u201eNutzer&#8220;) durch Hafo GmbH, (nachfolgend \u201eAnbieter&#8220;) als datenschutzrechtlich verantwortliche Stelle auf.<\/p>\n<p>Bei Fragen zum Datenschutz erreichen Sie uns per E-Mail unter office@hafo.co.at.<\/p>\nInhaltsverzeichnis<br \/>\n1. Zielsetzung und verantwortliche Stelle<br \/>\n2. Grunds\u00e4tzliche Angaben zur Datenverarbeitung<br \/>\n3. Verarbeitung personenbezogener Daten<br \/>\n4. Erhebung von Zugriffsdaten<br \/>\n5. Cookies &amp; Reichweitenmessung<br \/>\n6. Google Analytics<br \/>\n7. Einbindung von Diensten und Inhalten Dritter<br \/>\n8. Rechte der Nutzer und L\u00f6schung<br \/>\n9. \u00c4nderungen der Datenschutzerkl\u00e4rung\n<strong>1. ZIELSETZUNG UND VERANTWORTLICHE STELLE<\/strong><br \/>\nDiese Datenschutzerkl\u00e4rung kl\u00e4rt \u00fcber die Art, den Umfang und Zweck der Verarbeitung (u.a. Erhebung, Verarbeitung und Nutzung sowie Einholung von Einwilligungen) von personenbezogenen Daten innerhalb unseres Onlineangebotes und der mit ihm verbundenen Webseiten, Funktionen und Inhalte (nachfolgend gemeinsam bezeichnet als &#8222;Onlineangebot&#8220; oder &#8222;Website&#8220;) auf. Die Datenschutzerkl\u00e4rung gilt unabh\u00e4ngig von den verwendeten Domains, Systemen, Plattformen und Ger\u00e4ten (z.B. Desktop oder Mobile) auf denen das Onlineangebot ausgef\u00fchrt wird.\n<p>Anbieter des Onlineangebotes und die datenschutzrechtlich verantwortliche Stelle ist Hafo GmbH, Waidhofen an der Ybbs (nachfolgend bezeichnet als &#8222;AnbieterIn&#8220;, &#8222;wir&#8220; oder &#8222;uns&#8220;).<\/p>\n<p>Kontaktdaten:<\/p>\n<p>Wolfgang Haselsteiner<\/p>\n<p>wolfgang.haselsteiner@hafo.co.at<\/p>\n<p>HAFO GmbH<\/p>\n<p>Waidhofen an der Ybbs, \u00d6sterreich<\/p>\n<p>office@hafo.co.at<\/p>\n<p>Der Begriff &#8222;Nutzer&#8220; umfasst alle Kunden und Besucher unseres Onlineangebotes. Die verwendeten Begrifflichkeiten, wie z.B. &#8222;Nutzer&#8220; sind geschlechtsneutral zu verstehen.<\/p>\n<p>&nbsp;<\/p>\n<strong>2. GRUNDS\u00c4TZLICHE ANGABEN ZUR DATENVERARBEITUNG<\/strong><br \/>\nWir verarbeiten personenbezogene Daten der Nutzer nur unter Einhaltung der einschl\u00e4gigen Datenschutzbestimmungen entsprechend den Geboten der Datensparsamkeit- und Datenvermeidung. Das bedeutet die Daten der Nutzer werden nur beim Vorliegen einer gesetzlichen Erlaubnis, insbesondere wenn die Daten zur Erbringung unserer vertraglichen Leistungen sowie Online-Services erforderlich, bzw. gesetzlich vorgeschrieben sind oder beim Vorliegen einer Einwilligung verarbeitet.\n<p>Wir treffen organisatorische, vertragliche und technische Sicherheitsma\u00dfnahmen entsprechend dem Stand der Technik, um sicher zu stellen, dass die Vorschriften der Datenschutzgesetze eingehalten werden und um damit die durch uns verarbeiteten Daten gegen zuf\u00e4llige oder vors\u00e4tzliche Manipulationen, Verlust, Zerst\u00f6rung oder gegen den Zugriff unberechtigter Personen zu sch\u00fctzen.<\/p>\n<p>Sofern im Rahmen dieser Datenschutzerkl\u00e4rung Inhalte, Werkzeuge oder sonstige Mittel von anderen Anbietern (nachfolgend gemeinsam bezeichnet als &#8222;Dritt-Anbieter&#8220;) eingesetzt werden und deren genannter Sitz im Ausland ist, ist davon auszugehen, dass ein Datentransfer in die Sitzstaaten der Dritt-Anbieter stattfindet. Die \u00dcbermittlung von Daten in Drittstaaten erfolgt entweder auf Grundlage einer gesetzlichen Erlaubnis, einer Einwilligung der Nutzer oder spezieller Vertragsklauseln, die eine gesetzlich vorausgesetzte Sicherheit der Daten gew\u00e4hrleisten.<\/p>\n<strong>3. VERARBEITUNG PERSONENBEZOGENER DATEN<\/strong><br \/>\nDie personenbezogenen Daten werden, neben den ausdr\u00fccklich in dieser Datenschutzerkl\u00e4rung genannten Verwendung, f\u00fcr die folgenden Zwecke auf Grundlage gesetzlicher Erlaubnisse oder Einwilligungen der Nutzer verarbeitet:<br \/>\n&#8211; Die Zurverf\u00fcgungstellung, Ausf\u00fchrung, Pflege, Optimierung und Sicherung unserer Dienste-, Service- und Nutzerleistungen;<br \/>\n&#8211; Die Gew\u00e4hrleistung eines effektiven Kundendienstes und technischen Supports.\n<p>Wir \u00fcbermitteln die Daten der Nutzer an Dritte nur, wenn dies f\u00fcr Abrechnungszwecke notwendig ist (z.B. an einen Zahlungsdienstleister) oder f\u00fcr andere Zwecke, wenn diese notwendig sind, um unsere vertraglichen Verpflichtungen gegen\u00fcber den Nutzern zu erf\u00fcllen (z.B. Adressmitteilung an Lieferanten).<\/p>\nBei der Kontaktaufnahme mit uns (per Kontaktformular oder Email) werden die Angaben des Nutzers zwecks Bearbeitung der Anfrage sowie f\u00fcr den Fall, dass Anschlussfragen entstehen, gespeichert.<br \/>\nPersonenbezogene Daten werden gel\u00f6scht, sofern sie ihren Verwendungszweck erf\u00fcllt haben und der L\u00f6schung keine Aufbewahrungspflichten entgegenstehen.\n<p>Daten, die zur Erf\u00fcllung eines Vertrages oder zur Durchf\u00fchrung vorvertraglicher Ma\u00dfnahmen notwendig sind, werden gem\u00e4\u00df Rechtsgrundlage Art. 6 Abs 1 lit b DSGVO verarbeitet, da ohne diese Daten kein Vertrag mit Ihnen erf\u00fcllt werden kann.<\/p>\n<p>&nbsp;<\/p>\n<strong>4. ERHEBUNG VON ZUGRIFFSDATEN<\/strong><br \/>\nWir erheben Daten \u00fcber jeden Zugriff auf den Server, auf dem sich dieser Dienst befindet (so genannte Serverlogfiles). Zu den Zugriffsdaten geh\u00f6ren Name der abgerufenen Webseite, Datei, Datum und Uhrzeit des Abrufs, \u00fcbertragene Datenmenge, Meldung \u00fcber erfolgreichen Abruf, Browsertyp nebst Version, das Betriebssystem des Nutzers, Referrer URL (die zuvor besuchte Seite), IP-Adresse und der anfragende Provider.\n<p>Wir verwenden die Protokolldaten ohne Zuordnung zur Person des Nutzers oder sonstiger Profilerstellung entsprechend den gesetzlichen Bestimmungen nur f\u00fcr statistische Auswertungen zum Zweck des Betriebs, der Sicherheit und der Optimierung unseres Onlineangebotes. Wir behalten uns jedoch vor, die Protokolldaten nachtr\u00e4glich zu \u00fcberpr\u00fcfen, wenn aufgrund konkreter Anhaltspunkte der berechtigte Verdacht einer rechtswidrigen Nutzung besteht.<\/p>\n<p>Wir arbeiten mit Microsoft Clarity und Microsoft Advertising zusammen, um zu erfassen, wie Sie unsere Website nutzen und mit ihr interagieren, anhand von Verhaltensmetriken, Heatmaps und Sitzungswiederholungen, um unsere Produkte und Dienstleistungen zu verbessern und zu vermarkten. Die Nutzungsdaten der Website werden mithilfe von First- und Third-Party-Cookies sowie anderen Tracking-Technologien erfasst, um die Beliebtheit von Produkten\/Dienstleistungen und Online-Aktivit\u00e4ten zu bestimmen. Dar\u00fcber hinaus nutzen wir diese Informationen zur Optimierung der Website, zu Betrugs-\/Sicherheitszwecken und zur Werbung. Weitere Informationen dar\u00fcber, wie Microsoft Ihre Daten sammelt und verwendet, finden Sie in der Datenschutzerkl\u00e4rung von Microsoft.<\/p>\n<p>&nbsp;<\/p>\n<strong>5. COOKIES &amp; REICHWEITENMESSUNG<\/strong><br \/>\nCookies sind Informationen, die von unserem Webserver oder Webservern Dritter an die Web-Browser der Nutzer \u00fcbertragen und dort f\u00fcr einen sp\u00e4teren Abruf gespeichert werden. \u00dcber den Einsatz von Cookies im Rahmen pseudonymer Reichweitenmessung werden die Nutzer im Rahmen dieser Datenschutzerkl\u00e4rung informiert.\n<p>Die Betrachtung dieses Onlineangebotes ist auch unter Ausschluss von Cookies m\u00f6glich. Falls die Nutzer nicht m\u00f6chten, dass Cookies auf ihrem Rechner gespeichert werden, werden sie gebeten die entsprechende Option in den Systemeinstellungen ihres Browsers zu deaktivieren. Gespeicherte Cookies k\u00f6nnen in den Systemeinstellungen des Browsers gel\u00f6scht werden. Der Ausschluss von Cookies kann zu Funktionseinschr\u00e4nkungen dieses Onlineangebotes f\u00fchren.<\/p>\n<p>Es besteht die M\u00f6glichkeit, viele Online-Anzeigen-Cookies von Unternehmen \u00fcber die US-amerikanische Seite http:\/\/www.aboutads.info\/choices oder die EU-Seite http:\/\/www.youronlinechoices.com\/uk\/your-ad-choices\/ zu verwalten.<\/p>\n<strong>6. GOOGLE ANALYTICS<\/strong><br \/>\nWir setzen Google Analytics, einen Webanalysedienst der Google Inc. (&#8222;Google&#8220;) ein. Google verwendet Cookies. Die durch das Cookie erzeugten Informationen \u00fcber Benutzung des Onlineangebotes durch die Nutzer werden in der Regel an einen Server von Google in den USA \u00fcbertragen und dort gespeichert.\n<p>Google wird diese Informationen in unserem Auftrag benutzen, um die Nutzung unseres Onlineangebotes durch die Nutzer auszuwerten, um Reports \u00fcber die Aktivit\u00e4ten innerhalb dieses Onlineangebotes zusammenzustellen und um weitere mit der Nutzung dieses Onlineangebotes und der Internetnutzung verbundene Dienstleistungen uns gegen\u00fcber zu erbringen. Dabei k\u00f6nnen aus den verarbeiteten Daten pseudonyme Nutzungsprofile der Nutzer erstellt werden.<\/p>\n<p>Wir setzen Google Analytics nur mit aktivierter IP-Anonymisierung ein. Das bedeutet, die IP-Adresse der Nutzer wird von Google innerhalb von Mitgliedstaaten der Europ\u00e4ischen Union oder in anderen Vertragsstaaten des Abkommens \u00fcber den Europ\u00e4ischen Wirtschaftsraum gek\u00fcrzt. Nur in Ausnahmef\u00e4llen wird die volle IP-Adresse an einen Server von Google in den USA \u00fcbertragen und dort gek\u00fcrzt.<\/p>\n<p>Die von dem Browser des Nutzers \u00fcbermittelte IP-Adresse wird nicht mit anderen Daten von Google zusammengef\u00fchrt. Die Nutzer k\u00f6nnen die Speicherung der Cookies durch eine entsprechende Einstellung ihrer Browser-Software verhindern; die Nutzer k\u00f6nnen dar\u00fcber hinaus die Erfassung der durch das Cookie erzeugten und auf ihre Nutzung des Onlineangebotes bezogenen Daten an Google sowie die Verarbeitung dieser Daten durch Google verhindern, indem sie das unter dem folgenden Link verf\u00fcgbare Browser-Plugin herunterladen und installieren: http:\/\/tools.google.com\/dlpage\/gaoptout?hl=de.<\/p>\n<p>Weitere Informationen zur Datennutzung zu Werbezwecken durch Google, Einstellungs- und Widerspruchsm\u00f6glichkeiten erfahren Sie auf den Webseiten von Google: https:\/\/www.google.com\/intl\/de\/policies\/privacy\/partners (&#8222;Datennutzung durch Google bei Ihrer Nutzung von Websites oder Apps unserer Partner&#8220;), http:\/\/www.google.com\/policies\/technologies\/ads (&#8222;Datennutzung zu Werbezwecken&#8220;), http:\/\/www.google.de\/settings\/ads (&#8222;Informationen verwalten, die Google verwendet, um Ihnen Werbung einzublenden&#8220;) und http:\/\/www.google.com\/ads\/preferences (&#8222;Bestimmen Sie, welche Werbung Google Ihnen zeigt&#8220;).<\/p>\n<strong>7. EINBINDUNG VON DIENSTEN UND INHALTEN DRITTER<\/strong><br \/>\nEs kann vorkommen, dass innerhalb unseres Onlineangebotes Inhalte oder Dienste von Dritt-Anbietern, wie zum Beispiel Stadtpl\u00e4ne oder Schriftarten von anderen Webseiten eingebunden werden. Die Einbindung von Inhalten der Dritt-Anbieter setzt immer voraus, dass die Dritt-Anbieter die IP-Adresse der Nutzer wahrnehmen, da sie ohne die IP-Adresse die Inhalte nicht an den Browser der Nutzer senden k\u00f6nnten. Die IP-Adresse ist damit f\u00fcr die Darstellung dieser Inhalte erforderlich. Des Weiteren k\u00f6nnen die Anbieter der Dritt-Inhalte eigene Cookies setzen und die Daten der Nutzer f\u00fcr eigene Zwecke verarbeiten. Dabei k\u00f6nnen aus den verarbeiteten Daten Nutzungsprofile der Nutzer erstellt werden. Wir werden diese Inhalte m\u00f6glichst datensparsam und datenvermeidend einsetzen sowie im Hinblick auf die Datensicherheit zuverl\u00e4ssige Dritt-Anbieter w\u00e4hlen.\n<p>Die nachfolgende Darstellung bietet eine \u00dcbersicht von Dritt-Anbietern sowie ihrer Inhalte, nebst Links zu deren Datenschutzerkl\u00e4rungen, welche weitere Hinweise zur Verarbeitung von Daten und, z.T. bereits hier genannt, Widerspruchsm\u00f6glichkeiten (sog. Opt-Out) enthalten:<\/p>\n<p>&#8211; Externe Schriftarten von Google, Inc., https:\/\/www.google.com\/fonts (&#8222;Google Fonts&#8220;). Die Einbindung der Google Fonts erfolgt durch einen Serveraufruf bei Google (in der Regel in den USA). Datenschutzerkl\u00e4rung: https:\/\/www.google.com\/policies\/privacy\/, Opt-Out: https:\/\/www.google.com\/settings\/ads\/.<\/p>\n<p>&#8211; Landkarten des Dienstes &#8222;Google Maps&#8220; des Dritt-Anbieters Google Inc., 1600 Amphitheatre Parkway, Mountain View, CA 94043, USA, gestellt. Datenschutzerkl\u00e4rung: https:\/\/www.google.com\/policies\/privacy\/, Opt-Out: https:\/\/www.google.com\/settings\/ads\/.<\/p>\n<p>&#8211; Videos der Plattform &#8222;YouTube&#8220; des Dritt-Anbieters Google Inc., 1600 Amphitheatre Parkway, Mountain View, CA 94043, USA. Datenschutzerkl\u00e4rung: https:\/\/www.google.com\/policies\/privacy\/, Opt-Out: https:\/\/www.google.com\/settings\/ads\/.<\/p>\n<strong>8. RECHTE DER NUTZER UND L\u00d6SCHUNG VON DATEN<\/strong><br \/>\nNutzer haben das Recht, auf Antrag unentgeltlich Auskunft zu erhalten \u00fcber die personenbezogenen Daten, die von uns \u00fcber sie gespeichert wurden.<br \/>\nZus\u00e4tzlich haben die Nutzer das Recht auf Berichtigung unrichtiger Daten, Widerruf von Einwilligungen, Sperrung und L\u00f6schung ihrer personenbezogenen Daten sowie das Recht, im Fall der Annahme einer unrechtm\u00e4\u00dfigen Datenverarbeitung eine Beschwerde bei der zust\u00e4ndigen Aufsichtsbeh\u00f6rde einzureichen.\n<p>Die bei uns gespeicherten Daten werden gel\u00f6scht, sobald sie f\u00fcr ihre Zweckbestimmung nicht mehr erforderlich sind und der L\u00f6schung keine gesetzlichen Aufbewahrungspflichten entgegenstehen.<\/p>\n<strong>9. \u00c4NDERUNGEN DER DATENSCHUTZERKL\u00c4RUNG<\/strong><br \/>\nWir behalten uns vor, die Datenschutzerkl\u00e4rung zu \u00e4ndern, um sie an ge\u00e4nderte Rechtslagen, oder bei \u00c4nderungen des Dienstes sowie der Datenverarbeitung anzupassen. Dies gilt jedoch nur im Hinblick auf Erkl\u00e4rungen zur Datenverarbeitung. Sofern Einwilligungen der Nutzer erforderlich sind oder Bestandteile der Datenschutzerkl\u00e4rung Regelungen des Vertragsverh\u00e4ltnisses mit den Nutzern enthalten, erfolgen die \u00c4nderungen nur mit Zustimmung der Nutzer.<br \/>\nDie Nutzer werden gebeten sich regelm\u00e4\u00dfig \u00fcber den Inhalt der Datenschutzerkl\u00e4rung zu informieren.\n<p>&nbsp;<\/p>\n<strong>Hotjar Datenschutzerkl\u00e4rung<\/strong><br \/>\nWir verwenden auf dieser Webseite Hotjar der Firma Limited (Level 2, St Julian&#8217;s Business Centre, 3, Elia Zammit Street, St Julian&#8217;s STJ 1000, Malta) um Besucherdaten statistisch auszuwerten. Hotjar ist ein Dienst, der das Verhalten und das Feedback von Nutzern auf Webseiten durch eine Kombination von Analyse- und Feedback-Tools analysiert. Hotjar-basierte Webseiten haben einen Tracking-Code auf ihren Webseiten integriert, der an unsere in Irland (EU) gelegenen Server \u00fcbertragen wird. Dieser Tracking-Code kontaktiert die Server von Hotjar und sendet ein Skript an den Computer oder das Endger\u00e4t, mit dem Sie auf die Hotjar-basierte Webseite zugreifen. Das Skript erfasst bestimmte Daten in Bezug auf die Interaktion des Nutzers mit der entsprechenden Webseite. Diese Daten werden dann zur Verarbeitung an die Server von Hotjar gesendet.\n<p>Mehr Details zur Datenschutzrichtlinie und welche Daten auf welche Art durch Hotjar erfasst werden finden Sie auf\u00a0https:\/\/www.hotjar.com\/legal\/policies\/privacy.<\/p>\n<p>&nbsp;<\/p>\n<p>F\u00fcr die \u00dcbersetzung von Inhalten verwenden wir KI-Tools. Bei falschen \u00dcbersetzungen gilt die Deutsche Version.<\/p>","protected":false},"excerpt":{"rendered":"<p>Datenschutzerkl\u00e4rung Datenschutzerkl\u00e4rung Diese Datenschutzerkl\u00e4rung kl\u00e4rt \u00fcber die Art, den Umfang und Zwecke der Erhebung und Verwendung von Daten der Besucher und Nutzer (nachfolgend zusammenfassend bezeichnet als \u201eNutzer&#8220;) durch Hafo GmbH, (nachfolgend \u201eAnbieter&#8220;) als datenschutzrechtlich verantwortliche Stelle auf. Bei Fragen zum Datenschutz erreichen Sie uns per E-Mail unter office@hafo.co.at. Inhaltsverzeichnis 1. Zielsetzung und verantwortliche Stelle 2.&hellip;<\/p>","protected":false},"author":2,"featured_media":0,"parent":0,"menu_order":0,"comment_status":"closed","ping_status":"closed","template":"","meta":{"footnotes":""},"class_list":["post-19","page","type-page","status-publish","hentry"],"yoast_head":"<!-- This site is optimized with the Yoast SEO plugin v27.1.1 - https:\/\/yoast.com\/product\/yoast-seo-wordpress\/ -->\n<title>Datenschutz - HAFO Forsttechnik<\/title>\n<meta name=\"robots\" content=\"index, follow, max-snippet:-1, max-image-preview:large, max-video-preview:-1\" \/>\n<link rel=\"canonical\" href=\"https:\/\/www.hafo.co.at\/fr\/datenschutz\/\" \/>\n<meta property=\"og:locale\" content=\"fr_FR\" \/>\n<meta property=\"og:type\" content=\"article\" \/>\n<meta property=\"og:title\" content=\"Datenschutz - HAFO Forsttechnik\" \/>\n<meta property=\"og:description\" content=\"Datenschutzerkl\u00e4rung Datenschutzerkl\u00e4rung Diese Datenschutzerkl\u00e4rung kl\u00e4rt \u00fcber die Art, den Umfang und Zwecke der Erhebung und Verwendung von Daten der Besucher und Nutzer (nachfolgend zusammenfassend bezeichnet als \u201eNutzer&#8220;) durch Hafo GmbH, (nachfolgend \u201eAnbieter&#8220;) als datenschutzrechtlich verantwortliche Stelle auf. Bei Fragen zum Datenschutz erreichen Sie uns per E-Mail unter office@hafo.co.at. Inhaltsverzeichnis 1. Zielsetzung und verantwortliche Stelle 2.&hellip;\" \/>\n<meta property=\"og:url\" content=\"https:\/\/www.hafo.co.at\/fr\/datenschutz\/\" \/>\n<meta property=\"og:site_name\" content=\"HAFO Forsttechnik\" \/>\n<meta property=\"article:publisher\" content=\"https:\/\/www.facebook.com\/p\/HAFO-100064275891778\/?locale=de_DE\" \/>\n<meta property=\"article:modified_time\" content=\"2026-04-08T09:30:07+00:00\" \/>\n<meta property=\"og:image\" content=\"https:\/\/www.hafo.co.at\/wp-content\/uploads\/2025\/07\/Seil-ziehen.jpg\" \/>\n\t<meta property=\"og:image:width\" content=\"1500\" \/>\n\t<meta property=\"og:image:height\" content=\"1500\" \/>\n\t<meta property=\"og:image:type\" content=\"image\/jpeg\" \/>\n<meta name=\"twitter:card\" content=\"summary_large_image\" \/>\n<script type=\"application\/ld+json\" class=\"yoast-schema-graph\">{\"@context\":\"https:\/\/schema.org\",\"@graph\":[{\"@type\":\"WebPage\",\"@id\":\"https:\/\/www.hafo.co.at\/datenschutz\/\",\"url\":\"https:\/\/www.hafo.co.at\/datenschutz\/\",\"name\":\"Datenschutz - HAFO Forsttechnik\",\"isPartOf\":{\"@id\":\"https:\/\/www.hafo.co.at\/#website\"},\"datePublished\":\"2022-08-18T06:42:35+00:00\",\"dateModified\":\"2026-04-08T09:30:07+00:00\",\"breadcrumb\":{\"@id\":\"https:\/\/www.hafo.co.at\/datenschutz\/#breadcrumb\"},\"inLanguage\":\"fr-FR\",\"potentialAction\":[{\"@type\":\"ReadAction\",\"target\":[\"https:\/\/www.hafo.co.at\/datenschutz\/\"]}]},{\"@type\":\"BreadcrumbList\",\"@id\":\"https:\/\/www.hafo.co.at\/datenschutz\/#breadcrumb\",\"itemListElement\":[{\"@type\":\"ListItem\",\"position\":1,\"name\":\"Startseite\",\"item\":\"https:\/\/www.hafo.co.at\/\"},{\"@type\":\"ListItem\",\"position\":2,\"name\":\"Datenschutz\"}]},{\"@type\":\"WebSite\",\"@id\":\"https:\/\/www.hafo.co.at\/#website\",\"url\":\"https:\/\/www.hafo.co.at\/\",\"name\":\"HAFO Forsttechnik\",\"description\":\"HAFO Hilfswinden HAFO Sapiwinden, aus Tradition in die Zukunft\",\"publisher\":{\"@id\":\"https:\/\/www.hafo.co.at\/#organization\"},\"alternateName\":\"Haselsteiner Forsttechnik\",\"potentialAction\":[{\"@type\":\"SearchAction\",\"target\":{\"@type\":\"EntryPoint\",\"urlTemplate\":\"https:\/\/www.hafo.co.at\/?s={search_term_string}\"},\"query-input\":{\"@type\":\"PropertyValueSpecification\",\"valueRequired\":true,\"valueName\":\"search_term_string\"}}],\"inLanguage\":\"fr-FR\"},{\"@type\":\"Organization\",\"@id\":\"https:\/\/www.hafo.co.at\/#organization\",\"name\":\"HAFO Forsttechnik\",\"url\":\"https:\/\/www.hafo.co.at\/\",\"logo\":{\"@type\":\"ImageObject\",\"inLanguage\":\"fr-FR\",\"@id\":\"https:\/\/www.hafo.co.at\/#\/schema\/logo\/image\/\",\"url\":\"https:\/\/www.hafo.co.at\/wp-content\/uploads\/2025\/01\/Icon.png\",\"contentUrl\":\"https:\/\/www.hafo.co.at\/wp-content\/uploads\/2025\/01\/Icon.png\",\"width\":1080,\"height\":1080,\"caption\":\"HAFO Forsttechnik\"},\"image\":{\"@id\":\"https:\/\/www.hafo.co.at\/#\/schema\/logo\/image\/\"},\"sameAs\":[\"https:\/\/www.facebook.com\/p\/HAFO-100064275891778\/?locale=de_DE\",\"https:\/\/www.instagram.com\/hafo.haselsteiner\/\",\"https:\/\/www.youtube.com\/channel\/UCOJhfhsB-vUuG8v6kAf_HEQ\/videos\",\"https:\/\/www.tiktok.com\/@haselsteiner\"]}]}<\/script>\n<!-- \/ Yoast SEO plugin. -->","yoast_head_json":{"title":"Datenschutz - HAFO Forsttechnik","robots":{"index":"index","follow":"follow","max-snippet":"max-snippet:-1","max-image-preview":"max-image-preview:large","max-video-preview":"max-video-preview:-1"},"canonical":"https:\/\/www.hafo.co.at\/fr\/datenschutz\/","og_locale":"fr_FR","og_type":"article","og_title":"Datenschutz - HAFO Forsttechnik","og_description":"Datenschutzerkl\u00e4rung Datenschutzerkl\u00e4rung Diese Datenschutzerkl\u00e4rung kl\u00e4rt \u00fcber die Art, den Umfang und Zwecke der Erhebung und Verwendung von Daten der Besucher und Nutzer (nachfolgend zusammenfassend bezeichnet als \u201eNutzer&#8220;) durch Hafo GmbH, (nachfolgend \u201eAnbieter&#8220;) als datenschutzrechtlich verantwortliche Stelle auf. Bei Fragen zum Datenschutz erreichen Sie uns per E-Mail unter office@hafo.co.at. Inhaltsverzeichnis 1. Zielsetzung und verantwortliche Stelle 2.&hellip;","og_url":"https:\/\/www.hafo.co.at\/fr\/datenschutz\/","og_site_name":"HAFO Forsttechnik","article_publisher":"https:\/\/www.facebook.com\/p\/HAFO-100064275891778\/?locale=de_DE","article_modified_time":"2026-04-08T09:30:07+00:00","og_image":[{"width":1500,"height":1500,"url":"https:\/\/www.hafo.co.at\/wp-content\/uploads\/2025\/07\/Seil-ziehen.jpg","type":"image\/jpeg"}],"twitter_card":"summary_large_image","schema":{"@context":"https:\/\/schema.org","@graph":[{"@type":"WebPage","@id":"https:\/\/www.hafo.co.at\/datenschutz\/","url":"https:\/\/www.hafo.co.at\/datenschutz\/","name":"Datenschutz - HAFO Forsttechnik","isPartOf":{"@id":"https:\/\/www.hafo.co.at\/#website"},"datePublished":"2022-08-18T06:42:35+00:00","dateModified":"2026-04-08T09:30:07+00:00","breadcrumb":{"@id":"https:\/\/www.hafo.co.at\/datenschutz\/#breadcrumb"},"inLanguage":"fr-FR","potentialAction":[{"@type":"ReadAction","target":["https:\/\/www.hafo.co.at\/datenschutz\/"]}]},{"@type":"BreadcrumbList","@id":"https:\/\/www.hafo.co.at\/datenschutz\/#breadcrumb","itemListElement":[{"@type":"ListItem","position":1,"name":"Startseite","item":"https:\/\/www.hafo.co.at\/"},{"@type":"ListItem","position":2,"name":"Datenschutz"}]},{"@type":"WebSite","@id":"https:\/\/www.hafo.co.at\/#website","url":"https:\/\/www.hafo.co.at\/","name":"HAFO Technique foresti\u00e8re","description":"HAFO Hilfswinden HAFO Sapiwinden, aus Tradition in die Zukunft","publisher":{"@id":"https:\/\/www.hafo.co.at\/#organization"},"alternateName":"Haselsteiner Forsttechnik","potentialAction":[{"@type":"SearchAction","target":{"@type":"EntryPoint","urlTemplate":"https:\/\/www.hafo.co.at\/?s={search_term_string}"},"query-input":{"@type":"PropertyValueSpecification","valueRequired":true,"valueName":"search_term_string"}}],"inLanguage":"fr-FR"},{"@type":"Organization","@id":"https:\/\/www.hafo.co.at\/#organization","name":"HAFO Technique foresti\u00e8re","url":"https:\/\/www.hafo.co.at\/","logo":{"@type":"ImageObject","inLanguage":"fr-FR","@id":"https:\/\/www.hafo.co.at\/#\/schema\/logo\/image\/","url":"https:\/\/www.hafo.co.at\/wp-content\/uploads\/2025\/01\/Icon.png","contentUrl":"https:\/\/www.hafo.co.at\/wp-content\/uploads\/2025\/01\/Icon.png","width":1080,"height":1080,"caption":"HAFO Forsttechnik"},"image":{"@id":"https:\/\/www.hafo.co.at\/#\/schema\/logo\/image\/"},"sameAs":["https:\/\/www.facebook.com\/p\/HAFO-100064275891778\/?locale=de_DE","https:\/\/www.instagram.com\/hafo.haselsteiner\/","https:\/\/www.youtube.com\/channel\/UCOJhfhsB-vUuG8v6kAf_HEQ\/videos","https:\/\/www.tiktok.com\/@haselsteiner"]}]}},"_links":{"self":[{"href":"https:\/\/www.hafo.co.at\/fr\/wp-json\/wp\/v2\/pages\/19","targetHints":{"allow":["GET"]}}],"collection":[{"href":"https:\/\/www.hafo.co.at\/fr\/wp-json\/wp\/v2\/pages"}],"about":[{"href":"https:\/\/www.hafo.co.at\/fr\/wp-json\/wp\/v2\/types\/page"}],"author":[{"embeddable":true,"href":"https:\/\/www.hafo.co.at\/fr\/wp-json\/wp\/v2\/users\/2"}],"replies":[{"embeddable":true,"href":"https:\/\/www.hafo.co.at\/fr\/wp-json\/wp\/v2\/comments?post=19"}],"version-history":[{"count":4,"href":"https:\/\/www.hafo.co.at\/fr\/wp-json\/wp\/v2\/pages\/19\/revisions"}],"predecessor-version":[{"id":5169,"href":"https:\/\/www.hafo.co.at\/fr\/wp-json\/wp\/v2\/pages\/19\/revisions\/5169"}],"wp:attachment":[{"href":"https:\/\/www.hafo.co.at\/fr\/wp-json\/wp\/v2\/media?parent=19"}],"curies":[{"name":"wp","href":"https:\/\/api.w.org\/{rel}","templated":true}]}}