{"id":367,"date":"2018-11-08T14:41:40","date_gmt":"2018-11-08T13:41:40","guid":{"rendered":"https:\/\/hafo.amore.raidberry.com\/product\/universalkonsole-verstaerkt\/"},"modified":"2025-04-02T08:57:18","modified_gmt":"2025-04-02T06:57:18","slug":"universalkonsole-verstaerkt","status":"publish","type":"product","link":"https:\/\/www.hafo.co.at\/fr\/product\/universalkonsole-verstaerkt\/","title":{"rendered":"Console universelle Sapiwinde renforc\u00e9e"},"content":{"rendered":"<p>La console universelle a \u00e9t\u00e9 con\u00e7ue pour \u00eatre utilis\u00e9e avec le treuil SAPI.<br \/>\nLa console est con\u00e7ue pour une utilisation v\u00e9ritablement universelle. Gr\u00e2ce \u00e0 son gabarit de per\u00e7age, elle peut \u00eatre viss\u00e9e ou soud\u00e9e \u00e0 volont\u00e9 !<\/p>\n<p>UTILISATION :<br \/>\n\u2013 Console \u00e0 souder<br \/>\n\u2013 Console de support pour treuil de grue<br \/>\n\u2013 Fixation sur la pelle \u00e0 terre<br \/>\n\u2013 Montage direct sur le v\u00e9hicule<br \/>\n\u2013 Compatible avec d'autres consoles\u2013 Compatibile con altre console, come ad esempio le staffe di fissaggio, comme par exemple les \u00e9querres de fixation<\/p>","protected":false},"excerpt":{"rendered":"<p>Universalkonsole verst\u00e4rkt<\/p>","protected":false},"featured_media":368,"comment_status":"closed","ping_status":"closed","template":"","meta":[],"product_brand":[],"product_cat":[26],"product_tag":[28],"class_list":{"0":"post-367","1":"product","2":"type-product","3":"status-publish","4":"has-post-thumbnail","6":"product_cat-zubehor-sw","7":"product_tag-konsole-fur-sapi","8":"product_shipping_class-paketdienstleister","10":"first","11":"instock","12":"taxable","13":"shipping-taxable","14":"purchasable","15":"product-type-simple"},"yoast_head":"<!-- This site is optimized with the Yoast SEO plugin v27.1.1 - https:\/\/yoast.com\/product\/yoast-seo-wordpress\/ -->\n<title>Universalkonsole Sapiwinde verst\u00e4rkt - HAFO Forsttechnik<\/title>\n<meta name=\"robots\" content=\"index, follow, max-snippet:-1, max-image-preview:large, max-video-preview:-1\" \/>\n<link rel=\"canonical\" href=\"https:\/\/www.hafo.co.at\/fr\/produit-2\/universalkonsole-verstaerkt\/\" \/>\n<meta property=\"og:locale\" content=\"fr_FR\" \/>\n<meta property=\"og:type\" content=\"article\" \/>\n<meta property=\"og:title\" content=\"Universalkonsole Sapiwinde verst\u00e4rkt - HAFO Forsttechnik\" \/>\n<meta property=\"og:description\" content=\"Universalkonsole verst\u00e4rkt\" \/>\n<meta property=\"og:url\" content=\"https:\/\/www.hafo.co.at\/fr\/produit-2\/universalkonsole-verstaerkt\/\" \/>\n<meta property=\"og:site_name\" content=\"HAFO Forsttechnik\" \/>\n<meta property=\"article:publisher\" content=\"https:\/\/www.facebook.com\/p\/HAFO-100064275891778\/?locale=de_DE\" \/>\n<meta property=\"article:modified_time\" content=\"2025-04-02T06:57:18+00:00\" \/>\n<meta property=\"og:image\" content=\"https:\/\/www.hafo.co.at\/wp-content\/uploads\/2024\/11\/20240325_144025-scaled-1.jpg\" \/>\n\t<meta property=\"og:image:width\" content=\"2560\" \/>\n\t<meta property=\"og:image:height\" content=\"2560\" \/>\n\t<meta property=\"og:image:type\" content=\"image\/jpeg\" \/>\n<meta name=\"twitter:card\" content=\"summary_large_image\" \/>\n<script type=\"application\/ld+json\" class=\"yoast-schema-graph\">{\"@context\":\"https:\/\/schema.org\",\"@graph\":[{\"@type\":\"WebPage\",\"@id\":\"https:\/\/www.hafo.co.at\/product\/universalkonsole-verstaerkt\/\",\"url\":\"https:\/\/www.hafo.co.at\/product\/universalkonsole-verstaerkt\/\",\"name\":\"Universalkonsole Sapiwinde verst\u00e4rkt - HAFO Forsttechnik\",\"isPartOf\":{\"@id\":\"https:\/\/www.hafo.co.at\/#website\"},\"primaryImageOfPage\":{\"@id\":\"https:\/\/www.hafo.co.at\/product\/universalkonsole-verstaerkt\/#primaryimage\"},\"image\":{\"@id\":\"https:\/\/www.hafo.co.at\/product\/universalkonsole-verstaerkt\/#primaryimage\"},\"thumbnailUrl\":\"https:\/\/www.hafo.co.at\/wp-content\/uploads\/2024\/11\/20240325_144025-scaled-1.jpg\",\"datePublished\":\"2018-11-08T13:41:40+00:00\",\"dateModified\":\"2025-04-02T06:57:18+00:00\",\"breadcrumb\":{\"@id\":\"https:\/\/www.hafo.co.at\/product\/universalkonsole-verstaerkt\/#breadcrumb\"},\"inLanguage\":\"fr-FR\",\"potentialAction\":[{\"@type\":\"ReadAction\",\"target\":[\"https:\/\/www.hafo.co.at\/product\/universalkonsole-verstaerkt\/\"]}]},{\"@type\":\"ImageObject\",\"inLanguage\":\"fr-FR\",\"@id\":\"https:\/\/www.hafo.co.at\/product\/universalkonsole-verstaerkt\/#primaryimage\",\"url\":\"https:\/\/www.hafo.co.at\/wp-content\/uploads\/2024\/11\/20240325_144025-scaled-1.jpg\",\"contentUrl\":\"https:\/\/www.hafo.co.at\/wp-content\/uploads\/2024\/11\/20240325_144025-scaled-1.jpg\",\"width\":2560,\"height\":2560},{\"@type\":\"BreadcrumbList\",\"@id\":\"https:\/\/www.hafo.co.at\/product\/universalkonsole-verstaerkt\/#breadcrumb\",\"itemListElement\":[{\"@type\":\"ListItem\",\"position\":1,\"name\":\"Startseite\",\"item\":\"https:\/\/www.hafo.co.at\/\"},{\"@type\":\"ListItem\",\"position\":2,\"name\":\"Shop\",\"item\":\"https:\/\/www.hafo.co.at\/shop\/\"},{\"@type\":\"ListItem\",\"position\":3,\"name\":\"Universalkonsole Sapiwinde verst\u00e4rkt\"}]},{\"@type\":\"WebSite\",\"@id\":\"https:\/\/www.hafo.co.at\/#website\",\"url\":\"https:\/\/www.hafo.co.at\/\",\"name\":\"HAFO Forsttechnik\",\"description\":\"HAFO Hilfswinden HAFO Sapiwinden, aus Tradition in die Zukunft\",\"publisher\":{\"@id\":\"https:\/\/www.hafo.co.at\/#organization\"},\"alternateName\":\"Haselsteiner Forsttechnik\",\"potentialAction\":[{\"@type\":\"SearchAction\",\"target\":{\"@type\":\"EntryPoint\",\"urlTemplate\":\"https:\/\/www.hafo.co.at\/?s={search_term_string}\"},\"query-input\":{\"@type\":\"PropertyValueSpecification\",\"valueRequired\":true,\"valueName\":\"search_term_string\"}}],\"inLanguage\":\"fr-FR\"},{\"@type\":\"Organization\",\"@id\":\"https:\/\/www.hafo.co.at\/#organization\",\"name\":\"HAFO Forsttechnik\",\"url\":\"https:\/\/www.hafo.co.at\/\",\"logo\":{\"@type\":\"ImageObject\",\"inLanguage\":\"fr-FR\",\"@id\":\"https:\/\/www.hafo.co.at\/#\/schema\/logo\/image\/\",\"url\":\"https:\/\/www.hafo.co.at\/wp-content\/uploads\/2025\/01\/Icon.png\",\"contentUrl\":\"https:\/\/www.hafo.co.at\/wp-content\/uploads\/2025\/01\/Icon.png\",\"width\":1080,\"height\":1080,\"caption\":\"HAFO Forsttechnik\"},\"image\":{\"@id\":\"https:\/\/www.hafo.co.at\/#\/schema\/logo\/image\/\"},\"sameAs\":[\"https:\/\/www.facebook.com\/p\/HAFO-100064275891778\/?locale=de_DE\",\"https:\/\/www.instagram.com\/hafo.haselsteiner\/\",\"https:\/\/www.youtube.com\/channel\/UCOJhfhsB-vUuG8v6kAf_HEQ\/videos\",\"https:\/\/www.tiktok.com\/@haselsteiner\"]}]}<\/script>\n<!-- \/ Yoast SEO plugin. -->","yoast_head_json":{"title":"Universalkonsole Sapiwinde verst\u00e4rkt - HAFO Forsttechnik","robots":{"index":"index","follow":"follow","max-snippet":"max-snippet:-1","max-image-preview":"max-image-preview:large","max-video-preview":"max-video-preview:-1"},"canonical":"https:\/\/www.hafo.co.at\/fr\/produit-2\/universalkonsole-verstaerkt\/","og_locale":"fr_FR","og_type":"article","og_title":"Universalkonsole Sapiwinde verst\u00e4rkt - HAFO Forsttechnik","og_description":"Universalkonsole verst\u00e4rkt","og_url":"https:\/\/www.hafo.co.at\/fr\/produit-2\/universalkonsole-verstaerkt\/","og_site_name":"HAFO Forsttechnik","article_publisher":"https:\/\/www.facebook.com\/p\/HAFO-100064275891778\/?locale=de_DE","article_modified_time":"2025-04-02T06:57:18+00:00","og_image":[{"width":2560,"height":2560,"url":"https:\/\/www.hafo.co.at\/wp-content\/uploads\/2024\/11\/20240325_144025-scaled-1.jpg","type":"image\/jpeg"}],"twitter_card":"summary_large_image","schema":{"@context":"https:\/\/schema.org","@graph":[{"@type":"WebPage","@id":"https:\/\/www.hafo.co.at\/product\/universalkonsole-verstaerkt\/","url":"https:\/\/www.hafo.co.at\/product\/universalkonsole-verstaerkt\/","name":"Universalkonsole Sapiwinde verst\u00e4rkt - HAFO Forsttechnik","isPartOf":{"@id":"https:\/\/www.hafo.co.at\/#website"},"primaryImageOfPage":{"@id":"https:\/\/www.hafo.co.at\/product\/universalkonsole-verstaerkt\/#primaryimage"},"image":{"@id":"https:\/\/www.hafo.co.at\/product\/universalkonsole-verstaerkt\/#primaryimage"},"thumbnailUrl":"https:\/\/www.hafo.co.at\/wp-content\/uploads\/2024\/11\/20240325_144025-scaled-1.jpg","datePublished":"2018-11-08T13:41:40+00:00","dateModified":"2025-04-02T06:57:18+00:00","breadcrumb":{"@id":"https:\/\/www.hafo.co.at\/product\/universalkonsole-verstaerkt\/#breadcrumb"},"inLanguage":"fr-FR","potentialAction":[{"@type":"ReadAction","target":["https:\/\/www.hafo.co.at\/product\/universalkonsole-verstaerkt\/"]}]},{"@type":"ImageObject","inLanguage":"fr-FR","@id":"https:\/\/www.hafo.co.at\/product\/universalkonsole-verstaerkt\/#primaryimage","url":"https:\/\/www.hafo.co.at\/wp-content\/uploads\/2024\/11\/20240325_144025-scaled-1.jpg","contentUrl":"https:\/\/www.hafo.co.at\/wp-content\/uploads\/2024\/11\/20240325_144025-scaled-1.jpg","width":2560,"height":2560},{"@type":"BreadcrumbList","@id":"https:\/\/www.hafo.co.at\/product\/universalkonsole-verstaerkt\/#breadcrumb","itemListElement":[{"@type":"ListItem","position":1,"name":"Startseite","item":"https:\/\/www.hafo.co.at\/"},{"@type":"ListItem","position":2,"name":"Shop","item":"https:\/\/www.hafo.co.at\/shop\/"},{"@type":"ListItem","position":3,"name":"Universalkonsole Sapiwinde verst\u00e4rkt"}]},{"@type":"WebSite","@id":"https:\/\/www.hafo.co.at\/#website","url":"https:\/\/www.hafo.co.at\/","name":"HAFO Technique foresti\u00e8re","description":"HAFO Hilfswinden HAFO Sapiwinden, aus Tradition in die Zukunft","publisher":{"@id":"https:\/\/www.hafo.co.at\/#organization"},"alternateName":"Haselsteiner Forsttechnik","potentialAction":[{"@type":"SearchAction","target":{"@type":"EntryPoint","urlTemplate":"https:\/\/www.hafo.co.at\/?s={search_term_string}"},"query-input":{"@type":"PropertyValueSpecification","valueRequired":true,"valueName":"search_term_string"}}],"inLanguage":"fr-FR"},{"@type":"Organization","@id":"https:\/\/www.hafo.co.at\/#organization","name":"HAFO Technique foresti\u00e8re","url":"https:\/\/www.hafo.co.at\/","logo":{"@type":"ImageObject","inLanguage":"fr-FR","@id":"https:\/\/www.hafo.co.at\/#\/schema\/logo\/image\/","url":"https:\/\/www.hafo.co.at\/wp-content\/uploads\/2025\/01\/Icon.png","contentUrl":"https:\/\/www.hafo.co.at\/wp-content\/uploads\/2025\/01\/Icon.png","width":1080,"height":1080,"caption":"HAFO Forsttechnik"},"image":{"@id":"https:\/\/www.hafo.co.at\/#\/schema\/logo\/image\/"},"sameAs":["https:\/\/www.facebook.com\/p\/HAFO-100064275891778\/?locale=de_DE","https:\/\/www.instagram.com\/hafo.haselsteiner\/","https:\/\/www.youtube.com\/channel\/UCOJhfhsB-vUuG8v6kAf_HEQ\/videos","https:\/\/www.tiktok.com\/@haselsteiner"]}]}},"_links":{"self":[{"href":"https:\/\/www.hafo.co.at\/fr\/wp-json\/wp\/v2\/product\/367","targetHints":{"allow":["GET"]}}],"collection":[{"href":"https:\/\/www.hafo.co.at\/fr\/wp-json\/wp\/v2\/product"}],"about":[{"href":"https:\/\/www.hafo.co.at\/fr\/wp-json\/wp\/v2\/types\/product"}],"replies":[{"embeddable":true,"href":"https:\/\/www.hafo.co.at\/fr\/wp-json\/wp\/v2\/comments?post=367"}],"wp:featuredmedia":[{"embeddable":true,"href":"https:\/\/www.hafo.co.at\/fr\/wp-json\/wp\/v2\/media\/368"}],"wp:attachment":[{"href":"https:\/\/www.hafo.co.at\/fr\/wp-json\/wp\/v2\/media?parent=367"}],"wp:term":[{"taxonomy":"product_brand","embeddable":true,"href":"https:\/\/www.hafo.co.at\/fr\/wp-json\/wp\/v2\/product_brand?post=367"},{"taxonomy":"product_cat","embeddable":true,"href":"https:\/\/www.hafo.co.at\/fr\/wp-json\/wp\/v2\/product_cat?post=367"},{"taxonomy":"product_tag","embeddable":true,"href":"https:\/\/www.hafo.co.at\/fr\/wp-json\/wp\/v2\/product_tag?post=367"}],"curies":[{"name":"wp","href":"https:\/\/api.w.org\/{rel}","templated":true}]}}