{"id":4754,"date":"2026-01-20T09:21:43","date_gmt":"2026-01-20T08:21:43","guid":{"rendered":"https:\/\/www.hafo.co.at\/?post_type=product&#038;p=4754"},"modified":"2026-01-29T07:21:19","modified_gmt":"2026-01-29T06:21:19","slug":"umschaltset-fuer-turmhoehenverstellung-hilfswinde-fuer-tiger-seilwinde","status":"publish","type":"product","link":"https:\/\/www.hafo.co.at\/fr\/product\/umschaltset-fuer-turmhoehenverstellung-hilfswinde-fuer-tiger-seilwinde\/","title":{"rendered":"Kit de conversion pour r\u00e9glage de la hauteur de la tour | Treuil auxiliaire pour treuil Tiger"},"content":{"rendered":"<p>Stecker, Schalter, Kabelschuhe, Kabel, L\u00f6tverbinder, Klemmen<\/p>\n<p>inklusive Montageanleitung<br \/>\nErm\u00f6glicht eine Umschaltung zwischen Turmh\u00f6henverstellung und Hilfswinde<\/p>\n<p>Zur Anleitung:<\/p>\n<p><a href=\"https:\/\/www.hafo.co.at\/wp-content\/uploads\/2026\/01\/Umbauhilfe-Tiger-Seilwinde-14.1.-2025.pdf\" target=\"_blank\" rel=\"noopener\">Anleitung als pdf<\/a><\/p>\n<p>&nbsp;<\/p>\n<p>&nbsp;<\/p>","protected":false},"excerpt":{"rendered":"<p>Kit de conversion pour r\u00e9glage de la hauteur de la tour | Treuil auxiliaire pour treuil Tiger<\/p>","protected":false},"featured_media":4763,"comment_status":"closed","ping_status":"closed","template":"","meta":[],"product_brand":[],"product_cat":[23],"product_tag":[],"class_list":{"0":"post-4754","1":"product","2":"type-product","3":"status-publish","4":"has-post-thumbnail","6":"product_cat-zubehor-hw","7":"product_shipping_class-paketdienstleister","9":"first","10":"instock","11":"taxable","12":"shipping-taxable","13":"purchasable","14":"product-type-simple"},"yoast_head":"<!-- This site is optimized with the Yoast SEO plugin v27.1.1 - https:\/\/yoast.com\/product\/yoast-seo-wordpress\/ -->\n<title>Umschaltset f\u00fcr Turmh\u00f6henverstellung | Hilfswinde f\u00fcr Tiger Seilwinde - HAFO Forsttechnik<\/title>\n<meta name=\"description\" content=\"Umschaltset f\u00fcr Turmh\u00f6henverstellung | Hilfswinde f\u00fcr Tiger Seilwinde\" \/>\n<meta name=\"robots\" content=\"index, follow, max-snippet:-1, max-image-preview:large, max-video-preview:-1\" \/>\n<link rel=\"canonical\" href=\"https:\/\/www.hafo.co.at\/fr\/produit-2\/umschaltset-fuer-turmhoehenverstellung-hilfswinde-fuer-tiger-seilwinde\/\" \/>\n<meta property=\"og:locale\" content=\"fr_FR\" \/>\n<meta property=\"og:type\" content=\"article\" \/>\n<meta property=\"og:title\" content=\"Umschaltset f\u00fcr Turmh\u00f6henverstellung | Hilfswinde f\u00fcr Tiger Seilwinde - HAFO Forsttechnik\" \/>\n<meta property=\"og:description\" content=\"Umschaltset f\u00fcr Turmh\u00f6henverstellung | Hilfswinde f\u00fcr Tiger Seilwinde\" \/>\n<meta property=\"og:url\" content=\"https:\/\/www.hafo.co.at\/fr\/produit-2\/umschaltset-fuer-turmhoehenverstellung-hilfswinde-fuer-tiger-seilwinde\/\" \/>\n<meta property=\"og:site_name\" content=\"HAFO Forsttechnik\" \/>\n<meta property=\"article:publisher\" content=\"https:\/\/www.facebook.com\/p\/HAFO-100064275891778\/?locale=de_DE\" \/>\n<meta property=\"article:modified_time\" content=\"2026-01-29T06:21:19+00:00\" \/>\n<meta property=\"og:image\" content=\"https:\/\/www.hafo.co.at\/wp-content\/uploads\/2026\/01\/120200_web-1.jpg\" \/>\n\t<meta property=\"og:image:width\" content=\"300\" \/>\n\t<meta property=\"og:image:height\" content=\"300\" \/>\n\t<meta property=\"og:image:type\" content=\"image\/jpeg\" \/>\n<meta name=\"twitter:card\" content=\"summary_large_image\" \/>\n<script type=\"application\/ld+json\" class=\"yoast-schema-graph\">{\"@context\":\"https:\/\/schema.org\",\"@graph\":[{\"@type\":\"WebPage\",\"@id\":\"https:\/\/www.hafo.co.at\/product\/umschaltset-fuer-turmhoehenverstellung-hilfswinde-fuer-tiger-seilwinde\/\",\"url\":\"https:\/\/www.hafo.co.at\/product\/umschaltset-fuer-turmhoehenverstellung-hilfswinde-fuer-tiger-seilwinde\/\",\"name\":\"Umschaltset f\u00fcr Turmh\u00f6henverstellung | Hilfswinde f\u00fcr Tiger Seilwinde - HAFO Forsttechnik\",\"isPartOf\":{\"@id\":\"https:\/\/www.hafo.co.at\/#website\"},\"primaryImageOfPage\":{\"@id\":\"https:\/\/www.hafo.co.at\/product\/umschaltset-fuer-turmhoehenverstellung-hilfswinde-fuer-tiger-seilwinde\/#primaryimage\"},\"image\":{\"@id\":\"https:\/\/www.hafo.co.at\/product\/umschaltset-fuer-turmhoehenverstellung-hilfswinde-fuer-tiger-seilwinde\/#primaryimage\"},\"thumbnailUrl\":\"https:\/\/www.hafo.co.at\/wp-content\/uploads\/2026\/01\/120200_web-1.jpg\",\"datePublished\":\"2026-01-20T08:21:43+00:00\",\"dateModified\":\"2026-01-29T06:21:19+00:00\",\"description\":\"Umschaltset f\u00fcr Turmh\u00f6henverstellung | Hilfswinde f\u00fcr Tiger Seilwinde\",\"breadcrumb\":{\"@id\":\"https:\/\/www.hafo.co.at\/product\/umschaltset-fuer-turmhoehenverstellung-hilfswinde-fuer-tiger-seilwinde\/#breadcrumb\"},\"inLanguage\":\"fr-FR\",\"potentialAction\":[{\"@type\":\"ReadAction\",\"target\":[\"https:\/\/www.hafo.co.at\/product\/umschaltset-fuer-turmhoehenverstellung-hilfswinde-fuer-tiger-seilwinde\/\"]}]},{\"@type\":\"ImageObject\",\"inLanguage\":\"fr-FR\",\"@id\":\"https:\/\/www.hafo.co.at\/product\/umschaltset-fuer-turmhoehenverstellung-hilfswinde-fuer-tiger-seilwinde\/#primaryimage\",\"url\":\"https:\/\/www.hafo.co.at\/wp-content\/uploads\/2026\/01\/120200_web-1.jpg\",\"contentUrl\":\"https:\/\/www.hafo.co.at\/wp-content\/uploads\/2026\/01\/120200_web-1.jpg\",\"width\":300,\"height\":300},{\"@type\":\"BreadcrumbList\",\"@id\":\"https:\/\/www.hafo.co.at\/product\/umschaltset-fuer-turmhoehenverstellung-hilfswinde-fuer-tiger-seilwinde\/#breadcrumb\",\"itemListElement\":[{\"@type\":\"ListItem\",\"position\":1,\"name\":\"Startseite\",\"item\":\"https:\/\/www.hafo.co.at\/\"},{\"@type\":\"ListItem\",\"position\":2,\"name\":\"Shop\",\"item\":\"https:\/\/www.hafo.co.at\/shop\/\"},{\"@type\":\"ListItem\",\"position\":3,\"name\":\"Umschaltset f\u00fcr Turmh\u00f6henverstellung | Hilfswinde f\u00fcr Tiger Seilwinde\"}]},{\"@type\":\"WebSite\",\"@id\":\"https:\/\/www.hafo.co.at\/#website\",\"url\":\"https:\/\/www.hafo.co.at\/\",\"name\":\"HAFO Forsttechnik\",\"description\":\"HAFO Hilfswinden HAFO Sapiwinden, aus Tradition in die Zukunft\",\"publisher\":{\"@id\":\"https:\/\/www.hafo.co.at\/#organization\"},\"alternateName\":\"Haselsteiner Forsttechnik\",\"potentialAction\":[{\"@type\":\"SearchAction\",\"target\":{\"@type\":\"EntryPoint\",\"urlTemplate\":\"https:\/\/www.hafo.co.at\/?s={search_term_string}\"},\"query-input\":{\"@type\":\"PropertyValueSpecification\",\"valueRequired\":true,\"valueName\":\"search_term_string\"}}],\"inLanguage\":\"fr-FR\"},{\"@type\":\"Organization\",\"@id\":\"https:\/\/www.hafo.co.at\/#organization\",\"name\":\"HAFO Forsttechnik\",\"url\":\"https:\/\/www.hafo.co.at\/\",\"logo\":{\"@type\":\"ImageObject\",\"inLanguage\":\"fr-FR\",\"@id\":\"https:\/\/www.hafo.co.at\/#\/schema\/logo\/image\/\",\"url\":\"https:\/\/www.hafo.co.at\/wp-content\/uploads\/2025\/01\/Icon.png\",\"contentUrl\":\"https:\/\/www.hafo.co.at\/wp-content\/uploads\/2025\/01\/Icon.png\",\"width\":1080,\"height\":1080,\"caption\":\"HAFO Forsttechnik\"},\"image\":{\"@id\":\"https:\/\/www.hafo.co.at\/#\/schema\/logo\/image\/\"},\"sameAs\":[\"https:\/\/www.facebook.com\/p\/HAFO-100064275891778\/?locale=de_DE\",\"https:\/\/www.instagram.com\/hafo.haselsteiner\/\",\"https:\/\/www.youtube.com\/channel\/UCOJhfhsB-vUuG8v6kAf_HEQ\/videos\",\"https:\/\/www.tiktok.com\/@haselsteiner\"]}]}<\/script>\n<!-- \/ Yoast SEO plugin. -->","yoast_head_json":{"title":"Umschaltset f\u00fcr Turmh\u00f6henverstellung | Hilfswinde f\u00fcr Tiger Seilwinde - HAFO Forsttechnik","description":"Kit de conversion pour r\u00e9glage de la hauteur de la tour | Treuil auxiliaire pour treuil Tiger","robots":{"index":"index","follow":"follow","max-snippet":"max-snippet:-1","max-image-preview":"max-image-preview:large","max-video-preview":"max-video-preview:-1"},"canonical":"https:\/\/www.hafo.co.at\/fr\/produit-2\/umschaltset-fuer-turmhoehenverstellung-hilfswinde-fuer-tiger-seilwinde\/","og_locale":"fr_FR","og_type":"article","og_title":"Umschaltset f\u00fcr Turmh\u00f6henverstellung | Hilfswinde f\u00fcr Tiger Seilwinde - HAFO Forsttechnik","og_description":"Umschaltset f\u00fcr Turmh\u00f6henverstellung | Hilfswinde f\u00fcr Tiger Seilwinde","og_url":"https:\/\/www.hafo.co.at\/fr\/produit-2\/umschaltset-fuer-turmhoehenverstellung-hilfswinde-fuer-tiger-seilwinde\/","og_site_name":"HAFO Forsttechnik","article_publisher":"https:\/\/www.facebook.com\/p\/HAFO-100064275891778\/?locale=de_DE","article_modified_time":"2026-01-29T06:21:19+00:00","og_image":[{"width":300,"height":300,"url":"https:\/\/www.hafo.co.at\/wp-content\/uploads\/2026\/01\/120200_web-1.jpg","type":"image\/jpeg"}],"twitter_card":"summary_large_image","schema":{"@context":"https:\/\/schema.org","@graph":[{"@type":"WebPage","@id":"https:\/\/www.hafo.co.at\/product\/umschaltset-fuer-turmhoehenverstellung-hilfswinde-fuer-tiger-seilwinde\/","url":"https:\/\/www.hafo.co.at\/product\/umschaltset-fuer-turmhoehenverstellung-hilfswinde-fuer-tiger-seilwinde\/","name":"Umschaltset f\u00fcr Turmh\u00f6henverstellung | Hilfswinde f\u00fcr Tiger Seilwinde - HAFO Forsttechnik","isPartOf":{"@id":"https:\/\/www.hafo.co.at\/#website"},"primaryImageOfPage":{"@id":"https:\/\/www.hafo.co.at\/product\/umschaltset-fuer-turmhoehenverstellung-hilfswinde-fuer-tiger-seilwinde\/#primaryimage"},"image":{"@id":"https:\/\/www.hafo.co.at\/product\/umschaltset-fuer-turmhoehenverstellung-hilfswinde-fuer-tiger-seilwinde\/#primaryimage"},"thumbnailUrl":"https:\/\/www.hafo.co.at\/wp-content\/uploads\/2026\/01\/120200_web-1.jpg","datePublished":"2026-01-20T08:21:43+00:00","dateModified":"2026-01-29T06:21:19+00:00","description":"Kit de conversion pour r\u00e9glage de la hauteur de la tour | Treuil auxiliaire pour treuil Tiger","breadcrumb":{"@id":"https:\/\/www.hafo.co.at\/product\/umschaltset-fuer-turmhoehenverstellung-hilfswinde-fuer-tiger-seilwinde\/#breadcrumb"},"inLanguage":"fr-FR","potentialAction":[{"@type":"ReadAction","target":["https:\/\/www.hafo.co.at\/product\/umschaltset-fuer-turmhoehenverstellung-hilfswinde-fuer-tiger-seilwinde\/"]}]},{"@type":"ImageObject","inLanguage":"fr-FR","@id":"https:\/\/www.hafo.co.at\/product\/umschaltset-fuer-turmhoehenverstellung-hilfswinde-fuer-tiger-seilwinde\/#primaryimage","url":"https:\/\/www.hafo.co.at\/wp-content\/uploads\/2026\/01\/120200_web-1.jpg","contentUrl":"https:\/\/www.hafo.co.at\/wp-content\/uploads\/2026\/01\/120200_web-1.jpg","width":300,"height":300},{"@type":"BreadcrumbList","@id":"https:\/\/www.hafo.co.at\/product\/umschaltset-fuer-turmhoehenverstellung-hilfswinde-fuer-tiger-seilwinde\/#breadcrumb","itemListElement":[{"@type":"ListItem","position":1,"name":"Startseite","item":"https:\/\/www.hafo.co.at\/"},{"@type":"ListItem","position":2,"name":"Shop","item":"https:\/\/www.hafo.co.at\/shop\/"},{"@type":"ListItem","position":3,"name":"Umschaltset f\u00fcr Turmh\u00f6henverstellung | Hilfswinde f\u00fcr Tiger Seilwinde"}]},{"@type":"WebSite","@id":"https:\/\/www.hafo.co.at\/#website","url":"https:\/\/www.hafo.co.at\/","name":"HAFO Technique foresti\u00e8re","description":"HAFO Hilfswinden HAFO Sapiwinden, aus Tradition in die Zukunft","publisher":{"@id":"https:\/\/www.hafo.co.at\/#organization"},"alternateName":"Haselsteiner Forsttechnik","potentialAction":[{"@type":"SearchAction","target":{"@type":"EntryPoint","urlTemplate":"https:\/\/www.hafo.co.at\/?s={search_term_string}"},"query-input":{"@type":"PropertyValueSpecification","valueRequired":true,"valueName":"search_term_string"}}],"inLanguage":"fr-FR"},{"@type":"Organization","@id":"https:\/\/www.hafo.co.at\/#organization","name":"HAFO Technique foresti\u00e8re","url":"https:\/\/www.hafo.co.at\/","logo":{"@type":"ImageObject","inLanguage":"fr-FR","@id":"https:\/\/www.hafo.co.at\/#\/schema\/logo\/image\/","url":"https:\/\/www.hafo.co.at\/wp-content\/uploads\/2025\/01\/Icon.png","contentUrl":"https:\/\/www.hafo.co.at\/wp-content\/uploads\/2025\/01\/Icon.png","width":1080,"height":1080,"caption":"HAFO Forsttechnik"},"image":{"@id":"https:\/\/www.hafo.co.at\/#\/schema\/logo\/image\/"},"sameAs":["https:\/\/www.facebook.com\/p\/HAFO-100064275891778\/?locale=de_DE","https:\/\/www.instagram.com\/hafo.haselsteiner\/","https:\/\/www.youtube.com\/channel\/UCOJhfhsB-vUuG8v6kAf_HEQ\/videos","https:\/\/www.tiktok.com\/@haselsteiner"]}]}},"_links":{"self":[{"href":"https:\/\/www.hafo.co.at\/fr\/wp-json\/wp\/v2\/product\/4754","targetHints":{"allow":["GET"]}}],"collection":[{"href":"https:\/\/www.hafo.co.at\/fr\/wp-json\/wp\/v2\/product"}],"about":[{"href":"https:\/\/www.hafo.co.at\/fr\/wp-json\/wp\/v2\/types\/product"}],"replies":[{"embeddable":true,"href":"https:\/\/www.hafo.co.at\/fr\/wp-json\/wp\/v2\/comments?post=4754"}],"wp:featuredmedia":[{"embeddable":true,"href":"https:\/\/www.hafo.co.at\/fr\/wp-json\/wp\/v2\/media\/4763"}],"wp:attachment":[{"href":"https:\/\/www.hafo.co.at\/fr\/wp-json\/wp\/v2\/media?parent=4754"}],"wp:term":[{"taxonomy":"product_brand","embeddable":true,"href":"https:\/\/www.hafo.co.at\/fr\/wp-json\/wp\/v2\/product_brand?post=4754"},{"taxonomy":"product_cat","embeddable":true,"href":"https:\/\/www.hafo.co.at\/fr\/wp-json\/wp\/v2\/product_cat?post=4754"},{"taxonomy":"product_tag","embeddable":true,"href":"https:\/\/www.hafo.co.at\/fr\/wp-json\/wp\/v2\/product_tag?post=4754"}],"curies":[{"name":"wp","href":"https:\/\/api.w.org\/{rel}","templated":true}]}}