{"id":524,"date":"2023-03-08T12:07:40","date_gmt":"2023-03-08T11:07:40","guid":{"rendered":"https:\/\/hafo.amore.raidberry.com\/product\/stahlseil-hochverdichtet-6mm-35m-inkl-kausche-und-haken-kopie\/"},"modified":"2025-04-17T15:38:21","modified_gmt":"2025-04-17T13:38:21","slug":"stahlseil-hochverdichtet-6mm-35m-inkl-kausche-und-haken-kopie","status":"publish","type":"product","link":"https:\/\/www.hafo.co.at\/fr\/product\/stahlseil-hochverdichtet-6mm-35m-inkl-kausche-und-haken-kopie\/","title":{"rendered":"C\u00e2ble en acier haute densit\u00e9 6 mm 35 m avec cosse et crochet"},"content":{"rendered":"<p>Corde sp\u00e9ciale pour charges guid\u00e9es EN12385-4<\/p>\n<p>Force de rupture minimale : 31,80 kN<br \/>\nForce de rupture du syst\u00e8me : 28,62 kN<br \/>\nPoids au m\u00e8tre : 0,159 kg<\/p>\n<p>Surface : galvanis\u00e9e<br \/>\nGraissage : l\u00e9g\u00e8rement graiss\u00e9<br \/>\nClasse de danger pour l'eau : 1 faible<\/p>","protected":false},"excerpt":{"rendered":"<p>6 mm Stahlseil inkl. Kausche und Haken<\/p>","protected":false},"featured_media":374,"comment_status":"closed","ping_status":"open","template":"","meta":[],"product_brand":[],"product_cat":[26],"product_tag":[],"class_list":{"0":"post-524","1":"product","2":"type-product","3":"status-publish","4":"has-post-thumbnail","6":"product_cat-zubehor-sw","7":"product_shipping_class-paketdienstleister","9":"first","10":"instock","11":"taxable","12":"shipping-taxable","13":"purchasable","14":"product-type-simple"},"yoast_head":"<!-- This site is optimized with the Yoast SEO plugin v27.1.1 - https:\/\/yoast.com\/product\/yoast-seo-wordpress\/ -->\n<title>Stahlseil hochverdichtet 6mm 35m inkl. Kausche und Haken - HAFO Forsttechnik<\/title>\n<meta name=\"robots\" content=\"index, follow, max-snippet:-1, max-image-preview:large, max-video-preview:-1\" \/>\n<link rel=\"canonical\" href=\"https:\/\/www.hafo.co.at\/fr\/produit-2\/stahlseil-hochverdichtet-6mm-35m-inkl-kausche-und-haken-kopie\/\" \/>\n<meta property=\"og:locale\" content=\"fr_FR\" \/>\n<meta property=\"og:type\" content=\"article\" \/>\n<meta property=\"og:title\" content=\"Stahlseil hochverdichtet 6mm 35m inkl. Kausche und Haken - HAFO Forsttechnik\" \/>\n<meta property=\"og:description\" content=\"6 mm Stahlseil inkl. Kausche und Haken\" \/>\n<meta property=\"og:url\" content=\"https:\/\/www.hafo.co.at\/fr\/produit-2\/stahlseil-hochverdichtet-6mm-35m-inkl-kausche-und-haken-kopie\/\" \/>\n<meta property=\"og:site_name\" content=\"HAFO Forsttechnik\" \/>\n<meta property=\"article:publisher\" content=\"https:\/\/www.facebook.com\/p\/HAFO-100064275891778\/?locale=de_DE\" \/>\n<meta property=\"article:modified_time\" content=\"2025-04-17T13:38:21+00:00\" \/>\n<meta property=\"og:image\" content=\"https:\/\/www.hafo.co.at\/wp-content\/uploads\/2024\/11\/6-mm-Stahlseil-inkl.-Kausche-und-Haken.jpg\" \/>\n\t<meta property=\"og:image:width\" content=\"600\" \/>\n\t<meta property=\"og:image:height\" content=\"600\" \/>\n\t<meta property=\"og:image:type\" content=\"image\/jpeg\" \/>\n<meta name=\"twitter:card\" content=\"summary_large_image\" \/>\n<script type=\"application\/ld+json\" class=\"yoast-schema-graph\">{\"@context\":\"https:\/\/schema.org\",\"@graph\":[{\"@type\":\"WebPage\",\"@id\":\"https:\/\/www.hafo.co.at\/product\/stahlseil-hochverdichtet-6mm-35m-inkl-kausche-und-haken-kopie\/\",\"url\":\"https:\/\/www.hafo.co.at\/product\/stahlseil-hochverdichtet-6mm-35m-inkl-kausche-und-haken-kopie\/\",\"name\":\"Stahlseil hochverdichtet 6mm 35m inkl. Kausche und Haken - HAFO Forsttechnik\",\"isPartOf\":{\"@id\":\"https:\/\/www.hafo.co.at\/#website\"},\"primaryImageOfPage\":{\"@id\":\"https:\/\/www.hafo.co.at\/product\/stahlseil-hochverdichtet-6mm-35m-inkl-kausche-und-haken-kopie\/#primaryimage\"},\"image\":{\"@id\":\"https:\/\/www.hafo.co.at\/product\/stahlseil-hochverdichtet-6mm-35m-inkl-kausche-und-haken-kopie\/#primaryimage\"},\"thumbnailUrl\":\"https:\/\/www.hafo.co.at\/wp-content\/uploads\/2024\/11\/6-mm-Stahlseil-inkl.-Kausche-und-Haken.jpg\",\"datePublished\":\"2023-03-08T11:07:40+00:00\",\"dateModified\":\"2025-04-17T13:38:21+00:00\",\"breadcrumb\":{\"@id\":\"https:\/\/www.hafo.co.at\/product\/stahlseil-hochverdichtet-6mm-35m-inkl-kausche-und-haken-kopie\/#breadcrumb\"},\"inLanguage\":\"fr-FR\",\"potentialAction\":[{\"@type\":\"ReadAction\",\"target\":[\"https:\/\/www.hafo.co.at\/product\/stahlseil-hochverdichtet-6mm-35m-inkl-kausche-und-haken-kopie\/\"]}]},{\"@type\":\"ImageObject\",\"inLanguage\":\"fr-FR\",\"@id\":\"https:\/\/www.hafo.co.at\/product\/stahlseil-hochverdichtet-6mm-35m-inkl-kausche-und-haken-kopie\/#primaryimage\",\"url\":\"https:\/\/www.hafo.co.at\/wp-content\/uploads\/2024\/11\/6-mm-Stahlseil-inkl.-Kausche-und-Haken.jpg\",\"contentUrl\":\"https:\/\/www.hafo.co.at\/wp-content\/uploads\/2024\/11\/6-mm-Stahlseil-inkl.-Kausche-und-Haken.jpg\",\"width\":600,\"height\":600},{\"@type\":\"BreadcrumbList\",\"@id\":\"https:\/\/www.hafo.co.at\/product\/stahlseil-hochverdichtet-6mm-35m-inkl-kausche-und-haken-kopie\/#breadcrumb\",\"itemListElement\":[{\"@type\":\"ListItem\",\"position\":1,\"name\":\"Startseite\",\"item\":\"https:\/\/www.hafo.co.at\/\"},{\"@type\":\"ListItem\",\"position\":2,\"name\":\"Shop\",\"item\":\"https:\/\/www.hafo.co.at\/shop\/\"},{\"@type\":\"ListItem\",\"position\":3,\"name\":\"Stahlseil hochverdichtet 6mm 35m inkl. Kausche und Haken\"}]},{\"@type\":\"WebSite\",\"@id\":\"https:\/\/www.hafo.co.at\/#website\",\"url\":\"https:\/\/www.hafo.co.at\/\",\"name\":\"HAFO Forsttechnik\",\"description\":\"HAFO Hilfswinden HAFO Sapiwinden, aus Tradition in die Zukunft\",\"publisher\":{\"@id\":\"https:\/\/www.hafo.co.at\/#organization\"},\"alternateName\":\"Haselsteiner Forsttechnik\",\"potentialAction\":[{\"@type\":\"SearchAction\",\"target\":{\"@type\":\"EntryPoint\",\"urlTemplate\":\"https:\/\/www.hafo.co.at\/?s={search_term_string}\"},\"query-input\":{\"@type\":\"PropertyValueSpecification\",\"valueRequired\":true,\"valueName\":\"search_term_string\"}}],\"inLanguage\":\"fr-FR\"},{\"@type\":\"Organization\",\"@id\":\"https:\/\/www.hafo.co.at\/#organization\",\"name\":\"HAFO Forsttechnik\",\"url\":\"https:\/\/www.hafo.co.at\/\",\"logo\":{\"@type\":\"ImageObject\",\"inLanguage\":\"fr-FR\",\"@id\":\"https:\/\/www.hafo.co.at\/#\/schema\/logo\/image\/\",\"url\":\"https:\/\/www.hafo.co.at\/wp-content\/uploads\/2025\/01\/Icon.png\",\"contentUrl\":\"https:\/\/www.hafo.co.at\/wp-content\/uploads\/2025\/01\/Icon.png\",\"width\":1080,\"height\":1080,\"caption\":\"HAFO Forsttechnik\"},\"image\":{\"@id\":\"https:\/\/www.hafo.co.at\/#\/schema\/logo\/image\/\"},\"sameAs\":[\"https:\/\/www.facebook.com\/p\/HAFO-100064275891778\/?locale=de_DE\",\"https:\/\/www.instagram.com\/hafo.haselsteiner\/\",\"https:\/\/www.youtube.com\/channel\/UCOJhfhsB-vUuG8v6kAf_HEQ\/videos\",\"https:\/\/www.tiktok.com\/@haselsteiner\"]}]}<\/script>\n<!-- \/ Yoast SEO plugin. -->","yoast_head_json":{"title":"Stahlseil hochverdichtet 6mm 35m inkl. Kausche und Haken - HAFO Forsttechnik","robots":{"index":"index","follow":"follow","max-snippet":"max-snippet:-1","max-image-preview":"max-image-preview:large","max-video-preview":"max-video-preview:-1"},"canonical":"https:\/\/www.hafo.co.at\/fr\/produit-2\/stahlseil-hochverdichtet-6mm-35m-inkl-kausche-und-haken-kopie\/","og_locale":"fr_FR","og_type":"article","og_title":"Stahlseil hochverdichtet 6mm 35m inkl. Kausche und Haken - HAFO Forsttechnik","og_description":"6 mm Stahlseil inkl. Kausche und Haken","og_url":"https:\/\/www.hafo.co.at\/fr\/produit-2\/stahlseil-hochverdichtet-6mm-35m-inkl-kausche-und-haken-kopie\/","og_site_name":"HAFO Forsttechnik","article_publisher":"https:\/\/www.facebook.com\/p\/HAFO-100064275891778\/?locale=de_DE","article_modified_time":"2025-04-17T13:38:21+00:00","og_image":[{"width":600,"height":600,"url":"https:\/\/www.hafo.co.at\/wp-content\/uploads\/2024\/11\/6-mm-Stahlseil-inkl.-Kausche-und-Haken.jpg","type":"image\/jpeg"}],"twitter_card":"summary_large_image","schema":{"@context":"https:\/\/schema.org","@graph":[{"@type":"WebPage","@id":"https:\/\/www.hafo.co.at\/product\/stahlseil-hochverdichtet-6mm-35m-inkl-kausche-und-haken-kopie\/","url":"https:\/\/www.hafo.co.at\/product\/stahlseil-hochverdichtet-6mm-35m-inkl-kausche-und-haken-kopie\/","name":"Stahlseil hochverdichtet 6mm 35m inkl. Kausche und Haken - HAFO Forsttechnik","isPartOf":{"@id":"https:\/\/www.hafo.co.at\/#website"},"primaryImageOfPage":{"@id":"https:\/\/www.hafo.co.at\/product\/stahlseil-hochverdichtet-6mm-35m-inkl-kausche-und-haken-kopie\/#primaryimage"},"image":{"@id":"https:\/\/www.hafo.co.at\/product\/stahlseil-hochverdichtet-6mm-35m-inkl-kausche-und-haken-kopie\/#primaryimage"},"thumbnailUrl":"https:\/\/www.hafo.co.at\/wp-content\/uploads\/2024\/11\/6-mm-Stahlseil-inkl.-Kausche-und-Haken.jpg","datePublished":"2023-03-08T11:07:40+00:00","dateModified":"2025-04-17T13:38:21+00:00","breadcrumb":{"@id":"https:\/\/www.hafo.co.at\/product\/stahlseil-hochverdichtet-6mm-35m-inkl-kausche-und-haken-kopie\/#breadcrumb"},"inLanguage":"fr-FR","potentialAction":[{"@type":"ReadAction","target":["https:\/\/www.hafo.co.at\/product\/stahlseil-hochverdichtet-6mm-35m-inkl-kausche-und-haken-kopie\/"]}]},{"@type":"ImageObject","inLanguage":"fr-FR","@id":"https:\/\/www.hafo.co.at\/product\/stahlseil-hochverdichtet-6mm-35m-inkl-kausche-und-haken-kopie\/#primaryimage","url":"https:\/\/www.hafo.co.at\/wp-content\/uploads\/2024\/11\/6-mm-Stahlseil-inkl.-Kausche-und-Haken.jpg","contentUrl":"https:\/\/www.hafo.co.at\/wp-content\/uploads\/2024\/11\/6-mm-Stahlseil-inkl.-Kausche-und-Haken.jpg","width":600,"height":600},{"@type":"BreadcrumbList","@id":"https:\/\/www.hafo.co.at\/product\/stahlseil-hochverdichtet-6mm-35m-inkl-kausche-und-haken-kopie\/#breadcrumb","itemListElement":[{"@type":"ListItem","position":1,"name":"Startseite","item":"https:\/\/www.hafo.co.at\/"},{"@type":"ListItem","position":2,"name":"Shop","item":"https:\/\/www.hafo.co.at\/shop\/"},{"@type":"ListItem","position":3,"name":"Stahlseil hochverdichtet 6mm 35m inkl. Kausche und Haken"}]},{"@type":"WebSite","@id":"https:\/\/www.hafo.co.at\/#website","url":"https:\/\/www.hafo.co.at\/","name":"HAFO Technique foresti\u00e8re","description":"HAFO Hilfswinden HAFO Sapiwinden, aus Tradition in die Zukunft","publisher":{"@id":"https:\/\/www.hafo.co.at\/#organization"},"alternateName":"Haselsteiner Forsttechnik","potentialAction":[{"@type":"SearchAction","target":{"@type":"EntryPoint","urlTemplate":"https:\/\/www.hafo.co.at\/?s={search_term_string}"},"query-input":{"@type":"PropertyValueSpecification","valueRequired":true,"valueName":"search_term_string"}}],"inLanguage":"fr-FR"},{"@type":"Organization","@id":"https:\/\/www.hafo.co.at\/#organization","name":"HAFO Technique foresti\u00e8re","url":"https:\/\/www.hafo.co.at\/","logo":{"@type":"ImageObject","inLanguage":"fr-FR","@id":"https:\/\/www.hafo.co.at\/#\/schema\/logo\/image\/","url":"https:\/\/www.hafo.co.at\/wp-content\/uploads\/2025\/01\/Icon.png","contentUrl":"https:\/\/www.hafo.co.at\/wp-content\/uploads\/2025\/01\/Icon.png","width":1080,"height":1080,"caption":"HAFO Forsttechnik"},"image":{"@id":"https:\/\/www.hafo.co.at\/#\/schema\/logo\/image\/"},"sameAs":["https:\/\/www.facebook.com\/p\/HAFO-100064275891778\/?locale=de_DE","https:\/\/www.instagram.com\/hafo.haselsteiner\/","https:\/\/www.youtube.com\/channel\/UCOJhfhsB-vUuG8v6kAf_HEQ\/videos","https:\/\/www.tiktok.com\/@haselsteiner"]}]}},"_links":{"self":[{"href":"https:\/\/www.hafo.co.at\/fr\/wp-json\/wp\/v2\/product\/524","targetHints":{"allow":["GET"]}}],"collection":[{"href":"https:\/\/www.hafo.co.at\/fr\/wp-json\/wp\/v2\/product"}],"about":[{"href":"https:\/\/www.hafo.co.at\/fr\/wp-json\/wp\/v2\/types\/product"}],"replies":[{"embeddable":true,"href":"https:\/\/www.hafo.co.at\/fr\/wp-json\/wp\/v2\/comments?post=524"}],"wp:featuredmedia":[{"embeddable":true,"href":"https:\/\/www.hafo.co.at\/fr\/wp-json\/wp\/v2\/media\/374"}],"wp:attachment":[{"href":"https:\/\/www.hafo.co.at\/fr\/wp-json\/wp\/v2\/media?parent=524"}],"wp:term":[{"taxonomy":"product_brand","embeddable":true,"href":"https:\/\/www.hafo.co.at\/fr\/wp-json\/wp\/v2\/product_brand?post=524"},{"taxonomy":"product_cat","embeddable":true,"href":"https:\/\/www.hafo.co.at\/fr\/wp-json\/wp\/v2\/product_cat?post=524"},{"taxonomy":"product_tag","embeddable":true,"href":"https:\/\/www.hafo.co.at\/fr\/wp-json\/wp\/v2\/product_tag?post=524"}],"curies":[{"name":"wp","href":"https:\/\/api.w.org\/{rel}","templated":true}]}}