{"id":1852,"date":"2025-01-20T13:34:28","date_gmt":"2025-01-20T12:34:28","guid":{"rendered":"https:\/\/hafo.amore.raidberry.com\/?page_id=1852"},"modified":"2025-09-17T10:58:54","modified_gmt":"2025-09-17T08:58:54","slug":"kwf-zertifizierung","status":"publish","type":"page","link":"https:\/\/www.hafo.co.at\/it\/referenzen\/kwf-zertifizierung\/","title":{"rendered":"KWF &#8211; Zertifizierung"},"content":{"rendered":"<h1>\n\t\tKWF &#8211; Zertifizierung\n\t<\/h1>\n\t<p>Dal 2019.<\/p>\n\t\t\t\t<img loading=\"lazy\" decoding=\"async\" src=\"https:\/\/www.hafo.co.at\/wp-content\/uploads\/2025\/01\/HAFO-team-erhaelt-KWF-siegel.webp\" alt=\"Gruppenbild der Hafo Br\u00fcder im Wald\" itemprop=\"image\" height=\"1200\" width=\"1600\" title=\"HAFO-team-erhaelt-KWF-siegel\" onerror=\"this.style.display='none'\"  \/>\n\t<p>Siamo stati certificati dal <a href=\"https:\/\/kwf2020.kwf-online.de\/\">Consiglio di fondazione per i lavori forestali e<\/a> <a href=\"https:\/\/kwf2020.kwf-online.de\/\">Forsttechnik e.V. (KWF)<\/a> Dal 2019 siamo certificati dal Kuratorium f\u00fcr Waldarbeit und Forsttechnik e.V. (KWF) e siamo quindi autorizzati all'uso professionale nella silvicoltura e nei lavori forestali in tutta la Germania.<\/p>\n\t\t\t<a href=\"https:\/\/www.hafo.co.at\/wp-content\/uploads\/2024\/10\/KWF-Bericht-8825-19.pdf\" target=\"_blank\" rel=\"noopener\">\n\t\t\t\t\t\t\tCertificazione KWF\n\t\t\t\t\t<\/a>","protected":false},"excerpt":{"rendered":"<p>KWF &#8211; Zertifizierung Seit 2019. Wir sind seit 2019 durch das Kuratorium f\u00fcr Waldarbeit und Forsttechnik e.V. (KWF) gepr\u00fcft und somit deutschlandweit zum professionellen Einsatz f\u00fcr Wald- und Forstarbeiten zugelassen. KWF Zertifizierung<\/p>","protected":false},"author":2,"featured_media":0,"parent":96,"menu_order":0,"comment_status":"closed","ping_status":"closed","template":"","meta":{"footnotes":""},"class_list":["post-1852","page","type-page","status-publish","hentry"],"yoast_head":"<!-- This site is optimized with the Yoast SEO plugin v27.1.1 - https:\/\/yoast.com\/product\/yoast-seo-wordpress\/ -->\n<title>KWF - Zertifizierung - HAFO Forsttechnik<\/title>\n<meta name=\"description\" content=\"KWF G\u00fctesiegel f\u00fcr HAFO Hilfswinden\" \/>\n<meta name=\"robots\" content=\"index, follow, max-snippet:-1, max-image-preview:large, max-video-preview:-1\" \/>\n<link rel=\"canonical\" href=\"https:\/\/www.hafo.co.at\/it\/referenzen\/kwf-zertifizierung\/\" \/>\n<meta property=\"og:locale\" content=\"it_IT\" \/>\n<meta property=\"og:type\" content=\"article\" \/>\n<meta property=\"og:title\" content=\"KWF - Zertifizierung - HAFO Forsttechnik\" \/>\n<meta property=\"og:description\" content=\"KWF G\u00fctesiegel f\u00fcr HAFO Hilfswinden\" \/>\n<meta property=\"og:url\" content=\"https:\/\/www.hafo.co.at\/it\/referenzen\/kwf-zertifizierung\/\" \/>\n<meta property=\"og:site_name\" content=\"HAFO Forsttechnik\" \/>\n<meta property=\"article:publisher\" content=\"https:\/\/www.facebook.com\/p\/HAFO-100064275891778\/?locale=de_DE\" \/>\n<meta property=\"article:modified_time\" content=\"2025-09-17T08:58:54+00:00\" \/>\n<meta property=\"og:image\" content=\"https:\/\/www.hafo.co.at\/wp-content\/uploads\/2025\/01\/HAFO-team-erhaelt-KWF-siegel.webp\" \/>\n<meta name=\"twitter:card\" content=\"summary_large_image\" \/>\n<script type=\"application\/ld+json\" class=\"yoast-schema-graph\">{\"@context\":\"https:\/\/schema.org\",\"@graph\":[{\"@type\":\"WebPage\",\"@id\":\"https:\/\/www.hafo.co.at\/referenzen\/kwf-zertifizierung\/\",\"url\":\"https:\/\/www.hafo.co.at\/referenzen\/kwf-zertifizierung\/\",\"name\":\"KWF - Zertifizierung - HAFO Forsttechnik\",\"isPartOf\":{\"@id\":\"https:\/\/www.hafo.co.at\/#website\"},\"primaryImageOfPage\":{\"@id\":\"https:\/\/www.hafo.co.at\/referenzen\/kwf-zertifizierung\/#primaryimage\"},\"image\":{\"@id\":\"https:\/\/www.hafo.co.at\/referenzen\/kwf-zertifizierung\/#primaryimage\"},\"thumbnailUrl\":\"https:\/\/www.hafo.co.at\/wp-content\/uploads\/2025\/01\/HAFO-team-erhaelt-KWF-siegel.webp\",\"datePublished\":\"2025-01-20T12:34:28+00:00\",\"dateModified\":\"2025-09-17T08:58:54+00:00\",\"description\":\"KWF G\u00fctesiegel f\u00fcr HAFO Hilfswinden\",\"breadcrumb\":{\"@id\":\"https:\/\/www.hafo.co.at\/referenzen\/kwf-zertifizierung\/#breadcrumb\"},\"inLanguage\":\"it-IT\",\"potentialAction\":[{\"@type\":\"ReadAction\",\"target\":[\"https:\/\/www.hafo.co.at\/referenzen\/kwf-zertifizierung\/\"]}]},{\"@type\":\"ImageObject\",\"inLanguage\":\"it-IT\",\"@id\":\"https:\/\/www.hafo.co.at\/referenzen\/kwf-zertifizierung\/#primaryimage\",\"url\":\"https:\/\/www.hafo.co.at\/wp-content\/uploads\/2025\/01\/HAFO-team-erhaelt-KWF-siegel.webp\",\"contentUrl\":\"https:\/\/www.hafo.co.at\/wp-content\/uploads\/2025\/01\/HAFO-team-erhaelt-KWF-siegel.webp\"},{\"@type\":\"BreadcrumbList\",\"@id\":\"https:\/\/www.hafo.co.at\/referenzen\/kwf-zertifizierung\/#breadcrumb\",\"itemListElement\":[{\"@type\":\"ListItem\",\"position\":1,\"name\":\"Startseite\",\"item\":\"https:\/\/www.hafo.co.at\/\"},{\"@type\":\"ListItem\",\"position\":2,\"name\":\"Referenzen\",\"item\":\"https:\/\/www.hafo.co.at\/referenzen\/\"},{\"@type\":\"ListItem\",\"position\":3,\"name\":\"KWF &#8211; Zertifizierung\"}]},{\"@type\":\"WebSite\",\"@id\":\"https:\/\/www.hafo.co.at\/#website\",\"url\":\"https:\/\/www.hafo.co.at\/\",\"name\":\"HAFO Forsttechnik\",\"description\":\"HAFO Hilfswinden HAFO Sapiwinden, aus Tradition in die Zukunft\",\"publisher\":{\"@id\":\"https:\/\/www.hafo.co.at\/#organization\"},\"alternateName\":\"Haselsteiner Forsttechnik\",\"potentialAction\":[{\"@type\":\"SearchAction\",\"target\":{\"@type\":\"EntryPoint\",\"urlTemplate\":\"https:\/\/www.hafo.co.at\/?s={search_term_string}\"},\"query-input\":{\"@type\":\"PropertyValueSpecification\",\"valueRequired\":true,\"valueName\":\"search_term_string\"}}],\"inLanguage\":\"it-IT\"},{\"@type\":\"Organization\",\"@id\":\"https:\/\/www.hafo.co.at\/#organization\",\"name\":\"HAFO Forsttechnik\",\"url\":\"https:\/\/www.hafo.co.at\/\",\"logo\":{\"@type\":\"ImageObject\",\"inLanguage\":\"it-IT\",\"@id\":\"https:\/\/www.hafo.co.at\/#\/schema\/logo\/image\/\",\"url\":\"https:\/\/www.hafo.co.at\/wp-content\/uploads\/2025\/01\/Icon.png\",\"contentUrl\":\"https:\/\/www.hafo.co.at\/wp-content\/uploads\/2025\/01\/Icon.png\",\"width\":1080,\"height\":1080,\"caption\":\"HAFO Forsttechnik\"},\"image\":{\"@id\":\"https:\/\/www.hafo.co.at\/#\/schema\/logo\/image\/\"},\"sameAs\":[\"https:\/\/www.facebook.com\/p\/HAFO-100064275891778\/?locale=de_DE\",\"https:\/\/www.instagram.com\/hafo.haselsteiner\/\",\"https:\/\/www.youtube.com\/channel\/UCOJhfhsB-vUuG8v6kAf_HEQ\/videos\",\"https:\/\/www.tiktok.com\/@haselsteiner\"]}]}<\/script>\n<!-- \/ Yoast SEO plugin. -->","yoast_head_json":{"title":"KWF - Zertifizierung - HAFO Forsttechnik","description":"KWF G\u00fctesiegel f\u00fcr HAFO Hilfswinden","robots":{"index":"index","follow":"follow","max-snippet":"max-snippet:-1","max-image-preview":"max-image-preview:large","max-video-preview":"max-video-preview:-1"},"canonical":"https:\/\/www.hafo.co.at\/it\/referenzen\/kwf-zertifizierung\/","og_locale":"it_IT","og_type":"article","og_title":"KWF - Zertifizierung - HAFO Forsttechnik","og_description":"KWF G\u00fctesiegel f\u00fcr HAFO Hilfswinden","og_url":"https:\/\/www.hafo.co.at\/it\/referenzen\/kwf-zertifizierung\/","og_site_name":"HAFO Forsttechnik","article_publisher":"https:\/\/www.facebook.com\/p\/HAFO-100064275891778\/?locale=de_DE","article_modified_time":"2025-09-17T08:58:54+00:00","og_image":[{"url":"https:\/\/www.hafo.co.at\/wp-content\/uploads\/2025\/01\/HAFO-team-erhaelt-KWF-siegel.webp","type":"","width":"","height":""}],"twitter_card":"summary_large_image","schema":{"@context":"https:\/\/schema.org","@graph":[{"@type":"WebPage","@id":"https:\/\/www.hafo.co.at\/referenzen\/kwf-zertifizierung\/","url":"https:\/\/www.hafo.co.at\/referenzen\/kwf-zertifizierung\/","name":"KWF - Zertifizierung - HAFO Forsttechnik","isPartOf":{"@id":"https:\/\/www.hafo.co.at\/#website"},"primaryImageOfPage":{"@id":"https:\/\/www.hafo.co.at\/referenzen\/kwf-zertifizierung\/#primaryimage"},"image":{"@id":"https:\/\/www.hafo.co.at\/referenzen\/kwf-zertifizierung\/#primaryimage"},"thumbnailUrl":"https:\/\/www.hafo.co.at\/wp-content\/uploads\/2025\/01\/HAFO-team-erhaelt-KWF-siegel.webp","datePublished":"2025-01-20T12:34:28+00:00","dateModified":"2025-09-17T08:58:54+00:00","description":"KWF G\u00fctesiegel f\u00fcr HAFO Hilfswinden","breadcrumb":{"@id":"https:\/\/www.hafo.co.at\/referenzen\/kwf-zertifizierung\/#breadcrumb"},"inLanguage":"it-IT","potentialAction":[{"@type":"ReadAction","target":["https:\/\/www.hafo.co.at\/referenzen\/kwf-zertifizierung\/"]}]},{"@type":"ImageObject","inLanguage":"it-IT","@id":"https:\/\/www.hafo.co.at\/referenzen\/kwf-zertifizierung\/#primaryimage","url":"https:\/\/www.hafo.co.at\/wp-content\/uploads\/2025\/01\/HAFO-team-erhaelt-KWF-siegel.webp","contentUrl":"https:\/\/www.hafo.co.at\/wp-content\/uploads\/2025\/01\/HAFO-team-erhaelt-KWF-siegel.webp"},{"@type":"BreadcrumbList","@id":"https:\/\/www.hafo.co.at\/referenzen\/kwf-zertifizierung\/#breadcrumb","itemListElement":[{"@type":"ListItem","position":1,"name":"Startseite","item":"https:\/\/www.hafo.co.at\/"},{"@type":"ListItem","position":2,"name":"Referenzen","item":"https:\/\/www.hafo.co.at\/referenzen\/"},{"@type":"ListItem","position":3,"name":"KWF &#8211; Zertifizierung"}]},{"@type":"WebSite","@id":"https:\/\/www.hafo.co.at\/#website","url":"https:\/\/www.hafo.co.at\/","name":"Tecnologia forestale HAFO","description":"HAFO Hilfswinden HAFO Sapiwinden, aus Tradition in die Zukunft","publisher":{"@id":"https:\/\/www.hafo.co.at\/#organization"},"alternateName":"Haselsteiner Forsttechnik","potentialAction":[{"@type":"SearchAction","target":{"@type":"EntryPoint","urlTemplate":"https:\/\/www.hafo.co.at\/?s={search_term_string}"},"query-input":{"@type":"PropertyValueSpecification","valueRequired":true,"valueName":"search_term_string"}}],"inLanguage":"it-IT"},{"@type":"Organization","@id":"https:\/\/www.hafo.co.at\/#organization","name":"Tecnologia forestale HAFO","url":"https:\/\/www.hafo.co.at\/","logo":{"@type":"ImageObject","inLanguage":"it-IT","@id":"https:\/\/www.hafo.co.at\/#\/schema\/logo\/image\/","url":"https:\/\/www.hafo.co.at\/wp-content\/uploads\/2025\/01\/Icon.png","contentUrl":"https:\/\/www.hafo.co.at\/wp-content\/uploads\/2025\/01\/Icon.png","width":1080,"height":1080,"caption":"HAFO Forsttechnik"},"image":{"@id":"https:\/\/www.hafo.co.at\/#\/schema\/logo\/image\/"},"sameAs":["https:\/\/www.facebook.com\/p\/HAFO-100064275891778\/?locale=de_DE","https:\/\/www.instagram.com\/hafo.haselsteiner\/","https:\/\/www.youtube.com\/channel\/UCOJhfhsB-vUuG8v6kAf_HEQ\/videos","https:\/\/www.tiktok.com\/@haselsteiner"]}]}},"_links":{"self":[{"href":"https:\/\/www.hafo.co.at\/it\/wp-json\/wp\/v2\/pages\/1852","targetHints":{"allow":["GET"]}}],"collection":[{"href":"https:\/\/www.hafo.co.at\/it\/wp-json\/wp\/v2\/pages"}],"about":[{"href":"https:\/\/www.hafo.co.at\/it\/wp-json\/wp\/v2\/types\/page"}],"author":[{"embeddable":true,"href":"https:\/\/www.hafo.co.at\/it\/wp-json\/wp\/v2\/users\/2"}],"replies":[{"embeddable":true,"href":"https:\/\/www.hafo.co.at\/it\/wp-json\/wp\/v2\/comments?post=1852"}],"version-history":[{"count":1,"href":"https:\/\/www.hafo.co.at\/it\/wp-json\/wp\/v2\/pages\/1852\/revisions"}],"predecessor-version":[{"id":4187,"href":"https:\/\/www.hafo.co.at\/it\/wp-json\/wp\/v2\/pages\/1852\/revisions\/4187"}],"up":[{"embeddable":true,"href":"https:\/\/www.hafo.co.at\/it\/wp-json\/wp\/v2\/pages\/96"}],"wp:attachment":[{"href":"https:\/\/www.hafo.co.at\/it\/wp-json\/wp\/v2\/media?parent=1852"}],"curies":[{"name":"wp","href":"https:\/\/api.w.org\/{rel}","templated":true}]}}