{"id":241,"date":"2024-11-06T15:48:02","date_gmt":"2024-11-06T14:48:02","guid":{"rendered":"https:\/\/hafo.amore.raidberry.com\/?page_id=241"},"modified":"2026-02-17T11:50:53","modified_gmt":"2026-02-17T10:50:53","slug":"fragen-hilfswinde","status":"publish","type":"page","link":"https:\/\/www.hafo.co.at\/it\/hilfswinde\/fragen-hilfswinde\/","title":{"rendered":"Fragen Hilfswinde"},"content":{"rendered":"<h1>\n\t\t\tH\u00e4ufige Fragen und Support &#8211; Hilfswinde\t<\/h1>\n\t<h1>Tutorial | Impianto elettrico<\/h1>\n\t<p><strong>La tua domanda:\u00a0<\/strong><\/p>\n<ul>\n<li>I diodi non si accendono<\/li>\n<li>Si illumina solo un diodo<\/li>\n<li>Come si collega correttamente l'impianto elettrico?<\/li>\n<\/ul>\n<figure itemscope itemtype=\"https:\/\/schema.org\/ImageObject\">\n\t\t\t\t<a href=\"https:\/\/youtube.com\/shorts\/a_q2LlRO5Hw?feature=share\"  target=\"_blank\" rel=\"noopener\"  itemprop=\"url\">\n\t\t\t\t<img decoding=\"async\" src=\"https:\/\/www.hafo.co.at\/wp-content\/uploads\/2025\/09\/1.jpg\" alt=\"1\" height=\"730\" width=\"1366\" title=\"1\" onerror=\"this.style.display='none'\" loading=\"lazy\" \/>\n\t\t\t\t<\/a>\n\t<\/figure>\n\t<p><strong>La tua domanda:\u00a0<\/strong><\/p>\n<ul>\n<li>Come si collega il verricello ausiliario all'impianto elettrico?<\/li>\n<li>Ho un problema con l'impianto elettrico del verricello ausiliario.<\/li>\n<\/ul>\n<figure itemscope itemtype=\"https:\/\/schema.org\/ImageObject\">\n\t\t\t\t<a href=\"https:\/\/youtube.com\/shorts\/evaMpg56EVU?feature=share\"  target=\"_blank\" rel=\"noopener\"  itemprop=\"url\">\n\t\t\t\t<img decoding=\"async\" src=\"https:\/\/www.hafo.co.at\/wp-content\/uploads\/2025\/09\/2.jpg\" alt=\"2\" height=\"730\" width=\"1366\" title=\"2\" onerror=\"this.style.display='none'\" loading=\"lazy\" \/>\n\t\t\t\t<\/a>\n\t<\/figure>\n\t<h1>Tutorial | Corda in plastica<\/h1>\n\t<p><strong>La tua domanda:\u00a0<\/strong><\/p>\n<ul>\n<li>Come si monta la fune del verricello ausiliario HAFO?<\/li>\n<li>A cosa devo prestare attenzione quando infilo la corda?<\/li>\n<li>Come viene prodotto il pettine per corda?<\/li>\n<li>Come avvolgo la corda?<\/li>\n<li>Come posso evitare i problemi?<\/li>\n<\/ul>\n<figure itemscope itemtype=\"https:\/\/schema.org\/ImageObject\">\n\t\t\t\t<a href=\"https:\/\/youtube.com\/shorts\/uhp4zhZlktE?feature=share\"  target=\"_blank\" rel=\"noopener\"  itemprop=\"url\">\n\t\t\t\t<img decoding=\"async\" src=\"https:\/\/www.hafo.co.at\/wp-content\/uploads\/2025\/09\/3.jpg\" alt=\"3\" height=\"730\" width=\"1366\" title=\"3\" onerror=\"this.style.display='none'\" loading=\"lazy\" \/>\n\t\t\t\t<\/a>\n\t<\/figure>\n\t<p><strong>La tua domanda:\u00a0<\/strong><\/p>\n<ul>\n<li>Come procedere nel tiro alla fune con il verricello ausiliario HAFO?<\/li>\n<li>Come si collega la fune in plastica HAFO al verricello forestale?<\/li>\n<\/ul>\n<figure itemscope itemtype=\"https:\/\/schema.org\/ImageObject\">\n\t\t\t\t<a href=\"https:\/\/youtu.be\/zip2Ob_xUGw\"  target=\"_blank\" rel=\"noopener\"  itemprop=\"url\">\n\t\t\t\t<img decoding=\"async\" src=\"https:\/\/www.hafo.co.at\/wp-content\/uploads\/2025\/09\/5.jpg\" alt=\"5\" height=\"730\" width=\"1366\" title=\"5\" onerror=\"this.style.display='none'\" loading=\"lazy\" \/>\n\t\t\t\t<\/a>\n\t<\/figure>\n\t<p><strong>La tua domanda:\u00a0<\/strong><\/p>\n<ul>\n<li>Come riparare la corda in plastica HAFO?<\/li>\n<\/ul>\n<figure itemscope itemtype=\"https:\/\/schema.org\/ImageObject\">\n\t\t\t\t<a href=\"https:\/\/youtu.be\/eQa7tsDQwjM\"  target=\"_blank\" rel=\"noopener\"  itemprop=\"url\">\n\t\t\t\t<img decoding=\"async\" src=\"https:\/\/www.hafo.co.at\/wp-content\/uploads\/2025\/09\/4.jpg\" alt=\"4\" height=\"730\" width=\"1366\" title=\"4\" onerror=\"this.style.display='none'\" loading=\"lazy\" \/>\n\t\t\t\t<\/a>\n\t<\/figure>\n<h2>\n\t\t\tDomande frequenti\t<\/h2>\n\t\t\t\tIl verricello pu\u00f2 essere montato su qualsiasi verricello a cavo?\n\t\t\t\t\t<p>S\u00ec, \u00e8 possibile. Il produttore e l'et\u00e0 del verricello non sono di primaria importanza per noi.<\/p>\n\t\t\t\tHo bisogno della mia radio per azionare il verricello ausiliario?\n\t\t\t\t\t<p>In primo luogo, stiamo cercando di integrare il nostro sistema di verricelli in quello esistente. Le funzioni di Tod Mann sono destinate a questo scopo, come ad esempio: acceleratore + \/ -, regolazione dell'altezza della torre, avvio\/arresto se necessario, se queste funzioni non sono assegnate e sono assegnate tramite un interruttore a levetta che ritorna alla posizione neutra.<\/p>\n\t\t\t\tDi cosa ho bisogno per il funzionamento se, ad esempio, ho ancora gas +\/- libero?\n\t\t\t\t\t<p>In generale, sono necessari: WINDE + staffa + cavo + set di pulegge + blocco idraulico + tubo idraulico.<\/p>\n\t\t\t\tLa potenza di trazione \u00e8 sufficiente se il mio verricello ha una corda da 12 mm?\n\t\t\t\t\t<p>S\u00ec, questo \u00e8 sufficiente per il funzionamento regolare ed \u00e8 stato costantemente testato da noi nella pratica dal 2014.<\/p>\n\t\t\t\tPosso utilizzare il verricello anche per applicazioni professionali?\n\t\t\t\t\t<p>S\u00ec, assolutamente. Perch\u00e9 \u00e8 qui che si sperimenta in prima persona, giorno dopo giorno, quanto il verricello faciliti il lavoro. Ora ne dotiamo anche mietitrebbie, skidders e simili.<\/p>\n\t\t\t\tPosso rompere qualcosa se voglio tirare del legno piccolo con esso?\n\t\t\t\t\t<p>In linea di principio no, ma questo verricello \u00e8 stato costruito esclusivamente per essere utilizzato come verricello ausiliario per il tiro a fune -&gt; se volete un piccolo verricello per legname debole o per l'affidamento iniziale, date un'occhiata al nostro verricello SAPI.<\/p>\n\t\t\t\tPosso tirare le catene forestali direttamente con la corda?\n\t\t\t\t\t<p>S\u00ec, certo. Il nostro verricello \u00e8 stato costruito per essere veloce, efficiente e, soprattutto, delicato sul corpo.<\/p>\n\t\t\t\tPosso utilizzare anche un cavo d'acciaio?\n\t\t\t\t\t<p>In teoria s\u00ec, ma in pratica \u00e8 stato dimostrato che una corda di plastica (originariamente HAFO) rende l'operazione molto pi\u00f9 facile e quindi pi\u00f9 semplice.<\/p>\n\t\t\t\tPosso usare la mia corda sintetica?\n\t\t\t\t\t<p>Lo sconsigliamo vivamente!<\/p>\n<p>A questo scopo abbiamo fatto sviluppare una fune Dynema CAT 2 speciale con il nostro diametro.<\/p>\n\t\t\t\tCosa devo fare su un terreno roccioso se la corda sintetica si rompe?\n\t\t\t\t\t<p>Questo \u00e8 proprio uno dei vantaggi della nostra corda sintetica rispetto a un cavo d'acciaio, in quanto pu\u00f2 essere impiombata e nulla ostacola il proseguimento delle operazioni. Noi stessi lavoriamo molto su terreni rocciosi.<\/p>\n\t\t\t\tIl verricello ha una ruota libera?\n\t\t\t\t\t<p>No, non \u00e8 cos\u00ec. Rilasciamo attivamente la corda in entrambe le direzioni. Questo ha il vantaggio di non dover tirare alcun peso dalla corda su per la montagna. Un altro vantaggio \u00e8 che in seguito si pu\u00f2 controllare molto meglio la corda del vento.<\/p>\n\t\t\t\tDi quale collegamento idraulico ho bisogno?\n\t\t\t\t\t<p>Einen einfach wirkenden, mit drucklosem R\u00fccklauf, \u00fcber unseren Hydraulikblock. Es funktioniert auch mit Doppelwirkenden. Dazu muss nur richtig angeschlossen werden, &#8222;T&#8220; auf R\u00fccklauf.<\/p>\n\t<h2>Istruzioni da scaricare<\/h2>\n\t\t<p><a href=\"https:\/\/www.hafo.co.at\/wp-content\/uploads\/2026\/01\/Umbauhilfe-Tiger-Seilwinde-14.1.-2025.pdf\">Set di commutazione per la regolazione dell'altezza della torre | Verricello ausiliario per verricello Tiger<\/a><\/p>\n\t\t<p><a href=\"https:\/\/www.hafo.co.at\/wp-content\/uploads\/2026\/01\/ELCA-FUNK-Aktivieren.pdf\" target=\"_blank\" rel=\"noopener\">ELCA Funk aktivieren<\/a><\/p>\n\t\t\t<a href=\"https:\/\/www.hafo.co.at\/it\/argano-ausiliario\/\"  target=\"_self\">\n\t\t\t\t\t\t\tTorna alla pagina del prodotto\n\t\t\t\t\t<\/a>\n\t\t\t<a href=\"https:\/\/www.hafo.co.at\/it\/negozio\/\"  target=\"_self\">\n\t\t\t\t\t\t\tHilfswinde kaufen\n\t\t\t\t\t<\/a>","protected":false},"excerpt":{"rendered":"<p>H\u00e4ufige Fragen und Support &#8211; Hilfswinde Tutorials | Elektrik Deine Frage:\u00a0 Dioden am W\u00fcrfelstecker leuchten nicht Nur eine Diode leuchtet Wie wird die Elektrik richtig angeschlossen? Deine Frage:\u00a0 Wie schlie\u00dfe ich die Hilfswinde an die Elektrik an? Ich habe ein Problem mit der Elektrik der Hilfswinde Tutorials | Kunststoff-Seil Deine Frage:\u00a0 Wie montiere ich das&hellip;<\/p>","protected":false},"author":2,"featured_media":0,"parent":72,"menu_order":0,"comment_status":"closed","ping_status":"closed","template":"","meta":{"footnotes":""},"class_list":["post-241","page","type-page","status-publish","hentry"],"yoast_head":"<!-- This site is optimized with the Yoast SEO plugin v27.1.1 - https:\/\/yoast.com\/product\/yoast-seo-wordpress\/ -->\n<title>Fragen Hilfswinde - HAFO Forsttechnik<\/title>\n<meta name=\"description\" content=\"Fragen rund um das Thema Hilfswinde Hilfsseilwinde\" \/>\n<meta name=\"robots\" content=\"index, follow, max-snippet:-1, max-image-preview:large, max-video-preview:-1\" \/>\n<link rel=\"canonical\" href=\"https:\/\/www.hafo.co.at\/it\/argano-ausiliario\/fragen-hilfswinde\/\" \/>\n<meta property=\"og:locale\" content=\"it_IT\" \/>\n<meta property=\"og:type\" content=\"article\" \/>\n<meta property=\"og:title\" content=\"Fragen Hilfswinde - HAFO Forsttechnik\" \/>\n<meta property=\"og:description\" content=\"Fragen rund um das Thema Hilfswinde Hilfsseilwinde\" \/>\n<meta property=\"og:url\" content=\"https:\/\/www.hafo.co.at\/it\/argano-ausiliario\/fragen-hilfswinde\/\" \/>\n<meta property=\"og:site_name\" content=\"HAFO Forsttechnik\" \/>\n<meta property=\"article:publisher\" content=\"https:\/\/www.facebook.com\/p\/HAFO-100064275891778\/?locale=de_DE\" \/>\n<meta property=\"article:modified_time\" content=\"2026-02-17T10:50:53+00:00\" \/>\n<meta property=\"og:image\" content=\"https:\/\/www.hafo.co.at\/wp-content\/uploads\/2025\/09\/1.jpg\" \/>\n<meta name=\"twitter:card\" content=\"summary_large_image\" \/>\n<script type=\"application\/ld+json\" class=\"yoast-schema-graph\">{\"@context\":\"https:\/\/schema.org\",\"@graph\":[{\"@type\":\"WebPage\",\"@id\":\"https:\/\/www.hafo.co.at\/hilfswinde\/fragen-hilfswinde\/\",\"url\":\"https:\/\/www.hafo.co.at\/hilfswinde\/fragen-hilfswinde\/\",\"name\":\"Fragen Hilfswinde - HAFO Forsttechnik\",\"isPartOf\":{\"@id\":\"https:\/\/www.hafo.co.at\/#website\"},\"primaryImageOfPage\":{\"@id\":\"https:\/\/www.hafo.co.at\/hilfswinde\/fragen-hilfswinde\/#primaryimage\"},\"image\":{\"@id\":\"https:\/\/www.hafo.co.at\/hilfswinde\/fragen-hilfswinde\/#primaryimage\"},\"thumbnailUrl\":\"https:\/\/www.hafo.co.at\/wp-content\/uploads\/2025\/09\/1.jpg\",\"datePublished\":\"2024-11-06T14:48:02+00:00\",\"dateModified\":\"2026-02-17T10:50:53+00:00\",\"description\":\"Fragen rund um das Thema Hilfswinde Hilfsseilwinde\",\"breadcrumb\":{\"@id\":\"https:\/\/www.hafo.co.at\/hilfswinde\/fragen-hilfswinde\/#breadcrumb\"},\"inLanguage\":\"it-IT\",\"potentialAction\":[{\"@type\":\"ReadAction\",\"target\":[\"https:\/\/www.hafo.co.at\/hilfswinde\/fragen-hilfswinde\/\"]}]},{\"@type\":\"ImageObject\",\"inLanguage\":\"it-IT\",\"@id\":\"https:\/\/www.hafo.co.at\/hilfswinde\/fragen-hilfswinde\/#primaryimage\",\"url\":\"https:\/\/www.hafo.co.at\/wp-content\/uploads\/2025\/09\/1.jpg\",\"contentUrl\":\"https:\/\/www.hafo.co.at\/wp-content\/uploads\/2025\/09\/1.jpg\"},{\"@type\":\"BreadcrumbList\",\"@id\":\"https:\/\/www.hafo.co.at\/hilfswinde\/fragen-hilfswinde\/#breadcrumb\",\"itemListElement\":[{\"@type\":\"ListItem\",\"position\":1,\"name\":\"Startseite\",\"item\":\"https:\/\/www.hafo.co.at\/\"},{\"@type\":\"ListItem\",\"position\":2,\"name\":\"Hilfswinde\",\"item\":\"https:\/\/www.hafo.co.at\/hilfswinde\/\"},{\"@type\":\"ListItem\",\"position\":3,\"name\":\"Fragen Hilfswinde\"}]},{\"@type\":\"WebSite\",\"@id\":\"https:\/\/www.hafo.co.at\/#website\",\"url\":\"https:\/\/www.hafo.co.at\/\",\"name\":\"HAFO Forsttechnik\",\"description\":\"HAFO Hilfswinden HAFO Sapiwinden, aus Tradition in die Zukunft\",\"publisher\":{\"@id\":\"https:\/\/www.hafo.co.at\/#organization\"},\"alternateName\":\"Haselsteiner Forsttechnik\",\"potentialAction\":[{\"@type\":\"SearchAction\",\"target\":{\"@type\":\"EntryPoint\",\"urlTemplate\":\"https:\/\/www.hafo.co.at\/?s={search_term_string}\"},\"query-input\":{\"@type\":\"PropertyValueSpecification\",\"valueRequired\":true,\"valueName\":\"search_term_string\"}}],\"inLanguage\":\"it-IT\"},{\"@type\":\"Organization\",\"@id\":\"https:\/\/www.hafo.co.at\/#organization\",\"name\":\"HAFO Forsttechnik\",\"url\":\"https:\/\/www.hafo.co.at\/\",\"logo\":{\"@type\":\"ImageObject\",\"inLanguage\":\"it-IT\",\"@id\":\"https:\/\/www.hafo.co.at\/#\/schema\/logo\/image\/\",\"url\":\"https:\/\/www.hafo.co.at\/wp-content\/uploads\/2025\/01\/Icon.png\",\"contentUrl\":\"https:\/\/www.hafo.co.at\/wp-content\/uploads\/2025\/01\/Icon.png\",\"width\":1080,\"height\":1080,\"caption\":\"HAFO Forsttechnik\"},\"image\":{\"@id\":\"https:\/\/www.hafo.co.at\/#\/schema\/logo\/image\/\"},\"sameAs\":[\"https:\/\/www.facebook.com\/p\/HAFO-100064275891778\/?locale=de_DE\",\"https:\/\/www.instagram.com\/hafo.haselsteiner\/\",\"https:\/\/www.youtube.com\/channel\/UCOJhfhsB-vUuG8v6kAf_HEQ\/videos\",\"https:\/\/www.tiktok.com\/@haselsteiner\"]}]}<\/script>\n<!-- \/ Yoast SEO plugin. -->","yoast_head_json":{"title":"Fragen Hilfswinde - HAFO Forsttechnik","description":"Fragen rund um das Thema Hilfswinde Hilfsseilwinde","robots":{"index":"index","follow":"follow","max-snippet":"max-snippet:-1","max-image-preview":"max-image-preview:large","max-video-preview":"max-video-preview:-1"},"canonical":"https:\/\/www.hafo.co.at\/it\/argano-ausiliario\/fragen-hilfswinde\/","og_locale":"it_IT","og_type":"article","og_title":"Fragen Hilfswinde - HAFO Forsttechnik","og_description":"Fragen rund um das Thema Hilfswinde Hilfsseilwinde","og_url":"https:\/\/www.hafo.co.at\/it\/argano-ausiliario\/fragen-hilfswinde\/","og_site_name":"HAFO Forsttechnik","article_publisher":"https:\/\/www.facebook.com\/p\/HAFO-100064275891778\/?locale=de_DE","article_modified_time":"2026-02-17T10:50:53+00:00","og_image":[{"url":"https:\/\/www.hafo.co.at\/wp-content\/uploads\/2025\/09\/1.jpg","type":"","width":"","height":""}],"twitter_card":"summary_large_image","schema":{"@context":"https:\/\/schema.org","@graph":[{"@type":"WebPage","@id":"https:\/\/www.hafo.co.at\/hilfswinde\/fragen-hilfswinde\/","url":"https:\/\/www.hafo.co.at\/hilfswinde\/fragen-hilfswinde\/","name":"Fragen Hilfswinde - HAFO Forsttechnik","isPartOf":{"@id":"https:\/\/www.hafo.co.at\/#website"},"primaryImageOfPage":{"@id":"https:\/\/www.hafo.co.at\/hilfswinde\/fragen-hilfswinde\/#primaryimage"},"image":{"@id":"https:\/\/www.hafo.co.at\/hilfswinde\/fragen-hilfswinde\/#primaryimage"},"thumbnailUrl":"https:\/\/www.hafo.co.at\/wp-content\/uploads\/2025\/09\/1.jpg","datePublished":"2024-11-06T14:48:02+00:00","dateModified":"2026-02-17T10:50:53+00:00","description":"Fragen rund um das Thema Hilfswinde Hilfsseilwinde","breadcrumb":{"@id":"https:\/\/www.hafo.co.at\/hilfswinde\/fragen-hilfswinde\/#breadcrumb"},"inLanguage":"it-IT","potentialAction":[{"@type":"ReadAction","target":["https:\/\/www.hafo.co.at\/hilfswinde\/fragen-hilfswinde\/"]}]},{"@type":"ImageObject","inLanguage":"it-IT","@id":"https:\/\/www.hafo.co.at\/hilfswinde\/fragen-hilfswinde\/#primaryimage","url":"https:\/\/www.hafo.co.at\/wp-content\/uploads\/2025\/09\/1.jpg","contentUrl":"https:\/\/www.hafo.co.at\/wp-content\/uploads\/2025\/09\/1.jpg"},{"@type":"BreadcrumbList","@id":"https:\/\/www.hafo.co.at\/hilfswinde\/fragen-hilfswinde\/#breadcrumb","itemListElement":[{"@type":"ListItem","position":1,"name":"Startseite","item":"https:\/\/www.hafo.co.at\/"},{"@type":"ListItem","position":2,"name":"Hilfswinde","item":"https:\/\/www.hafo.co.at\/hilfswinde\/"},{"@type":"ListItem","position":3,"name":"Fragen Hilfswinde"}]},{"@type":"WebSite","@id":"https:\/\/www.hafo.co.at\/#website","url":"https:\/\/www.hafo.co.at\/","name":"Tecnologia forestale HAFO","description":"HAFO Hilfswinden HAFO Sapiwinden, aus Tradition in die Zukunft","publisher":{"@id":"https:\/\/www.hafo.co.at\/#organization"},"alternateName":"Haselsteiner Forsttechnik","potentialAction":[{"@type":"SearchAction","target":{"@type":"EntryPoint","urlTemplate":"https:\/\/www.hafo.co.at\/?s={search_term_string}"},"query-input":{"@type":"PropertyValueSpecification","valueRequired":true,"valueName":"search_term_string"}}],"inLanguage":"it-IT"},{"@type":"Organization","@id":"https:\/\/www.hafo.co.at\/#organization","name":"Tecnologia forestale HAFO","url":"https:\/\/www.hafo.co.at\/","logo":{"@type":"ImageObject","inLanguage":"it-IT","@id":"https:\/\/www.hafo.co.at\/#\/schema\/logo\/image\/","url":"https:\/\/www.hafo.co.at\/wp-content\/uploads\/2025\/01\/Icon.png","contentUrl":"https:\/\/www.hafo.co.at\/wp-content\/uploads\/2025\/01\/Icon.png","width":1080,"height":1080,"caption":"HAFO Forsttechnik"},"image":{"@id":"https:\/\/www.hafo.co.at\/#\/schema\/logo\/image\/"},"sameAs":["https:\/\/www.facebook.com\/p\/HAFO-100064275891778\/?locale=de_DE","https:\/\/www.instagram.com\/hafo.haselsteiner\/","https:\/\/www.youtube.com\/channel\/UCOJhfhsB-vUuG8v6kAf_HEQ\/videos","https:\/\/www.tiktok.com\/@haselsteiner"]}]}},"_links":{"self":[{"href":"https:\/\/www.hafo.co.at\/it\/wp-json\/wp\/v2\/pages\/241","targetHints":{"allow":["GET"]}}],"collection":[{"href":"https:\/\/www.hafo.co.at\/it\/wp-json\/wp\/v2\/pages"}],"about":[{"href":"https:\/\/www.hafo.co.at\/it\/wp-json\/wp\/v2\/types\/page"}],"author":[{"embeddable":true,"href":"https:\/\/www.hafo.co.at\/it\/wp-json\/wp\/v2\/users\/2"}],"replies":[{"embeddable":true,"href":"https:\/\/www.hafo.co.at\/it\/wp-json\/wp\/v2\/comments?post=241"}],"version-history":[{"count":11,"href":"https:\/\/www.hafo.co.at\/it\/wp-json\/wp\/v2\/pages\/241\/revisions"}],"predecessor-version":[{"id":5056,"href":"https:\/\/www.hafo.co.at\/it\/wp-json\/wp\/v2\/pages\/241\/revisions\/5056"}],"up":[{"embeddable":true,"href":"https:\/\/www.hafo.co.at\/it\/wp-json\/wp\/v2\/pages\/72"}],"wp:attachment":[{"href":"https:\/\/www.hafo.co.at\/it\/wp-json\/wp\/v2\/media?parent=241"}],"curies":[{"name":"wp","href":"https:\/\/api.w.org\/{rel}","templated":true}]}}