{"id":2956,"date":"2025-05-21T08:13:06","date_gmt":"2025-05-21T06:13:06","guid":{"rendered":"https:\/\/www.hafo.co.at\/?page_id=2956"},"modified":"2025-09-17T09:50:00","modified_gmt":"2025-09-17T07:50:00","slug":"ritter-seilwinden","status":"publish","type":"page","link":"https:\/\/www.hafo.co.at\/it\/ritter-seilwinden\/","title":{"rendered":"Ritter"},"content":{"rendered":"<img decoding=\"async\" src=\"https:\/\/www.hafo.co.at\/wp-content\/uploads\/2025\/05\/Weiss-Rosa-Virtuelle-Assistentin-Modern-Professionell-LinkedIn-Titelbil.png\" alt=\"Wei\u00df Rosa Virtuelle Assistentin Modern Professionell LinkedIn Titelbil\" itemprop=\"image\" height=\"396\" width=\"1584\" title=\"Wei\u00df Rosa Virtuelle Assistentin Modern Professionell LinkedIn Titelbil\" onerror=\"this.style.display='none'\" loading='lazy' \/>\n\t\t<h1>Argani a fune Ritter<\/h1>\t\n\t<h2><b>LA SOLUZIONE OTTIMALE PER IL VOSTRO VEICOLO<\/b><\/h2>\n\t\t<p>Grazie alla progettazione modulare, Ritter Maschinenbau offre il verricello ottimale per ogni veicolo. L'utilizzo di acciai a grana fine ad alta resistenza consente di ottenere vantaggi come la compattezza, il peso morto ridotto e la durata. Le piastre posteriori, estremamente stabili, sono disponibili in varie larghezze. La possibilit\u00e0 di utilizzare olio biodegradabile \u00e8 particolarmente ecologica. Su richiesta, i nostri argani possono anche essere azionati idraulicamente.<\/p>\n\t\t<p><strong>Caratteristiche di sicurezza<\/strong><\/p>\n<p>Controllo preciso dell'argano grazie alla sovrapposizione della frizione e del freno. Il cavo rimane quindi sempre in tensione sotto carico (problema dell'abbattimento degli alberi). Il freno viene rilasciato solo quando la frizione \u00e8 completamente inserita. In questo modo si evita che il carico si allenti o che l'argano si sovraccarichi. I tamburi con cuscinetti a sfera costantemente lubrificati assicurano che la fune possa essere estratta facilmente in qualsiasi momento.<\/p>\n\t\t\t<h3> I nostri vantaggi<\/h3>\t\t\n\t\t\t <p>Riduttore a vite senza fine<\/p>\t\t\n\t\t\t <p>Frizione a dischi multipli<\/p>\t\t\n\t\t\t <p>Espulsione della corda in combinazione con <strong>freno di ingresso fune<\/strong><\/p>\t\t\n\t\t\t <p>espulsione della fune con\u00a0<strong>Due rulli di pressione integrati<\/strong><\/p>\t\t\n\t\t\t <p><strong>baricentro basso<\/strong>\u00a0der Winde<\/p>\t\t\n\t\t\t <p><strong>Albero cardanico DUO<\/strong>\u00a0per montaggio anteriore e posteriore<\/p>\t\t\n\t\t\t <p>Le cassette degli attrezzi con coperchio sono\u00a0<strong>standard<\/strong><\/p>\t\t\n\t\t\t\t<img decoding=\"async\" src=\"https:\/\/www.hafo.co.at\/wp-content\/uploads\/2025\/05\/duplexantrieb-300x300.jpg\" alt=\"duplexantrieb\" itemprop=\"image\" height=\"300\" width=\"300\" title=\"duplexantrieb\" onerror=\"this.style.display='none'\" loading='lazy' \/>\n\t\t\t\t<img decoding=\"async\" src=\"https:\/\/www.hafo.co.at\/wp-content\/uploads\/2025\/05\/seilauswurf2.jpg-300x300.webp\" alt=\"seilauswurf2.jpg\" itemprop=\"image\" height=\"300\" width=\"300\" title=\"seilauswurf2.jpg\" onerror=\"this.style.display='none'\" loading='lazy' \/>\n\t\t\t\t<img decoding=\"async\" src=\"https:\/\/www.hafo.co.at\/wp-content\/uploads\/2025\/05\/seilauswurf.jpg-300x300.webp\" alt=\"seilauswurf.jpg\" itemprop=\"image\" height=\"300\" width=\"300\" title=\"seilauswurf.jpg\" onerror=\"this.style.display='none'\" loading='lazy' \/>\n\t\t\t\t<img decoding=\"async\" src=\"https:\/\/www.hafo.co.at\/wp-content\/uploads\/2025\/05\/hydraulikpumpe.jpg-300x300.webp\" alt=\"hydraulikpumpe.jpg\" itemprop=\"image\" height=\"300\" width=\"300\" title=\"hydraulikpumpe.jpg\" onerror=\"this.style.display='none'\" loading='lazy' \/>\n\t\t\t\t<img decoding=\"async\" src=\"https:\/\/www.hafo.co.at\/wp-content\/uploads\/2025\/05\/handsteuertafel.jpg-300x300.webp\" alt=\"handsteuertafel.jpg\" itemprop=\"image\" height=\"300\" width=\"300\" title=\"handsteuertafel.jpg\" onerror=\"this.style.display='none'\" loading='lazy' \/>\n\t\t\t\t<img decoding=\"async\" src=\"https:\/\/www.hafo.co.at\/wp-content\/uploads\/2025\/05\/lamellenkupplung.jpg-300x300.webp\" alt=\"lamellenkupplung.jpg\" itemprop=\"image\" height=\"300\" width=\"300\" title=\"lamellenkupplung.jpg\" onerror=\"this.style.display='none'\" loading='lazy' \/>\n\t\t\t\t<img decoding=\"async\" src=\"https:\/\/www.hafo.co.at\/wp-content\/uploads\/2025\/05\/bandbremse.jpg-300x300.webp\" alt=\"bandbremse.jpg\" itemprop=\"image\" height=\"300\" width=\"300\" title=\"bandbremse.jpg\" onerror=\"this.style.display='none'\" loading='lazy' \/>\n\t\t\t\t<img decoding=\"async\" src=\"https:\/\/www.hafo.co.at\/wp-content\/uploads\/2025\/05\/werkzeugkiste.jpg-300x300.webp\" alt=\"werkzeugkiste.jpg\" itemprop=\"image\" height=\"300\" width=\"300\" title=\"werkzeugkiste.jpg\" onerror=\"this.style.display='none'\" loading='lazy' \/>\n\t\t<h1>CARICATORE FRONTALE RITTER\u00a0<\/h1><h1><b>per un carico ottimale<\/b><\/h1>\n\t\t\t\t<img decoding=\"async\" src=\"https:\/\/www.hafo.co.at\/wp-content\/uploads\/2025\/05\/Frontkrangreifer-600x874.webp\" alt=\"Frontkrangreifer\" itemprop=\"image\" height=\"874\" width=\"600\" title=\"Frontkrangreifer\" onerror=\"this.style.display='none'\" loading='lazy' \/>\n\t<h3><strong>Versatile nell'uso<\/strong><\/h3>\n<p>&nbsp;<\/p>\n<p class=\"translation-block\">Le grappin pour chargeur frontal convient pour le chargement de grumes, le d\u00e9bardage, le nettoyage de surfaces ou le transport de fagots de bois. Adapt\u00e9 au chargeur frontal, le grappin pour chargeur frontal permet de transporter, de polderiser et de charger des grumes sans aide ext\u00e9rieure. Il devient ainsi un auxiliaire indispensable pour les exploitations foresti\u00e8res, les transformateurs de bois de chauffage, les paysagistes et les entreprises communales.<\/p>\n<p>Dank einer\u00a0<strong>speziellen Galgen-Konstruktion<\/strong> La pinza per caricatore frontale \u00e8 adatta per il carico di tronchi, per lavori di spedizione, per lo sgombero di aree o per il trasporto di fasci di legname. Adatta agli accessori per caricatori frontali, la pinza per caricatori frontali consente di trasportare, accatastare e caricare i tronchi senza bisogno di aiuto esterno. Questo la rende un aiuto indispensabile per le operazioni forestali, per i trasformatori di legna da ardere, per i giardinieri e i paesaggisti e per le aziende municipali.\n\nGrazie allo speciale design del braccio del produttore tedesco di qualit\u00e0 Ritter Maschinen, la pinza per legname pu\u00f2 essere utilizzata efficacemente su caricatori frontali, caricatori da cantiere, sollevatori telescopici o pale gommate per lavori di carico e trasporto. La pinza per caricatori frontali di Ritter \u00e8 dotata di un giunto girevole meccanico o di un rotatore idraulico e funziona quindi in modo simile a una gru forestale o di spedizione.<\/p>\n<p>&nbsp;<\/p>\n<p>&nbsp;<\/p>\n\t<h3><strong>massima flessibilit\u00e0<\/strong><\/h3>\n<p>&nbsp;<\/p>\n<p class=\"translation-block\">La scelta della pinza per tronchi e del rotatore dipende interamente dalle dimensioni del supporto e dal rispettivo campo di applicazione. Il caricatore frontale e l'esclusivo design modulare del sistema garantiscono la massima flessibilit\u00e0.<\/p>\n<p class=\"translation-block\">I telai delle pinze per caricatori frontali Ritter sono estremamente stabili e hanno dimostrato la loro validit\u00e0 nella pratica molte volte. L'acciaio di qualit\u00e0 garantisce una costruzione robusta con il minor peso morto possibile.<\/p>\n<p>&nbsp;<\/p>\n<p>&nbsp;<\/p>\n<p>&nbsp;<\/p>\n<p>&nbsp;<\/p>\n<p>&nbsp;<\/p>\n<p>&nbsp;<\/p>\n\t\t\t<a href=\"mailto:anfrage@hafo.co.at\" target=\"_self\">\n\t\t\t\t\t\t\trichiedi ora\n\t\t\t\t\t<\/a>\n\t\t\t<a href=\"https:\/\/www.ritter-maschinen.com\/wp-content\/uploads\/2024\/04\/RITTER-Forstpreisliste-2024-DE.pdf\" target=\"_self\">\n\t\t\t\t\t\t\tal catalogo\n\t\t\t\t\t<\/a>\n\t\t\t<h3> Al sito web<\/h3> <p><a href=\"https:\/\/www.ritter-maschinen.com\/forsttechnik\/anbauwinden\/\">Anbauwinden &#8211; Ritter Maschinen<\/a><\/p>\t\t\n\t\t<p><strong>In Austria, gli argani a fune Ritter sono rappresentati in esclusiva da HAFO. Non esitate a visitare il nostro showroom o a chiedere una consulenza personale!<\/strong><\/p>","protected":false},"excerpt":{"rendered":"<p>RITTER SEILWINDEN DIE OPTIMALE L\u00d6SUNG F\u00dcR IHR FAHRZEUG Mit Hilfe modularer Bauweise bietet Ritter Maschinenbau die optimale Winde f\u00fcr jedes Fahrzeug. Durch die Verwendung von hochfesten Feinkornst\u00e4hlen werden Vorteile wie kompakte Bauweise, geringes Eigengewicht und Langlebigkeit erreicht. Die extrem stabilen R\u00fcckeschilder sind in verschiedenen Breiten erh\u00e4ltlich. Besonders umweltfreundlich ist die M\u00f6glichkeit der Verwendung von biologisch&hellip;<\/p>","protected":false},"author":3,"featured_media":0,"parent":0,"menu_order":0,"comment_status":"closed","ping_status":"closed","template":"","meta":{"footnotes":""},"class_list":["post-2956","page","type-page","status-publish","hentry"],"yoast_head":"<!-- This site is optimized with the Yoast SEO plugin v27.1.1 - https:\/\/yoast.com\/product\/yoast-seo-wordpress\/ -->\n<title>Ritter Seilwinden - HAFO Forsttechnik<\/title>\n<meta name=\"description\" content=\"Ritter Seilwinden f\u00fcr die HAFO Hilfswinde\" \/>\n<meta name=\"robots\" content=\"index, follow, max-snippet:-1, max-image-preview:large, max-video-preview:-1\" \/>\n<link rel=\"canonical\" href=\"https:\/\/www.hafo.co.at\/it\/ritter-seilwinden\/\" \/>\n<meta property=\"og:locale\" content=\"it_IT\" \/>\n<meta property=\"og:type\" content=\"article\" \/>\n<meta property=\"og:title\" content=\"Ritter Seilwinden - HAFO Forsttechnik\" \/>\n<meta property=\"og:description\" content=\"Ritter Seilwinden f\u00fcr die HAFO Hilfswinde\" \/>\n<meta property=\"og:url\" content=\"https:\/\/www.hafo.co.at\/it\/ritter-seilwinden\/\" \/>\n<meta property=\"og:site_name\" content=\"HAFO Forsttechnik\" \/>\n<meta property=\"article:publisher\" content=\"https:\/\/www.facebook.com\/p\/HAFO-100064275891778\/?locale=de_DE\" \/>\n<meta property=\"article:modified_time\" content=\"2025-09-17T07:50:00+00:00\" \/>\n<meta property=\"og:image\" content=\"https:\/\/www.hafo.co.at\/wp-content\/uploads\/2025\/05\/Weiss-Rosa-Virtuelle-Assistentin-Modern-Professionell-LinkedIn-Titelbil.png\" \/>\n<meta name=\"twitter:card\" content=\"summary_large_image\" \/>\n<script type=\"application\/ld+json\" class=\"yoast-schema-graph\">{\"@context\":\"https:\/\/schema.org\",\"@graph\":[{\"@type\":\"WebPage\",\"@id\":\"https:\/\/www.hafo.co.at\/ritter-seilwinden\/\",\"url\":\"https:\/\/www.hafo.co.at\/ritter-seilwinden\/\",\"name\":\"Ritter Seilwinden - HAFO Forsttechnik\",\"isPartOf\":{\"@id\":\"https:\/\/www.hafo.co.at\/#website\"},\"primaryImageOfPage\":{\"@id\":\"https:\/\/www.hafo.co.at\/ritter-seilwinden\/#primaryimage\"},\"image\":{\"@id\":\"https:\/\/www.hafo.co.at\/ritter-seilwinden\/#primaryimage\"},\"thumbnailUrl\":\"https:\/\/www.hafo.co.at\/wp-content\/uploads\/2025\/05\/Weiss-Rosa-Virtuelle-Assistentin-Modern-Professionell-LinkedIn-Titelbil.png\",\"datePublished\":\"2025-05-21T06:13:06+00:00\",\"dateModified\":\"2025-09-17T07:50:00+00:00\",\"description\":\"Ritter Seilwinden f\u00fcr die HAFO Hilfswinde\",\"breadcrumb\":{\"@id\":\"https:\/\/www.hafo.co.at\/ritter-seilwinden\/#breadcrumb\"},\"inLanguage\":\"it-IT\",\"potentialAction\":[{\"@type\":\"ReadAction\",\"target\":[\"https:\/\/www.hafo.co.at\/ritter-seilwinden\/\"]}]},{\"@type\":\"ImageObject\",\"inLanguage\":\"it-IT\",\"@id\":\"https:\/\/www.hafo.co.at\/ritter-seilwinden\/#primaryimage\",\"url\":\"https:\/\/www.hafo.co.at\/wp-content\/uploads\/2025\/05\/Weiss-Rosa-Virtuelle-Assistentin-Modern-Professionell-LinkedIn-Titelbil.png\",\"contentUrl\":\"https:\/\/www.hafo.co.at\/wp-content\/uploads\/2025\/05\/Weiss-Rosa-Virtuelle-Assistentin-Modern-Professionell-LinkedIn-Titelbil.png\"},{\"@type\":\"BreadcrumbList\",\"@id\":\"https:\/\/www.hafo.co.at\/ritter-seilwinden\/#breadcrumb\",\"itemListElement\":[{\"@type\":\"ListItem\",\"position\":1,\"name\":\"Startseite\",\"item\":\"https:\/\/www.hafo.co.at\/\"},{\"@type\":\"ListItem\",\"position\":2,\"name\":\"Ritter Seilwinden\"}]},{\"@type\":\"WebSite\",\"@id\":\"https:\/\/www.hafo.co.at\/#website\",\"url\":\"https:\/\/www.hafo.co.at\/\",\"name\":\"HAFO Forsttechnik\",\"description\":\"HAFO Hilfswinden HAFO Sapiwinden, aus Tradition in die Zukunft\",\"publisher\":{\"@id\":\"https:\/\/www.hafo.co.at\/#organization\"},\"alternateName\":\"Haselsteiner Forsttechnik\",\"potentialAction\":[{\"@type\":\"SearchAction\",\"target\":{\"@type\":\"EntryPoint\",\"urlTemplate\":\"https:\/\/www.hafo.co.at\/?s={search_term_string}\"},\"query-input\":{\"@type\":\"PropertyValueSpecification\",\"valueRequired\":true,\"valueName\":\"search_term_string\"}}],\"inLanguage\":\"it-IT\"},{\"@type\":\"Organization\",\"@id\":\"https:\/\/www.hafo.co.at\/#organization\",\"name\":\"HAFO Forsttechnik\",\"url\":\"https:\/\/www.hafo.co.at\/\",\"logo\":{\"@type\":\"ImageObject\",\"inLanguage\":\"it-IT\",\"@id\":\"https:\/\/www.hafo.co.at\/#\/schema\/logo\/image\/\",\"url\":\"https:\/\/www.hafo.co.at\/wp-content\/uploads\/2025\/01\/Icon.png\",\"contentUrl\":\"https:\/\/www.hafo.co.at\/wp-content\/uploads\/2025\/01\/Icon.png\",\"width\":1080,\"height\":1080,\"caption\":\"HAFO Forsttechnik\"},\"image\":{\"@id\":\"https:\/\/www.hafo.co.at\/#\/schema\/logo\/image\/\"},\"sameAs\":[\"https:\/\/www.facebook.com\/p\/HAFO-100064275891778\/?locale=de_DE\",\"https:\/\/www.instagram.com\/hafo.haselsteiner\/\",\"https:\/\/www.youtube.com\/channel\/UCOJhfhsB-vUuG8v6kAf_HEQ\/videos\",\"https:\/\/www.tiktok.com\/@haselsteiner\"]}]}<\/script>\n<!-- \/ Yoast SEO plugin. -->","yoast_head_json":{"title":"Ritter Seilwinden - HAFO Forsttechnik","description":"Ritter Seilwinden f\u00fcr die HAFO Hilfswinde","robots":{"index":"index","follow":"follow","max-snippet":"max-snippet:-1","max-image-preview":"max-image-preview:large","max-video-preview":"max-video-preview:-1"},"canonical":"https:\/\/www.hafo.co.at\/it\/ritter-seilwinden\/","og_locale":"it_IT","og_type":"article","og_title":"Ritter Seilwinden - HAFO Forsttechnik","og_description":"Ritter Seilwinden f\u00fcr die HAFO Hilfswinde","og_url":"https:\/\/www.hafo.co.at\/it\/ritter-seilwinden\/","og_site_name":"HAFO Forsttechnik","article_publisher":"https:\/\/www.facebook.com\/p\/HAFO-100064275891778\/?locale=de_DE","article_modified_time":"2025-09-17T07:50:00+00:00","og_image":[{"url":"https:\/\/www.hafo.co.at\/wp-content\/uploads\/2025\/05\/Weiss-Rosa-Virtuelle-Assistentin-Modern-Professionell-LinkedIn-Titelbil.png","type":"","width":"","height":""}],"twitter_card":"summary_large_image","schema":{"@context":"https:\/\/schema.org","@graph":[{"@type":"WebPage","@id":"https:\/\/www.hafo.co.at\/ritter-seilwinden\/","url":"https:\/\/www.hafo.co.at\/ritter-seilwinden\/","name":"Ritter Seilwinden - HAFO Forsttechnik","isPartOf":{"@id":"https:\/\/www.hafo.co.at\/#website"},"primaryImageOfPage":{"@id":"https:\/\/www.hafo.co.at\/ritter-seilwinden\/#primaryimage"},"image":{"@id":"https:\/\/www.hafo.co.at\/ritter-seilwinden\/#primaryimage"},"thumbnailUrl":"https:\/\/www.hafo.co.at\/wp-content\/uploads\/2025\/05\/Weiss-Rosa-Virtuelle-Assistentin-Modern-Professionell-LinkedIn-Titelbil.png","datePublished":"2025-05-21T06:13:06+00:00","dateModified":"2025-09-17T07:50:00+00:00","description":"Ritter Seilwinden f\u00fcr die HAFO Hilfswinde","breadcrumb":{"@id":"https:\/\/www.hafo.co.at\/ritter-seilwinden\/#breadcrumb"},"inLanguage":"it-IT","potentialAction":[{"@type":"ReadAction","target":["https:\/\/www.hafo.co.at\/ritter-seilwinden\/"]}]},{"@type":"ImageObject","inLanguage":"it-IT","@id":"https:\/\/www.hafo.co.at\/ritter-seilwinden\/#primaryimage","url":"https:\/\/www.hafo.co.at\/wp-content\/uploads\/2025\/05\/Weiss-Rosa-Virtuelle-Assistentin-Modern-Professionell-LinkedIn-Titelbil.png","contentUrl":"https:\/\/www.hafo.co.at\/wp-content\/uploads\/2025\/05\/Weiss-Rosa-Virtuelle-Assistentin-Modern-Professionell-LinkedIn-Titelbil.png"},{"@type":"BreadcrumbList","@id":"https:\/\/www.hafo.co.at\/ritter-seilwinden\/#breadcrumb","itemListElement":[{"@type":"ListItem","position":1,"name":"Startseite","item":"https:\/\/www.hafo.co.at\/"},{"@type":"ListItem","position":2,"name":"Ritter Seilwinden"}]},{"@type":"WebSite","@id":"https:\/\/www.hafo.co.at\/#website","url":"https:\/\/www.hafo.co.at\/","name":"Tecnologia forestale HAFO","description":"HAFO Hilfswinden HAFO Sapiwinden, aus Tradition in die Zukunft","publisher":{"@id":"https:\/\/www.hafo.co.at\/#organization"},"alternateName":"Haselsteiner Forsttechnik","potentialAction":[{"@type":"SearchAction","target":{"@type":"EntryPoint","urlTemplate":"https:\/\/www.hafo.co.at\/?s={search_term_string}"},"query-input":{"@type":"PropertyValueSpecification","valueRequired":true,"valueName":"search_term_string"}}],"inLanguage":"it-IT"},{"@type":"Organization","@id":"https:\/\/www.hafo.co.at\/#organization","name":"Tecnologia forestale HAFO","url":"https:\/\/www.hafo.co.at\/","logo":{"@type":"ImageObject","inLanguage":"it-IT","@id":"https:\/\/www.hafo.co.at\/#\/schema\/logo\/image\/","url":"https:\/\/www.hafo.co.at\/wp-content\/uploads\/2025\/01\/Icon.png","contentUrl":"https:\/\/www.hafo.co.at\/wp-content\/uploads\/2025\/01\/Icon.png","width":1080,"height":1080,"caption":"HAFO Forsttechnik"},"image":{"@id":"https:\/\/www.hafo.co.at\/#\/schema\/logo\/image\/"},"sameAs":["https:\/\/www.facebook.com\/p\/HAFO-100064275891778\/?locale=de_DE","https:\/\/www.instagram.com\/hafo.haselsteiner\/","https:\/\/www.youtube.com\/channel\/UCOJhfhsB-vUuG8v6kAf_HEQ\/videos","https:\/\/www.tiktok.com\/@haselsteiner"]}]}},"_links":{"self":[{"href":"https:\/\/www.hafo.co.at\/it\/wp-json\/wp\/v2\/pages\/2956","targetHints":{"allow":["GET"]}}],"collection":[{"href":"https:\/\/www.hafo.co.at\/it\/wp-json\/wp\/v2\/pages"}],"about":[{"href":"https:\/\/www.hafo.co.at\/it\/wp-json\/wp\/v2\/types\/page"}],"author":[{"embeddable":true,"href":"https:\/\/www.hafo.co.at\/it\/wp-json\/wp\/v2\/users\/3"}],"replies":[{"embeddable":true,"href":"https:\/\/www.hafo.co.at\/it\/wp-json\/wp\/v2\/comments?post=2956"}],"version-history":[{"count":11,"href":"https:\/\/www.hafo.co.at\/it\/wp-json\/wp\/v2\/pages\/2956\/revisions"}],"predecessor-version":[{"id":3170,"href":"https:\/\/www.hafo.co.at\/it\/wp-json\/wp\/v2\/pages\/2956\/revisions\/3170"}],"wp:attachment":[{"href":"https:\/\/www.hafo.co.at\/it\/wp-json\/wp\/v2\/media?parent=2956"}],"curies":[{"name":"wp","href":"https:\/\/api.w.org\/{rel}","templated":true}]}}